{"id":3045221,"date":"2025-11-18T07:43:28","date_gmt":"2025-11-18T06:43:28","guid":{"rendered":"https:\/\/streetmarkets.fr\/app\/produit\/boucles-n936-marie-laure-chamorel\/"},"modified":"2026-05-10T08:39:01","modified_gmt":"2026-05-10T06:39:01","slug":"boucles-n936-marie-laure-chamorel","status":"publish","type":"product","link":"https:\/\/streetmarkets.fr\/app\/produit\/boucles-n936-marie-laure-chamorel\/","title":{"rendered":"Boucles n\u00b0936 &#8211; Marie Laure Chamorel"},"content":{"rendered":"<p><span>Paire de boucles d&#8217;oreilles bicolores en argent 925, compos\u00e9e de m\u00e9daillons sertis de mini diamants irr\u00e9guliers et de pierres en argent \u00e0 la dorure satin\u00e9e. <\/span><\/p>\n<p><span>Des pompons de chaines dor\u00e9es et ruth\u00e9ni\u00e9es, compl\u00e8tent la ligne de ces boucles d&#8217;oreilles en cr\u00e9ant un subtil jeu de lumi\u00e8re.<\/span><\/p>\n<p><span>Des boucles d&#8217;oreilles faciles \u00e0 porter au quotidien, qui apportent une touche d&#8217;\u00e9clat \u00e0 n&#8217;importe quelle tenue.<\/span><\/p>\n<p>Retrouvez sur notre eshop une s\u00e9lection des plus belles cr\u00e9ations bijoux de la nouvelle collection de <a href=\"https:\/\/www.joee.fr\/concept-store-chamorel-paris\" target=\"_blank\" rel=\"noopener\">Marie Laure Charmorel.<\/a><\/p>\n<p>\u00a0<\/p>\n","protected":false},"excerpt":{"rendered":"<p>Paire de boucles d&#8217;oreilles bicolores en argent 925, compos\u00e9e de m\u00e9daillons sertis de mini diamants irr\u00e9guliers et de pierres en argent \u00e0 la dorure satin\u00e9e. Des pompons de chaines dor\u00e9es et ruth\u00e9ni\u00e9es, compl\u00e8tent la ligne de ces boucles d&#8217;oreilles en cr\u00e9ant un subtil jeu de lumi\u00e8re. Des boucles d&#8217;oreilles faciles \u00e0 porter au quotidien, qui [&hellip;]<\/p>\n","protected":false},"featured_media":3045222,"comment_status":"open","ping_status":"closed","template":"","meta":[],"product_brand":[],"product_cat":[],"product_tag":[],"acf":[],"_links":{"self":[{"href":"https:\/\/streetmarkets.fr\/app\/wp-json\/wp\/v2\/product\/3045221"}],"collection":[{"href":"https:\/\/streetmarkets.fr\/app\/wp-json\/wp\/v2\/product"}],"about":[{"href":"https:\/\/streetmarkets.fr\/app\/wp-json\/wp\/v2\/types\/product"}],"replies":[{"embeddable":true,"href":"https:\/\/streetmarkets.fr\/app\/wp-json\/wp\/v2\/comments?post=3045221"}],"wp:featuredmedia":[{"embeddable":true,"href":"https:\/\/streetmarkets.fr\/app\/wp-json\/wp\/v2\/media\/3045222"}],"wp:attachment":[{"href":"https:\/\/streetmarkets.fr\/app\/wp-json\/wp\/v2\/media?parent=3045221"}],"wp:term":[{"taxonomy":"product_brand","embeddable":true,"href":"https:\/\/streetmarkets.fr\/app\/wp-json\/wp\/v2\/product_brand?post=3045221"},{"taxonomy":"product_cat","embeddable":true,"href":"https:\/\/streetmarkets.fr\/app\/wp-json\/wp\/v2\/product_cat?post=3045221"},{"taxonomy":"product_tag","embeddable":true,"href":"https:\/\/streetmarkets.fr\/app\/wp-json\/wp\/v2\/product_tag?post=3045221"}],"curies":[{"name":"wp","href":"https:\/\/api.w.org\/{rel}","templated":true}]}}