{"id":3045209,"date":"2025-11-18T07:43:27","date_gmt":"2025-11-18T06:43:27","guid":{"rendered":"https:\/\/streetmarkets.fr\/app\/produit\/boucles-doreilles-gold-mls-573-marie-laure-chamorel\/"},"modified":"2026-05-03T08:39:12","modified_gmt":"2026-05-03T06:39:12","slug":"boucles-doreilles-gold-mls-573-marie-laure-chamorel","status":"publish","type":"product","link":"https:\/\/streetmarkets.fr\/app\/produit\/boucles-doreilles-gold-mls-573-marie-laure-chamorel\/","title":{"rendered":"Boucles d&#8217;oreilles Gold MLS 573 &#8211; Marie Laure Chamorel"},"content":{"rendered":"<p>Paire de boucles d&#8217;oreilles dor\u00e9es mixant un tissage et des cha\u00eenes ultra-fines<\/p>\n<p>Imagin\u00e9es et dessin\u00e9es en France par une cr\u00e9atrice fran\u00e7aise Marie Laure Chamorel<\/p>\n<p>Retrouvez sur notre eshop une s\u00e9lection des plus belles cr\u00e9ations bijoux de la nouvelle collection de <a href=\"https:\/\/www.joee.fr\/concept-store-chamorel-paris\" target=\"_blank\" rel=\"noopener\">Marie Laure Charmorel.<\/a><\/p>\n","protected":false},"excerpt":{"rendered":"<p>Paire de boucles d&#8217;oreilles dor\u00e9es mixant un tissage et des cha\u00eenes ultra-fines Imagin\u00e9es et dessin\u00e9es en France par une cr\u00e9atrice fran\u00e7aise Marie Laure Chamorel Retrouvez sur notre eshop une s\u00e9lection des plus belles cr\u00e9ations bijoux de la nouvelle collection de Marie Laure Charmorel.<\/p>\n","protected":false},"featured_media":3045210,"comment_status":"open","ping_status":"closed","template":"","meta":[],"product_brand":[],"product_cat":[],"product_tag":[],"acf":[],"_links":{"self":[{"href":"https:\/\/streetmarkets.fr\/app\/wp-json\/wp\/v2\/product\/3045209"}],"collection":[{"href":"https:\/\/streetmarkets.fr\/app\/wp-json\/wp\/v2\/product"}],"about":[{"href":"https:\/\/streetmarkets.fr\/app\/wp-json\/wp\/v2\/types\/product"}],"replies":[{"embeddable":true,"href":"https:\/\/streetmarkets.fr\/app\/wp-json\/wp\/v2\/comments?post=3045209"}],"wp:featuredmedia":[{"embeddable":true,"href":"https:\/\/streetmarkets.fr\/app\/wp-json\/wp\/v2\/media\/3045210"}],"wp:attachment":[{"href":"https:\/\/streetmarkets.fr\/app\/wp-json\/wp\/v2\/media?parent=3045209"}],"wp:term":[{"taxonomy":"product_brand","embeddable":true,"href":"https:\/\/streetmarkets.fr\/app\/wp-json\/wp\/v2\/product_brand?post=3045209"},{"taxonomy":"product_cat","embeddable":true,"href":"https:\/\/streetmarkets.fr\/app\/wp-json\/wp\/v2\/product_cat?post=3045209"},{"taxonomy":"product_tag","embeddable":true,"href":"https:\/\/streetmarkets.fr\/app\/wp-json\/wp\/v2\/product_tag?post=3045209"}],"curies":[{"name":"wp","href":"https:\/\/api.w.org\/{rel}","templated":true}]}}