{"id":3040087,"date":"2025-11-17T05:55:05","date_gmt":"2025-11-17T04:55:05","guid":{"rendered":"https:\/\/streetmarkets.fr\/app\/produit\/loyd-ls-knit-boucle-polo-cardigan\/"},"modified":"2026-03-16T05:50:24","modified_gmt":"2026-03-16T04:50:24","slug":"loyd-ls-knit-boucle-polo-cardigan","status":"publish","type":"product","link":"https:\/\/streetmarkets.fr\/app\/produit\/loyd-ls-knit-boucle-polo-cardigan\/","title":{"rendered":"Loyd LS Knit Boucle Polo Cardigan"},"content":{"rendered":"<p data-start=\"194\" data-end=\"689\">Le\u00a0<strong data-start=\"197\" data-end=\"234\">Loyd LS Knit Boucl\u00e9 Polo Cardigan<\/strong> de Selected revisite l\u2019esth\u00e9tique du polo classique dans une version chaude et textur\u00e9e id\u00e9ale pour la saison froide.<\/p>\n<p data-start=\"194\" data-end=\"689\">Confectionn\u00e9 dans un\u00a0<strong data-start=\"374\" data-end=\"394\">m\u00e9lange de laine<\/strong> soigneusement s\u00e9lectionn\u00e9, il offre une maille boucl\u00e9e au toucher riche, ultra confortable et naturellement isolante. Son <strong data-start=\"517\" data-end=\"532\">col italien<\/strong> structur\u00e9 apporte une touche \u00e9l\u00e9gante, tandis que son <strong data-start=\"587\" data-end=\"615\">boutonnage sur le devant<\/strong> permet de le porter aussi bien en pi\u00e8ce unique qu\u2019en sur-couche l\u00e9g\u00e8re.<\/p>\n<p data-start=\"691\" data-end=\"1129\">Sa <strong data-start=\"694\" data-end=\"713\">coupe classique<\/strong> assure un tomb\u00e9 impeccable, facile \u00e0 associer \u00e0 un jean brut ou \u00e0 un pantalon en laine pour un look casual chic. Les <strong data-start=\"831\" data-end=\"850\">manches longues<\/strong> et les finitions soign\u00e9es renforcent son allure intemporelle, tout en conservant la modernit\u00e9 propre \u00e0 Selected.<\/p>\n<p data-start=\"691\" data-end=\"1129\">Polyvalent et raffin\u00e9, ce cardigan polo devient un essentiel du vestiaire de mi-saison et d\u2019hiver, parfait pour apporter du caract\u00e8re sans compromettre le confort.<\/p>\n<p data-start=\"1131\" data-end=\"1150\"><strong data-start=\"1131\" data-end=\"1148\">Points cl\u00e9s :<\/strong><\/p>\n<ul data-start=\"1151\" data-end=\"1341\">\n<li data-start=\"1151\" data-end=\"1205\">\n<p data-start=\"1153\" data-end=\"1205\">M\u00e9lange de laine chaud et textur\u00e9 (maille boucl\u00e9e)<\/p>\n<\/li>\n<li data-start=\"1206\" data-end=\"1229\">\n<p data-start=\"1208\" data-end=\"1229\">Col italien \u00e9l\u00e9gant<\/p>\n<\/li>\n<li data-start=\"1230\" data-end=\"1258\">\n<p data-start=\"1232\" data-end=\"1258\">Boutonnage sur le devant<\/p>\n<\/li>\n<li data-start=\"1259\" data-end=\"1295\">\n<p data-start=\"1261\" data-end=\"1295\">Coupe classique, manches longues<\/p>\n<\/li>\n<li data-start=\"1296\" data-end=\"1341\">\n<p data-start=\"1298\" data-end=\"1341\">Style polyvalent : casual chic ou habill\u00e9<\/p>\n<\/li>\n<\/ul>\n","protected":false},"excerpt":{"rendered":"<p>Le\u00a0Loyd LS Knit Boucl\u00e9 Polo Cardigan de Selected revisite l\u2019esth\u00e9tique du polo classique dans une version chaude et textur\u00e9e id\u00e9ale pour la saison froide. Confectionn\u00e9 dans un\u00a0m\u00e9lange de laine soigneusement s\u00e9lectionn\u00e9, il offre une maille boucl\u00e9e au toucher riche, ultra confortable et naturellement isolante. Son col italien structur\u00e9 apporte une touche \u00e9l\u00e9gante, tandis que son [&hellip;]<\/p>\n","protected":false},"featured_media":3040088,"comment_status":"open","ping_status":"closed","template":"","meta":[],"product_brand":[],"product_cat":[],"product_tag":[],"acf":[],"_links":{"self":[{"href":"https:\/\/streetmarkets.fr\/app\/wp-json\/wp\/v2\/product\/3040087"}],"collection":[{"href":"https:\/\/streetmarkets.fr\/app\/wp-json\/wp\/v2\/product"}],"about":[{"href":"https:\/\/streetmarkets.fr\/app\/wp-json\/wp\/v2\/types\/product"}],"replies":[{"embeddable":true,"href":"https:\/\/streetmarkets.fr\/app\/wp-json\/wp\/v2\/comments?post=3040087"}],"wp:featuredmedia":[{"embeddable":true,"href":"https:\/\/streetmarkets.fr\/app\/wp-json\/wp\/v2\/media\/3040088"}],"wp:attachment":[{"href":"https:\/\/streetmarkets.fr\/app\/wp-json\/wp\/v2\/media?parent=3040087"}],"wp:term":[{"taxonomy":"product_brand","embeddable":true,"href":"https:\/\/streetmarkets.fr\/app\/wp-json\/wp\/v2\/product_brand?post=3040087"},{"taxonomy":"product_cat","embeddable":true,"href":"https:\/\/streetmarkets.fr\/app\/wp-json\/wp\/v2\/product_cat?post=3040087"},{"taxonomy":"product_tag","embeddable":true,"href":"https:\/\/streetmarkets.fr\/app\/wp-json\/wp\/v2\/product_tag?post=3040087"}],"curies":[{"name":"wp","href":"https:\/\/api.w.org\/{rel}","templated":true}]}}