{"id":3040013,"date":"2025-11-17T02:33:54","date_gmt":"2025-11-17T01:33:54","guid":{"rendered":"https:\/\/streetmarkets.fr\/app\/produit\/jf-rey-j821\/"},"modified":"2026-05-11T03:33:46","modified_gmt":"2026-05-11T01:33:46","slug":"jf-rey-j821","status":"publish","type":"product","link":"https:\/\/streetmarkets.fr\/app\/produit\/jf-rey-j821\/","title":{"rendered":"JF Rey &#8211; J821"},"content":{"rendered":"<p>Lunettes de soleil vintage sign\u00e9es Jean-Fran\u00e7ois Rey, confectionn\u00e9es dans les ann\u00e9es 90 au c\u0153ur du Jura. Cette monture en m\u00e9tal m\u00e9tal est \u00e9quip\u00e9es de verres teint\u00e9s d\u00e9grad\u00e9s violet.<\/p>\n<div id=\"accordion\">\n<div class=\"card\" style=\"border-top: 1px solid #d3d3d3;border-left: none;border-right: none;border-bottom: 1px solid #d3d3d3\">\n<div id=\"collapseOne\" class=\"collapse\">\n<div class=\"card-body\" style=\"margin-top: -10px\">\n<p style=\"margin-bottom: -3px;font-size: 15px\"><b><br \/>Marque :\u00a0<\/b>JF Rey<\/p>\n<p style=\"margin-bottom: -3px;font-size: 15px\"><b>Forme : <\/b>Papillon<\/p>\n<p style=\"margin-bottom: -3px;font-size: 15px\"><b>Couleur :\u00a0 <\/b>Violet et m\u00e9tal<\/p>\n<p style=\"margin-bottom: -3px;font-size: 15px\"><b>Verres :<\/b> Verres d\u00e9grad\u00e9s violet\u00a0<\/p>\n<p style=\"margin-bottom: -15px;font-size: 15px\"><b>Fabrication :\u00a0<\/b>France &#8211; Jura<\/p>\n<p><\/p>\n<p style=\"margin-bottom: -5px;font-size: 15px\"><b><span style=\"font-size: 15px\">Etat :\u00a0<\/span><\/b><span style=\"font-size: 15px\">Tr\u00e8s bon \u00e9tat<\/span><\/p>\n<p><\/p>\n<p style=\"margin-bottom: -5px;font-style: italic;font-size: 15px\">Toutes nos lunettes passent entre les mains de nos opticiens, qui r\u00e9habilitent et ajustent les montures pour un confort optimal.<\/p>\n<\/div>\n<\/div>\n<\/div>\n<div class=\"card\" style=\"border: none;border-bottom: 1px solid #d3d3d3\">\n<button style=\"color: black;background-color: initial;box-shadow: none;font-size: 20px;text-transform: uppercase;border: none\" class=\"card-header collapsed card-link\" data-toggle=\"collapse\" data-target=\"#collapseTwo\"> <b class=\"header-title float-left\" style=\"font-family: Oswald;font-size: 15px;font-style: normal;font-variant: normal;font-weight: 400;line-height: 18.2px;text-align: justify;color: #766456;letter-spacing: 1px\"> Guide des tailles<\/b> <i class=\"fas fa-angle-right float-right\" style=\"position: absolute;right: 10px;color: #766456\"><\/i> <\/button><\/p>\n<div id=\"collapseTwo\" class=\"collapse\">\n<div class=\"card-body\" style=\"margin-top: -10px\">\n<img decoding=\"async\" src=\"https:\/\/cdn.shopify.com\/s\/files\/1\/0602\/6009\/0089\/files\/mesurerectanglePNG.png?v=1636987570\" border=\"0\"> <\/p>\n<p style=\"font-size: 15px;margin-bottom: -5px\"><b>A <\/b>\u00a0&#8211; Face : 135 mm <br \/><b>B <\/b>\u00a0&#8211; Pont\/Nez : 16 mm <br \/><b>C <\/b>\u00a0&#8211; Calibre : 34 mm<\/p>\n<\/div>\n<\/div>\n<\/div>\n<div class=\"card\" style=\"border: none;border-bottom: 1px solid #d3d3d3\">\n<button style=\"color: black;background-color: initial;box-shadow: none;font-size: 20px;text-transform: uppercase;border: none\" class=\"card-header collapsed card-link\" data-toggle=\"collapse\" data-target=\"#collapseThree\"> <b class=\"header-title float-left\" style=\"font-family: Oswald;font-size: 15px;font-style: normal;font-variant: normal;font-weight: 400;line-height: 18.2px;text-align: justify;color: #766456;letter-spacing: 1px\"> Entretien <\/b> <i class=\"fas fa-angle-right float-right\" style=\"position: absolute;right: 10px;color: #766456\"><\/i> <\/button><\/p>\n<div id=\"collapseThree\" class=\"collapse\">\n<div class=\"card-body\" style=\"margin-top: -10px\">\n<p style=\"font-size: 15px\">&#8211; Nettoyez vos lunettes avec de l&#8217;eau froide (jamais chaude) et du savon liquide et essuyez les avec une microfibre.<\/p>\n<p style=\"font-size: 15px\">&#8211; Rangez vos lunettes dans leur \u00e9tui et ne jamais les poser sur les verres.<\/p>\n<p style=\"font-size: 15px;margin-bottom: -5px\">&#8211; Ne laissez jamais vos lunettes pr\u00e8s d&#8217;une source de chaleur<\/p>\n<\/div>\n<\/div>\n<\/div>\n<\/div>\n<p style=\"font-style: italic;font-size: 15px;margin-top: 10px\">Chaque paire est livr\u00e9e dans son \u00e9tui Seconde Vue fabriqu\u00e9 en Italie<\/p>\n","protected":false},"excerpt":{"rendered":"<p>Lunettes de soleil vintage sign\u00e9es Jean-Fran\u00e7ois Rey, confectionn\u00e9es dans les ann\u00e9es 90 au c\u0153ur du Jura. Cette monture en m\u00e9tal m\u00e9tal est \u00e9quip\u00e9es de verres teint\u00e9s d\u00e9grad\u00e9s violet. Marque :\u00a0JF Rey Forme : Papillon Couleur :\u00a0 Violet et m\u00e9tal Verres : Verres d\u00e9grad\u00e9s violet\u00a0 Fabrication :\u00a0France &#8211; Jura Etat :\u00a0Tr\u00e8s bon \u00e9tat Toutes nos lunettes [&hellip;]<\/p>\n","protected":false},"featured_media":3040014,"comment_status":"open","ping_status":"closed","template":"","meta":[],"product_brand":[],"product_cat":[],"product_tag":[],"acf":[],"_links":{"self":[{"href":"https:\/\/streetmarkets.fr\/app\/wp-json\/wp\/v2\/product\/3040013"}],"collection":[{"href":"https:\/\/streetmarkets.fr\/app\/wp-json\/wp\/v2\/product"}],"about":[{"href":"https:\/\/streetmarkets.fr\/app\/wp-json\/wp\/v2\/types\/product"}],"replies":[{"embeddable":true,"href":"https:\/\/streetmarkets.fr\/app\/wp-json\/wp\/v2\/comments?post=3040013"}],"wp:featuredmedia":[{"embeddable":true,"href":"https:\/\/streetmarkets.fr\/app\/wp-json\/wp\/v2\/media\/3040014"}],"wp:attachment":[{"href":"https:\/\/streetmarkets.fr\/app\/wp-json\/wp\/v2\/media?parent=3040013"}],"wp:term":[{"taxonomy":"product_brand","embeddable":true,"href":"https:\/\/streetmarkets.fr\/app\/wp-json\/wp\/v2\/product_brand?post=3040013"},{"taxonomy":"product_cat","embeddable":true,"href":"https:\/\/streetmarkets.fr\/app\/wp-json\/wp\/v2\/product_cat?post=3040013"},{"taxonomy":"product_tag","embeddable":true,"href":"https:\/\/streetmarkets.fr\/app\/wp-json\/wp\/v2\/product_tag?post=3040013"}],"curies":[{"name":"wp","href":"https:\/\/api.w.org\/{rel}","templated":true}]}}