{"id":3040008,"date":"2025-11-17T02:33:54","date_gmt":"2025-11-17T01:33:54","guid":{"rendered":"https:\/\/streetmarkets.fr\/app\/produit\/jf-rey-j0215\/"},"modified":"2026-05-11T03:33:46","modified_gmt":"2026-05-11T01:33:46","slug":"jf-rey-j0215","status":"publish","type":"product","link":"https:\/\/streetmarkets.fr\/app\/produit\/jf-rey-j0215\/","title":{"rendered":"JF Rey &#8211; J0215"},"content":{"rendered":"<p>Lunettes de soleil vintage sign\u00e9es Jean-Fran\u00e7ois Rey, fabriqu\u00e9es dans les ann\u00e9es 90 dans le Jura fran\u00e7ais. Cette monture embl\u00e9matique allie l&#8217;ac\u00e9tate et le m\u00e9tal pour une structure particuli\u00e8re pleine de caract\u00e8re et d&#8217;authenticit\u00e9. \u00c9quip\u00e9e de verres d\u00e9grad\u00e9s bleus de cat\u00e9gorie 2 \u00e0 1, elle offre une protection solaire progressive id\u00e9ale pour les journ\u00e9es ensoleill\u00e9es. L&#8217;ac\u00e9tate bleu fonc\u00e9 est agr\u00e9ment\u00e9 de d\u00e9tails m\u00e9talliques qui soulignent l&#8217;\u00e9l\u00e9gance intemporelle de ce mod\u00e8le.<br \/>Parfait pour ceux qui recherchent des lunettes avec une v\u00e9ritable histoire, combinant style r\u00e9tro et qualit\u00e9 artisanale fran\u00e7aise. Un accessoire de caract\u00e8re qui traverse les d\u00e9cennies avec gr\u00e2ce.<\/p>\n<div id=\"accordion\">\n<div class=\"card\" style=\"border-top: 1px solid #d3d3d3;border-left: none;border-right: none;border-bottom: 1px solid #d3d3d3\">\n<div id=\"collapseOne\" class=\"collapse\">\n<div class=\"card-body\" style=\"margin-top: -10px\">\n<p style=\"margin-bottom: -3px;font-size: 15px\"><b><br \/>Marque :\u00a0<\/b>JF Rey<\/p>\n<p style=\"margin-bottom: -3px;font-size: 15px\"><b>Forme :\u00a0<\/b>Rectangle<\/p>\n<p style=\"margin-bottom: -3px;font-size: 15px\"><b>Couleur :\u00a0 <\/b>Bleu<\/p>\n<p style=\"margin-bottom: -3px;font-size: 15px\"><b>Verres :<\/b> Verres d\u00e9grad\u00e9s bleu cat 2 \u00e0 1\u00a0<\/p>\n<p style=\"margin-bottom: -15px;font-size: 15px\"><b>Fabrication :\u00a0<\/b>France &#8211; Jura<\/p>\n<p><\/p>\n<p style=\"margin-bottom: -5px;font-size: 15px\"><b><span style=\"font-size: 15px\">Etat :\u00a0<\/span><\/b><span style=\"font-size: 15px\">Tr\u00e8s bon \u00e9tat<\/span><\/p>\n<p><\/p>\n<p style=\"margin-bottom: -5px;font-style: italic;font-size: 15px\">Toutes nos lunettes passent entre les mains de nos opticiens, qui r\u00e9habilitent et ajustent les montures pour un confort optimal.<\/p>\n<\/div>\n<\/div>\n<\/div>\n<div class=\"card\" style=\"border: none;border-bottom: 1px solid #d3d3d3\">\n<button style=\"color: black;background-color: initial;box-shadow: none;font-size: 20px;text-transform: uppercase;border: none\" class=\"card-header collapsed card-link\" data-toggle=\"collapse\" data-target=\"#collapseTwo\"> <b class=\"header-title float-left\" style=\"font-family: Oswald;font-size: 15px;font-style: normal;font-variant: normal;font-weight: 400;line-height: 18.2px;text-align: justify;color: #766456;letter-spacing: 1px\"> Guide des tailles<\/b> <i class=\"fas fa-angle-right float-right\" style=\"position: absolute;right: 10px;color: #766456\"><\/i> <\/button><\/p>\n<div id=\"collapseTwo\" class=\"collapse\">\n<div class=\"card-body\" style=\"margin-top: -10px\">\n<img decoding=\"async\" src=\"https:\/\/cdn.shopify.com\/s\/files\/1\/0602\/6009\/0089\/files\/mesurerectanglePNG.png?v=1636987570\" border=\"0\"> <\/p>\n<p style=\"font-size: 15px;margin-bottom: -5px\"><b>A <\/b>\u00a0&#8211; Face : 139 mm <br \/><b>B <\/b>\u00a0&#8211; Pont\/Nez : 18 mm <br \/><b>C <\/b>\u00a0&#8211; Calibre : 30 mm<\/p>\n<\/div>\n<\/div>\n<\/div>\n<div class=\"card\" style=\"border: none;border-bottom: 1px solid #d3d3d3\">\n<button style=\"color: black;background-color: initial;box-shadow: none;font-size: 20px;text-transform: uppercase;border: none\" class=\"card-header collapsed card-link\" data-toggle=\"collapse\" data-target=\"#collapseThree\"> <b class=\"header-title float-left\" style=\"font-family: Oswald;font-size: 15px;font-style: normal;font-variant: normal;font-weight: 400;line-height: 18.2px;text-align: justify;color: #766456;letter-spacing: 1px\"> Entretien <\/b> <i class=\"fas fa-angle-right float-right\" style=\"position: absolute;right: 10px;color: #766456\"><\/i> <\/button><\/p>\n<div id=\"collapseThree\" class=\"collapse\">\n<div class=\"card-body\" style=\"margin-top: -10px\">\n<p style=\"font-size: 15px\">&#8211; Nettoyez vos lunettes avec de l&#8217;eau froide (jamais chaude) et du savon liquide et essuyez les avec une microfibre.<\/p>\n<p style=\"font-size: 15px\">&#8211; Rangez vos lunettes dans leur \u00e9tui et ne jamais les poser sur les verres.<\/p>\n<p style=\"font-size: 15px;margin-bottom: -5px\">&#8211; Ne laissez jamais vos lunettes pr\u00e8s d&#8217;une source de chaleur<\/p>\n<\/div>\n<\/div>\n<\/div>\n<\/div>\n<p style=\"font-style: italic;font-size: 15px;margin-top: 10px\">Chaque paire est livr\u00e9e dans son \u00e9tui Seconde Vue fabriqu\u00e9 en Italie<\/p>\n","protected":false},"excerpt":{"rendered":"<p>Lunettes de soleil vintage sign\u00e9es Jean-Fran\u00e7ois Rey, fabriqu\u00e9es dans les ann\u00e9es 90 dans le Jura fran\u00e7ais. Cette monture embl\u00e9matique allie l&#8217;ac\u00e9tate et le m\u00e9tal pour une structure particuli\u00e8re pleine de caract\u00e8re et d&#8217;authenticit\u00e9. \u00c9quip\u00e9e de verres d\u00e9grad\u00e9s bleus de cat\u00e9gorie 2 \u00e0 1, elle offre une protection solaire progressive id\u00e9ale pour les journ\u00e9es ensoleill\u00e9es. L&#8217;ac\u00e9tate [&hellip;]<\/p>\n","protected":false},"featured_media":3040009,"comment_status":"open","ping_status":"closed","template":"","meta":[],"product_brand":[],"product_cat":[],"product_tag":[],"acf":[],"_links":{"self":[{"href":"https:\/\/streetmarkets.fr\/app\/wp-json\/wp\/v2\/product\/3040008"}],"collection":[{"href":"https:\/\/streetmarkets.fr\/app\/wp-json\/wp\/v2\/product"}],"about":[{"href":"https:\/\/streetmarkets.fr\/app\/wp-json\/wp\/v2\/types\/product"}],"replies":[{"embeddable":true,"href":"https:\/\/streetmarkets.fr\/app\/wp-json\/wp\/v2\/comments?post=3040008"}],"wp:featuredmedia":[{"embeddable":true,"href":"https:\/\/streetmarkets.fr\/app\/wp-json\/wp\/v2\/media\/3040009"}],"wp:attachment":[{"href":"https:\/\/streetmarkets.fr\/app\/wp-json\/wp\/v2\/media?parent=3040008"}],"wp:term":[{"taxonomy":"product_brand","embeddable":true,"href":"https:\/\/streetmarkets.fr\/app\/wp-json\/wp\/v2\/product_brand?post=3040008"},{"taxonomy":"product_cat","embeddable":true,"href":"https:\/\/streetmarkets.fr\/app\/wp-json\/wp\/v2\/product_cat?post=3040008"},{"taxonomy":"product_tag","embeddable":true,"href":"https:\/\/streetmarkets.fr\/app\/wp-json\/wp\/v2\/product_tag?post=3040008"}],"curies":[{"name":"wp","href":"https:\/\/api.w.org\/{rel}","templated":true}]}}