{"id":3024305,"date":"2025-11-15T00:31:56","date_gmt":"2025-11-14T23:31:56","guid":{"rendered":"https:\/\/streetmarkets.fr\/app\/produit\/mini-pince-a-cheveux-citrouille\/"},"modified":"2026-05-09T01:17:06","modified_gmt":"2026-05-08T23:17:06","slug":"mini-pince-a-cheveux-citrouille","status":"publish","type":"product","link":"https:\/\/streetmarkets.fr\/app\/produit\/mini-pince-a-cheveux-citrouille\/","title":{"rendered":"Mini-pince \u00e0 cheveux Citrouille"},"content":{"rendered":"<div class=\"rte-content\" id=\"product-description-short-41\">\n <a title=\"Collection Coucou Suzette\" href=\"\/collections\/coucou-suzette\"><strong>Collection Coucou Suzette<\/strong><\/a>\n<\/div>\n<div class=\"rte-content\">\n<strong><\/strong>\n<\/div>\n<div class=\"rte-content\">\n<div class=\"rte-content\" id=\"product-description-short-123\">\n<p><span>Pour les cheveux fins, elle fait de jolies demi-queues, pour les cheveux longs, elle s\u00e9curise comme il faut les chignons hauts : c\u2019est la mini pince citrouille ! Pour c\u00e9l\u00e9brer discr\u00e8tement mais s\u00fbrement la saison automnale.<\/span><\/p>\n<div class=\"rte-content\">\n<div id=\"product-description-short-123\" class=\"rte-content\">\n<p>Cette\u00a0pince\u00a0est faite \u00e0 partir d&#8217;Acetate de Cellulose recycl\u00e9e &amp; biod\u00e9gradable (Eco-Friendly).<\/p>\n<ul>\n<li><em><span>Composition : ac\u00e9tate de cellulose<\/span><\/em><\/li>\n<li><em>Chaque cr\u00e9ation est unique, la couleur peut varier l\u00e9g\u00e8rement selon le morceau d&#8217;ac\u00e9tate utilis\u00e9<\/em><\/li>\n<li><em>Type d\u2019attache :<span>\u00a0<\/span>dents en ac\u00e9tate<\/em><\/li>\n<li><em><span>Fabriqu\u00e9e en Chine dans une usine audit\u00e9e<\/span><\/em><\/li>\n<li><em>Conseils d\u2019utilisation : \u00e9viter le contact avec l\u2019eau<\/em><\/li>\n<\/ul>\n<p>Dimensions : environ 4 cm x 2,9 cm<\/p>\n<\/div>\n<\/div>\n<\/div>\n<\/div>\n","protected":false},"excerpt":{"rendered":"<p>Collection Coucou Suzette Pour les cheveux fins, elle fait de jolies demi-queues, pour les cheveux longs, elle s\u00e9curise comme il faut les chignons hauts : c\u2019est la mini pince citrouille ! Pour c\u00e9l\u00e9brer discr\u00e8tement mais s\u00fbrement la saison automnale. Cette\u00a0pince\u00a0est faite \u00e0 partir d&#8217;Acetate de Cellulose recycl\u00e9e &amp; biod\u00e9gradable (Eco-Friendly). Composition : ac\u00e9tate de cellulose [&hellip;]<\/p>\n","protected":false},"featured_media":3024306,"comment_status":"open","ping_status":"closed","template":"","meta":[],"product_brand":[],"product_cat":[],"product_tag":[],"acf":[],"_links":{"self":[{"href":"https:\/\/streetmarkets.fr\/app\/wp-json\/wp\/v2\/product\/3024305"}],"collection":[{"href":"https:\/\/streetmarkets.fr\/app\/wp-json\/wp\/v2\/product"}],"about":[{"href":"https:\/\/streetmarkets.fr\/app\/wp-json\/wp\/v2\/types\/product"}],"replies":[{"embeddable":true,"href":"https:\/\/streetmarkets.fr\/app\/wp-json\/wp\/v2\/comments?post=3024305"}],"wp:featuredmedia":[{"embeddable":true,"href":"https:\/\/streetmarkets.fr\/app\/wp-json\/wp\/v2\/media\/3024306"}],"wp:attachment":[{"href":"https:\/\/streetmarkets.fr\/app\/wp-json\/wp\/v2\/media?parent=3024305"}],"wp:term":[{"taxonomy":"product_brand","embeddable":true,"href":"https:\/\/streetmarkets.fr\/app\/wp-json\/wp\/v2\/product_brand?post=3024305"},{"taxonomy":"product_cat","embeddable":true,"href":"https:\/\/streetmarkets.fr\/app\/wp-json\/wp\/v2\/product_cat?post=3024305"},{"taxonomy":"product_tag","embeddable":true,"href":"https:\/\/streetmarkets.fr\/app\/wp-json\/wp\/v2\/product_tag?post=3024305"}],"curies":[{"name":"wp","href":"https:\/\/api.w.org\/{rel}","templated":true}]}}