{"id":3024142,"date":"2025-11-15T00:31:35","date_gmt":"2025-11-14T23:31:35","guid":{"rendered":"https:\/\/streetmarkets.fr\/app\/produit\/etui-eponge-a-brosse-a-dents-suna\/"},"modified":"2026-05-09T01:17:06","modified_gmt":"2026-05-08T23:17:06","slug":"etui-eponge-a-brosse-a-dents-suna","status":"publish","type":"product","link":"https:\/\/streetmarkets.fr\/app\/produit\/etui-eponge-a-brosse-a-dents-suna\/","title":{"rendered":"Etui Eponge \u00e0 Brosse \u00e0 Dents Suna"},"content":{"rendered":"<p><span style=\"text-decoration: underline\"><strong><a href=\"https:\/\/frenchtouche.com\/collections\/apaches-collections\" title=\"Apaches Collections\">Collection Apaches<\/a><\/strong><\/span><\/p>\n<p><span>Emportez votre brosse \u00e0 dents partout gr\u00e2ce \u00e0 cet \u00e9tui de voyage doubl\u00e9 en \u00e9ponge ! Con\u00e7u pour garder votre brosse \u00e0 dents propre et s\u00e8che, il est id\u00e9al pour les d\u00e9placements, que ce soit pour un week-end ou un long voyage.<\/span><\/p>\n<p><em>L&#8217;enveloppe Suna est confectionn\u00e9e dans un tissu Khadi indien, 100% coton. C&#8217;est un tissu traditionnel tiss\u00e9 et fil\u00e9 \u00e0 la main dans le respect de l&#8217;environnement. Le Khadi est une mati\u00e8re unique de par son tissage artisanal et peut parfois pr\u00e9senter de petites imperfections qui font tout le charme et l&#8217;authenticit\u00e9 du Khadi.<\/em><\/p>\n<ul>\n<li>100% coton &#8211; doublure \u00e9ponge<\/li>\n<li>Environ 23 x 8 cm<\/li>\n<li>Fermeture par bouton pression<\/li>\n<li>Imprim\u00e9 exclusif<\/li>\n<li>Lavable en machine \u00e0 30\u00b0 cycle d\u00e9licat, pas d\u2019essorage, pas de s\u00e8che-linge<\/li>\n<li>Confectionn\u00e9e en Inde<\/li>\n<li>Le block-print indien consiste \u00e0 imprimer \u00e0 la main, gr\u00e2ce \u00e0 des tampons taill\u00e9s dans le bois, des motifs aux couleurs r\u00e9alis\u00e9es \u00e0 partir d&#8217;un m\u00e9lange de pigments naturels. Respectueux de l&#8217;environnement, ce tissu ne contient aucun produit chimique car les couleurs sont fix\u00e9es gr\u00e2ce \u00e0 un m\u00e9lange d&#8217;eau et de vinaigre blanc. Cette confection manuelle peut entra\u00eener certaines &#8220;irr\u00e9gularit\u00e9s&#8221; qui font tout son charme<\/li>\n<\/ul>\n","protected":false},"excerpt":{"rendered":"<p>Collection Apaches Emportez votre brosse \u00e0 dents partout gr\u00e2ce \u00e0 cet \u00e9tui de voyage doubl\u00e9 en \u00e9ponge ! Con\u00e7u pour garder votre brosse \u00e0 dents propre et s\u00e8che, il est id\u00e9al pour les d\u00e9placements, que ce soit pour un week-end ou un long voyage. L&#8217;enveloppe Suna est confectionn\u00e9e dans un tissu Khadi indien, 100% coton. [&hellip;]<\/p>\n","protected":false},"featured_media":3024143,"comment_status":"open","ping_status":"closed","template":"","meta":[],"product_brand":[],"product_cat":[],"product_tag":[],"acf":[],"_links":{"self":[{"href":"https:\/\/streetmarkets.fr\/app\/wp-json\/wp\/v2\/product\/3024142"}],"collection":[{"href":"https:\/\/streetmarkets.fr\/app\/wp-json\/wp\/v2\/product"}],"about":[{"href":"https:\/\/streetmarkets.fr\/app\/wp-json\/wp\/v2\/types\/product"}],"replies":[{"embeddable":true,"href":"https:\/\/streetmarkets.fr\/app\/wp-json\/wp\/v2\/comments?post=3024142"}],"wp:featuredmedia":[{"embeddable":true,"href":"https:\/\/streetmarkets.fr\/app\/wp-json\/wp\/v2\/media\/3024143"}],"wp:attachment":[{"href":"https:\/\/streetmarkets.fr\/app\/wp-json\/wp\/v2\/media?parent=3024142"}],"wp:term":[{"taxonomy":"product_brand","embeddable":true,"href":"https:\/\/streetmarkets.fr\/app\/wp-json\/wp\/v2\/product_brand?post=3024142"},{"taxonomy":"product_cat","embeddable":true,"href":"https:\/\/streetmarkets.fr\/app\/wp-json\/wp\/v2\/product_cat?post=3024142"},{"taxonomy":"product_tag","embeddable":true,"href":"https:\/\/streetmarkets.fr\/app\/wp-json\/wp\/v2\/product_tag?post=3024142"}],"curies":[{"name":"wp","href":"https:\/\/api.w.org\/{rel}","templated":true}]}}