{"id":3023575,"date":"2025-11-15T00:17:51","date_gmt":"2025-11-14T23:17:51","guid":{"rendered":"https:\/\/streetmarkets.fr\/app\/produit\/collier-zita\/"},"modified":"2026-05-13T01:15:11","modified_gmt":"2026-05-12T23:15:11","slug":"collier-zita","status":"publish","type":"product","link":"https:\/\/streetmarkets.fr\/app\/produit\/collier-zita\/","title":{"rendered":"Collier Zita"},"content":{"rendered":"<div>\n <a href=\"\/collections\/alix-d-reynis\" title=\"Collection Alix D. Reynis\"><strong>Collection Alix D. Reynis<\/strong><\/a>\n<\/div>\n<div>\n<strong><\/strong>\n<\/div>\n<div>\n<span data-mce-fragment=\"1\">Collier en vermeil (argent plaqu\u00e9 or 5 microns) et oxyde de zirconium<\/span>\n<\/div>\n<div><\/div>\n<div>Longueur de la cha\u00eene : 42 cm.<\/div>\n<div><\/div>\n<p class=\"\">Les bijoux Alix D. Reynis sont livr\u00e9s dans une jolie boite et accompagn\u00e9s d&#8217;un certificat d&#8217;authenticit\u00e9 qui t\u00e9moigne de la teneur en m\u00e9taux pr\u00e9cieux et de la d\u00e9nomination des pierres utilis\u00e9es.<\/p>\n<p><span>:: Conseils d&#8217;entretien de vos bijoux en vermeil ::<br \/><\/span><em>&#8220;Afin de conserver vos bijoux en vermeil en parfait \u00e9tat, il est d\u00e9conseill\u00e9 de les porter lorsque vous dormez, vous baignez ou faites du sport. La patine peut venir \u00e0 s&#8217;estomper avec le temps, et est consid\u00e9r\u00e9e comme de l\u2019usure naturelle. La rapidit\u00e9 avec laquelle celle-ci dispara\u00eet d\u00e9pend de la fa\u00e7on dont le bijou est entretenu.<br \/><\/em><span><em>Nous vous conseillons de les ranger \u00e0 l\u2019abri de l\u2019humidit\u00e9, et de ne pas utiliser de produit nettoyant ou solvant.&#8221;<\/em><br \/><\/span><\/p>\n","protected":false},"excerpt":{"rendered":"<p>Collection Alix D. Reynis Collier en vermeil (argent plaqu\u00e9 or 5 microns) et oxyde de zirconium Longueur de la cha\u00eene : 42 cm. Les bijoux Alix D. Reynis sont livr\u00e9s dans une jolie boite et accompagn\u00e9s d&#8217;un certificat d&#8217;authenticit\u00e9 qui t\u00e9moigne de la teneur en m\u00e9taux pr\u00e9cieux et de la d\u00e9nomination des pierres utilis\u00e9es. :: [&hellip;]<\/p>\n","protected":false},"featured_media":3023576,"comment_status":"open","ping_status":"closed","template":"","meta":[],"product_brand":[],"product_cat":[],"product_tag":[],"acf":[],"_links":{"self":[{"href":"https:\/\/streetmarkets.fr\/app\/wp-json\/wp\/v2\/product\/3023575"}],"collection":[{"href":"https:\/\/streetmarkets.fr\/app\/wp-json\/wp\/v2\/product"}],"about":[{"href":"https:\/\/streetmarkets.fr\/app\/wp-json\/wp\/v2\/types\/product"}],"replies":[{"embeddable":true,"href":"https:\/\/streetmarkets.fr\/app\/wp-json\/wp\/v2\/comments?post=3023575"}],"wp:featuredmedia":[{"embeddable":true,"href":"https:\/\/streetmarkets.fr\/app\/wp-json\/wp\/v2\/media\/3023576"}],"wp:attachment":[{"href":"https:\/\/streetmarkets.fr\/app\/wp-json\/wp\/v2\/media?parent=3023575"}],"wp:term":[{"taxonomy":"product_brand","embeddable":true,"href":"https:\/\/streetmarkets.fr\/app\/wp-json\/wp\/v2\/product_brand?post=3023575"},{"taxonomy":"product_cat","embeddable":true,"href":"https:\/\/streetmarkets.fr\/app\/wp-json\/wp\/v2\/product_cat?post=3023575"},{"taxonomy":"product_tag","embeddable":true,"href":"https:\/\/streetmarkets.fr\/app\/wp-json\/wp\/v2\/product_tag?post=3023575"}],"curies":[{"name":"wp","href":"https:\/\/api.w.org\/{rel}","templated":true}]}}