{"id":3023415,"date":"2025-11-14T07:44:10","date_gmt":"2025-11-14T06:44:10","guid":{"rendered":"https:\/\/streetmarkets.fr\/app\/produit\/collier-charms-virginie-berman\/"},"modified":"2026-05-12T08:39:14","modified_gmt":"2026-05-12T06:39:14","slug":"collier-charms-virginie-berman","status":"publish","type":"product","link":"https:\/\/streetmarkets.fr\/app\/produit\/collier-charms-virginie-berman\/","title":{"rendered":"Collier charms &#8211; Virginie Berman"},"content":{"rendered":"<div class=\"post-excerpt\">\n<ul>\n<li>Collier dor\u00e9 avec chaine et charms coeur grav\u00e9\u00a0<\/li>\n<li>m\u00e9daillon principal avec coeur grav\u00e9, entour\u00e9 de 2 autres charms\u00a0<\/li>\n<li>diametre m\u00e9daille coeur 1,7 cm<\/li>\n<\/ul>\n<\/div>\n<div class=\"post-excerpt\"><\/div>\n<p>\u00a0<\/p>\n","protected":false},"excerpt":{"rendered":"<p>Collier dor\u00e9 avec chaine et charms coeur grav\u00e9\u00a0 m\u00e9daillon principal avec coeur grav\u00e9, entour\u00e9 de 2 autres charms\u00a0 diametre m\u00e9daille coeur 1,7 cm \u00a0<\/p>\n","protected":false},"featured_media":3023416,"comment_status":"open","ping_status":"closed","template":"","meta":[],"product_brand":[],"product_cat":[],"product_tag":[],"acf":[],"_links":{"self":[{"href":"https:\/\/streetmarkets.fr\/app\/wp-json\/wp\/v2\/product\/3023415"}],"collection":[{"href":"https:\/\/streetmarkets.fr\/app\/wp-json\/wp\/v2\/product"}],"about":[{"href":"https:\/\/streetmarkets.fr\/app\/wp-json\/wp\/v2\/types\/product"}],"replies":[{"embeddable":true,"href":"https:\/\/streetmarkets.fr\/app\/wp-json\/wp\/v2\/comments?post=3023415"}],"wp:featuredmedia":[{"embeddable":true,"href":"https:\/\/streetmarkets.fr\/app\/wp-json\/wp\/v2\/media\/3023416"}],"wp:attachment":[{"href":"https:\/\/streetmarkets.fr\/app\/wp-json\/wp\/v2\/media?parent=3023415"}],"wp:term":[{"taxonomy":"product_brand","embeddable":true,"href":"https:\/\/streetmarkets.fr\/app\/wp-json\/wp\/v2\/product_brand?post=3023415"},{"taxonomy":"product_cat","embeddable":true,"href":"https:\/\/streetmarkets.fr\/app\/wp-json\/wp\/v2\/product_cat?post=3023415"},{"taxonomy":"product_tag","embeddable":true,"href":"https:\/\/streetmarkets.fr\/app\/wp-json\/wp\/v2\/product_tag?post=3023415"}],"curies":[{"name":"wp","href":"https:\/\/api.w.org\/{rel}","templated":true}]}}