{"id":3023407,"date":"2025-11-14T07:44:09","date_gmt":"2025-11-14T06:44:09","guid":{"rendered":"https:\/\/streetmarkets.fr\/app\/produit\/bracelet-izy-bracelet-peach-maayaz\/"},"modified":"2026-05-15T08:39:21","modified_gmt":"2026-05-15T06:39:21","slug":"bracelet-izy-bracelet-peach-maayaz","status":"publish","type":"product","link":"https:\/\/streetmarkets.fr\/app\/produit\/bracelet-izy-bracelet-peach-maayaz\/","title":{"rendered":"Bracelet Izy bracelet peach &#8211; Maayaz"},"content":{"rendered":"<p><span>Parfait pour superposer ou porter seul, il rehausse votre style avec son charme raffin\u00e9.<\/span><\/p>\n<ul>\n<li>Fabriqu\u00e9 \u00e0 la main de mani\u00e8re \u00e9thique au Maroc<\/li>\n<\/ul>\n","protected":false},"excerpt":{"rendered":"<p>Parfait pour superposer ou porter seul, il rehausse votre style avec son charme raffin\u00e9. Fabriqu\u00e9 \u00e0 la main de mani\u00e8re \u00e9thique au Maroc<\/p>\n","protected":false},"featured_media":3023408,"comment_status":"open","ping_status":"closed","template":"","meta":[],"product_brand":[],"product_cat":[],"product_tag":[],"acf":[],"_links":{"self":[{"href":"https:\/\/streetmarkets.fr\/app\/wp-json\/wp\/v2\/product\/3023407"}],"collection":[{"href":"https:\/\/streetmarkets.fr\/app\/wp-json\/wp\/v2\/product"}],"about":[{"href":"https:\/\/streetmarkets.fr\/app\/wp-json\/wp\/v2\/types\/product"}],"replies":[{"embeddable":true,"href":"https:\/\/streetmarkets.fr\/app\/wp-json\/wp\/v2\/comments?post=3023407"}],"wp:featuredmedia":[{"embeddable":true,"href":"https:\/\/streetmarkets.fr\/app\/wp-json\/wp\/v2\/media\/3023408"}],"wp:attachment":[{"href":"https:\/\/streetmarkets.fr\/app\/wp-json\/wp\/v2\/media?parent=3023407"}],"wp:term":[{"taxonomy":"product_brand","embeddable":true,"href":"https:\/\/streetmarkets.fr\/app\/wp-json\/wp\/v2\/product_brand?post=3023407"},{"taxonomy":"product_cat","embeddable":true,"href":"https:\/\/streetmarkets.fr\/app\/wp-json\/wp\/v2\/product_cat?post=3023407"},{"taxonomy":"product_tag","embeddable":true,"href":"https:\/\/streetmarkets.fr\/app\/wp-json\/wp\/v2\/product_tag?post=3023407"}],"curies":[{"name":"wp","href":"https:\/\/api.w.org\/{rel}","templated":true}]}}