{"id":3018008,"date":"2025-11-14T00:53:58","date_gmt":"2025-11-13T23:53:58","guid":{"rendered":"https:\/\/streetmarkets.fr\/app\/produit\/pull-hoodie-liseres-contrastes-h25-homme-taupe-chine\/"},"modified":"2026-03-09T00:49:27","modified_gmt":"2026-03-08T23:49:27","slug":"pull-hoodie-liseres-contrastes-h25-homme-taupe-chine","status":"publish","type":"product","link":"https:\/\/streetmarkets.fr\/app\/produit\/pull-hoodie-liseres-contrastes-h25-homme-taupe-chine\/","title":{"rendered":"Pull Hoodie Liser\u00e9s Contrast\u00e9s (H25 \/ HOMME \/ Taupe Chin\u00e9)"},"content":{"rendered":"<p>L&#8217;incontournable pull hoodie se r\u00e9invente cette saison orn\u00e9 de liser\u00e9s contrast\u00e9s. Confectionn\u00e9 en cachemire, il d\u00e9voile une capuche \u00e0 cordons, des manches longues et des bords c\u00f4tel\u00e9s.<\/p>\n<p>\u00a0<br \/>&#8211; Pull hoodie en 100% cachemire 2 fils certifi\u00e9 GCS\u00ae Homme <br \/>&#8211; Liser\u00e9s contrast\u00e9s <br \/>&#8211; Capuche \u00e0 cordons <br \/>&#8211; Manches longues <br \/>&#8211; Coupe droite <br \/>&#8211; Longueur regular <br \/>&#8211; Le Good Cashmere Standard\u00ae (GCS) est une norme ind\u00e9pendante pour un cachemire plus durable et plus responsable. Il vise \u00e0 am\u00e9liorer le bien-\u00eatre des ch\u00e8vres cachemire, les conditions de travail des \u00e9leveurs ainsi qu&#8217;\u00e0 prot\u00e9ger l&#8217;environnement.<\/p>\n","protected":false},"excerpt":{"rendered":"<p>L&#8217;incontournable pull hoodie se r\u00e9invente cette saison orn\u00e9 de liser\u00e9s contrast\u00e9s. Confectionn\u00e9 en cachemire, il d\u00e9voile une capuche \u00e0 cordons, des manches longues et des bords c\u00f4tel\u00e9s. \u00a0&#8211; Pull hoodie en 100% cachemire 2 fils certifi\u00e9 GCS\u00ae Homme &#8211; Liser\u00e9s contrast\u00e9s &#8211; Capuche \u00e0 cordons &#8211; Manches longues &#8211; Coupe droite &#8211; Longueur regular &#8211; [&hellip;]<\/p>\n","protected":false},"featured_media":3018009,"comment_status":"open","ping_status":"closed","template":"","meta":[],"product_brand":[6868],"product_cat":[],"product_tag":[],"acf":[],"_links":{"self":[{"href":"https:\/\/streetmarkets.fr\/app\/wp-json\/wp\/v2\/product\/3018008"}],"collection":[{"href":"https:\/\/streetmarkets.fr\/app\/wp-json\/wp\/v2\/product"}],"about":[{"href":"https:\/\/streetmarkets.fr\/app\/wp-json\/wp\/v2\/types\/product"}],"replies":[{"embeddable":true,"href":"https:\/\/streetmarkets.fr\/app\/wp-json\/wp\/v2\/comments?post=3018008"}],"wp:featuredmedia":[{"embeddable":true,"href":"https:\/\/streetmarkets.fr\/app\/wp-json\/wp\/v2\/media\/3018009"}],"wp:attachment":[{"href":"https:\/\/streetmarkets.fr\/app\/wp-json\/wp\/v2\/media?parent=3018008"}],"wp:term":[{"taxonomy":"product_brand","embeddable":true,"href":"https:\/\/streetmarkets.fr\/app\/wp-json\/wp\/v2\/product_brand?post=3018008"},{"taxonomy":"product_cat","embeddable":true,"href":"https:\/\/streetmarkets.fr\/app\/wp-json\/wp\/v2\/product_cat?post=3018008"},{"taxonomy":"product_tag","embeddable":true,"href":"https:\/\/streetmarkets.fr\/app\/wp-json\/wp\/v2\/product_tag?post=3018008"}],"curies":[{"name":"wp","href":"https:\/\/api.w.org\/{rel}","templated":true}]}}