{"id":3011907,"date":"2025-11-13T01:03:09","date_gmt":"2025-11-13T00:03:09","guid":{"rendered":"https:\/\/streetmarkets.fr\/app\/produit\/pull-col-montant-cachemire-brosse-leopard-h25-femme-leopard\/"},"modified":"2026-02-27T00:54:06","modified_gmt":"2026-02-26T23:54:06","slug":"pull-col-montant-cachemire-brosse-leopard-h25-femme-leopard","status":"publish","type":"product","link":"https:\/\/streetmarkets.fr\/app\/produit\/pull-col-montant-cachemire-brosse-leopard-h25-femme-leopard\/","title":{"rendered":"Pull Col Montant Cachemire Bross\u00e9 L\u00e9opard (H25 \/ FEMME \/ Leopard)"},"content":{"rendered":"<p>&#8211; Pull en cachemire bross\u00e9 2 fils certifi\u00e9 GCS\u00ae Femme<br \/>\n<br \/>&#8211; Col montant<br \/>\n<br \/>&#8211; Motif l\u00e9opard<br \/>\n<br \/>&#8211; Manches longues<br \/>\n<br \/>&#8211; Coupe regular<br \/>\n<br \/>&#8211; Le Good Cashmere Standard\u00ae (GCS) est une norme ind\u00e9pendante pour un cachemire plus durable et plus responsable. Il vise \u00e0 am\u00e9liorer le bien-\u00eatre des ch\u00e8vres cachemire, les conditions de travail des \u00e9leveurs ainsi qu&#8217;\u00e0 prot\u00e9ger l&#8217;environnement.<\/p>\n","protected":false},"excerpt":{"rendered":"<p>&#8211; Pull en cachemire bross\u00e9 2 fils certifi\u00e9 GCS\u00ae Femme &#8211; Col montant &#8211; Motif l\u00e9opard &#8211; Manches longues &#8211; Coupe regular &#8211; Le Good Cashmere Standard\u00ae (GCS) est une norme ind\u00e9pendante pour un cachemire plus durable et plus responsable. Il vise \u00e0 am\u00e9liorer le bien-\u00eatre des ch\u00e8vres cachemire, les conditions de travail des \u00e9leveurs [&hellip;]<\/p>\n","protected":false},"featured_media":3011908,"comment_status":"open","ping_status":"closed","template":"","meta":[],"product_brand":[6868],"product_cat":[],"product_tag":[],"acf":[],"_links":{"self":[{"href":"https:\/\/streetmarkets.fr\/app\/wp-json\/wp\/v2\/product\/3011907"}],"collection":[{"href":"https:\/\/streetmarkets.fr\/app\/wp-json\/wp\/v2\/product"}],"about":[{"href":"https:\/\/streetmarkets.fr\/app\/wp-json\/wp\/v2\/types\/product"}],"replies":[{"embeddable":true,"href":"https:\/\/streetmarkets.fr\/app\/wp-json\/wp\/v2\/comments?post=3011907"}],"wp:featuredmedia":[{"embeddable":true,"href":"https:\/\/streetmarkets.fr\/app\/wp-json\/wp\/v2\/media\/3011908"}],"wp:attachment":[{"href":"https:\/\/streetmarkets.fr\/app\/wp-json\/wp\/v2\/media?parent=3011907"}],"wp:term":[{"taxonomy":"product_brand","embeddable":true,"href":"https:\/\/streetmarkets.fr\/app\/wp-json\/wp\/v2\/product_brand?post=3011907"},{"taxonomy":"product_cat","embeddable":true,"href":"https:\/\/streetmarkets.fr\/app\/wp-json\/wp\/v2\/product_cat?post=3011907"},{"taxonomy":"product_tag","embeddable":true,"href":"https:\/\/streetmarkets.fr\/app\/wp-json\/wp\/v2\/product_tag?post=3011907"}],"curies":[{"name":"wp","href":"https:\/\/api.w.org\/{rel}","templated":true}]}}