{"id":3011883,"date":"2025-11-13T01:01:25","date_gmt":"2025-11-13T00:01:25","guid":{"rendered":"https:\/\/streetmarkets.fr\/app\/produit\/robe-longue-bustier-col-bardot-a-strass-h25-femme-noir\/"},"modified":"2026-02-27T00:53:40","modified_gmt":"2026-02-26T23:53:40","slug":"robe-longue-bustier-col-bardot-a-strass-h25-femme-noir","status":"publish","type":"product","link":"https:\/\/streetmarkets.fr\/app\/produit\/robe-longue-bustier-col-bardot-a-strass-h25-femme-noir\/","title":{"rendered":"Robe Longue Bustier Col Bardot \u00e0 Strass (H25 \/ FEMME \/ Noir)"},"content":{"rendered":"<p>\u00c9l\u00e9gante et sensuelle, cette robe longue en laine m\u00e9rinos \u00e9pouse le corps avec souplesse, et apporte une silhouette sophistiqu\u00e9e par son encolure bardot orn\u00e9e de strass. <br \/>&#8211; Robe longue en laine merinos certifi\u00e9e RWS\u00ae Femme <br \/>&#8211; Col bardot \u00e0 galon strass\u00e9 <br \/>&#8211; Coupe slim <br \/>&#8211; Le Good Cashmere Standard\u00ae (GCS) est une norme ind\u00e9pendante pour un cachemire plus durable et plus responsable. Il vise \u00e0 am\u00e9liorer le bien-\u00eatre des ch\u00e8vres cachemire, les conditions de travail des \u00e9leveurs ainsi qu&#8217;\u00e0 prot\u00e9ger l&#8217;environnement.<\/p>\n","protected":false},"excerpt":{"rendered":"<p>\u00c9l\u00e9gante et sensuelle, cette robe longue en laine m\u00e9rinos \u00e9pouse le corps avec souplesse, et apporte une silhouette sophistiqu\u00e9e par son encolure bardot orn\u00e9e de strass. &#8211; Robe longue en laine merinos certifi\u00e9e RWS\u00ae Femme &#8211; Col bardot \u00e0 galon strass\u00e9 &#8211; Coupe slim &#8211; Le Good Cashmere Standard\u00ae (GCS) est une norme ind\u00e9pendante pour [&hellip;]<\/p>\n","protected":false},"featured_media":3011884,"comment_status":"open","ping_status":"closed","template":"","meta":[],"product_brand":[6868],"product_cat":[],"product_tag":[],"acf":[],"_links":{"self":[{"href":"https:\/\/streetmarkets.fr\/app\/wp-json\/wp\/v2\/product\/3011883"}],"collection":[{"href":"https:\/\/streetmarkets.fr\/app\/wp-json\/wp\/v2\/product"}],"about":[{"href":"https:\/\/streetmarkets.fr\/app\/wp-json\/wp\/v2\/types\/product"}],"replies":[{"embeddable":true,"href":"https:\/\/streetmarkets.fr\/app\/wp-json\/wp\/v2\/comments?post=3011883"}],"wp:featuredmedia":[{"embeddable":true,"href":"https:\/\/streetmarkets.fr\/app\/wp-json\/wp\/v2\/media\/3011884"}],"wp:attachment":[{"href":"https:\/\/streetmarkets.fr\/app\/wp-json\/wp\/v2\/media?parent=3011883"}],"wp:term":[{"taxonomy":"product_brand","embeddable":true,"href":"https:\/\/streetmarkets.fr\/app\/wp-json\/wp\/v2\/product_brand?post=3011883"},{"taxonomy":"product_cat","embeddable":true,"href":"https:\/\/streetmarkets.fr\/app\/wp-json\/wp\/v2\/product_cat?post=3011883"},{"taxonomy":"product_tag","embeddable":true,"href":"https:\/\/streetmarkets.fr\/app\/wp-json\/wp\/v2\/product_tag?post=3011883"}],"curies":[{"name":"wp","href":"https:\/\/api.w.org\/{rel}","templated":true}]}}