{"id":3011832,"date":"2025-11-13T01:01:18","date_gmt":"2025-11-13T00:01:18","guid":{"rendered":"https:\/\/streetmarkets.fr\/app\/produit\/pull-col-roule-future-ski-club-h25-femme-chocolat\/"},"modified":"2026-03-09T00:49:27","modified_gmt":"2026-03-08T23:49:27","slug":"pull-col-roule-future-ski-club-h25-femme-chocolat","status":"publish","type":"product","link":"https:\/\/streetmarkets.fr\/app\/produit\/pull-col-roule-future-ski-club-h25-femme-chocolat\/","title":{"rendered":"Pull Col Roul\u00e9 Future Ski Club (H25 \/ FEMME \/ Chocolat)"},"content":{"rendered":"<p>Pull 100 % cachemire, orn\u00e9 d\u2019un motif flocon et de l\u2019inscription Future contrast\u00e9e. Sa coupe ample et son col roul\u00e9 enveloppant offrent chaleur et confort.<\/p>\n<p>\u00a0<br \/>&#8211; Pull en 100% cachemire 6 fils certifi\u00e9 GCS\u00ae <br \/>&#8211; Motif Future flocons <br \/>&#8211; Col roul\u00e9 <br \/>&#8211; Manches longues <br \/>&#8211; Coupe droite<br \/>&#8211; Longueur regular <br \/>&#8211; Le Good Cashmere Standard\u00ae (GCS) est une norme ind\u00e9pendante pour un cachemire plus durable et plus responsable. Il vise \u00e0 am\u00e9liorer le bien-\u00eatre des ch\u00e8vres cachemire, les conditions de travail des \u00e9leveurs ainsi qu&#8217;\u00e0 prot\u00e9ger l&#8217;environnement.<\/p>\n","protected":false},"excerpt":{"rendered":"<p>Pull 100 % cachemire, orn\u00e9 d\u2019un motif flocon et de l\u2019inscription Future contrast\u00e9e. Sa coupe ample et son col roul\u00e9 enveloppant offrent chaleur et confort. \u00a0&#8211; Pull en 100% cachemire 6 fils certifi\u00e9 GCS\u00ae &#8211; Motif Future flocons &#8211; Col roul\u00e9 &#8211; Manches longues &#8211; Coupe droite&#8211; Longueur regular &#8211; Le Good Cashmere Standard\u00ae (GCS) [&hellip;]<\/p>\n","protected":false},"featured_media":3011833,"comment_status":"open","ping_status":"closed","template":"","meta":[],"product_brand":[6868],"product_cat":[],"product_tag":[],"acf":[],"_links":{"self":[{"href":"https:\/\/streetmarkets.fr\/app\/wp-json\/wp\/v2\/product\/3011832"}],"collection":[{"href":"https:\/\/streetmarkets.fr\/app\/wp-json\/wp\/v2\/product"}],"about":[{"href":"https:\/\/streetmarkets.fr\/app\/wp-json\/wp\/v2\/types\/product"}],"replies":[{"embeddable":true,"href":"https:\/\/streetmarkets.fr\/app\/wp-json\/wp\/v2\/comments?post=3011832"}],"wp:featuredmedia":[{"embeddable":true,"href":"https:\/\/streetmarkets.fr\/app\/wp-json\/wp\/v2\/media\/3011833"}],"wp:attachment":[{"href":"https:\/\/streetmarkets.fr\/app\/wp-json\/wp\/v2\/media?parent=3011832"}],"wp:term":[{"taxonomy":"product_brand","embeddable":true,"href":"https:\/\/streetmarkets.fr\/app\/wp-json\/wp\/v2\/product_brand?post=3011832"},{"taxonomy":"product_cat","embeddable":true,"href":"https:\/\/streetmarkets.fr\/app\/wp-json\/wp\/v2\/product_cat?post=3011832"},{"taxonomy":"product_tag","embeddable":true,"href":"https:\/\/streetmarkets.fr\/app\/wp-json\/wp\/v2\/product_tag?post=3011832"}],"curies":[{"name":"wp","href":"https:\/\/api.w.org\/{rel}","templated":true}]}}