{"id":3011289,"date":"2025-11-12T03:07:31","date_gmt":"2025-11-12T02:07:31","guid":{"rendered":"https:\/\/streetmarkets.fr\/app\/produit\/chasing-echo-book\/"},"modified":"2026-05-06T03:51:10","modified_gmt":"2026-05-06T01:51:10","slug":"chasing-echo-book","status":"publish","type":"product","link":"https:\/\/streetmarkets.fr\/app\/produit\/chasing-echo-book\/","title":{"rendered":"Chasing Echo Book"},"content":{"rendered":"<p class=\"p1\">Ce travail explore l\u2019esth\u00e9tique singuli\u00e8re des courses de l\u00e9vriers, un monde\u00a0codifi\u00e9 o\u00f9 la tension et l\u2019\u00e9l\u00e9gance se rencontrent. Dans ce rituel silencieux, les dossards, les museli\u00e8res et les silhouettes \u00e9lanc\u00e9es\u00a0composent une chor\u00e9graphie d\u2019instinct et de retenue, o\u00f9 l\u2019homme et l\u2019animal\u00a0partagent le m\u00eame souffle.\u00a0Attir\u00e9e par la puissance visuelle brute de cet univers, la s\u00e9rie s\u2019\u00e9loigne du r\u00e9el\u00a0pour en extraire la forme, la texture et le geste. Les symboles y sont d\u00e9plac\u00e9s,\u00a0r\u00e9interpr\u00e9t\u00e9s \u00e0 travers un regard fa\u00e7onn\u00e9 par la mode et la fiction.\u00a0Ce qui subsiste tient de la m\u00e9ditation visuelle, \u00e0 la fois physique et contemplative\u00a0un dialogue silencieux, presque sacr\u00e9, entre la performance et la gr\u00e2ce.<\/p>\n<p class=\"p1\">Un projet de Mathieu Maury et Jordan Curti,<\/p>\n<p class=\"p1\">Produit par Cort\u00e8ge, 2025<\/p>\n","protected":false},"excerpt":{"rendered":"<p>Ce travail explore l\u2019esth\u00e9tique singuli\u00e8re des courses de l\u00e9vriers, un monde\u00a0codifi\u00e9 o\u00f9 la tension et l\u2019\u00e9l\u00e9gance se rencontrent. Dans ce rituel silencieux, les dossards, les museli\u00e8res et les silhouettes \u00e9lanc\u00e9es\u00a0composent une chor\u00e9graphie d\u2019instinct et de retenue, o\u00f9 l\u2019homme et l\u2019animal\u00a0partagent le m\u00eame souffle.\u00a0Attir\u00e9e par la puissance visuelle brute de cet univers, la s\u00e9rie s\u2019\u00e9loigne du [&hellip;]<\/p>\n","protected":false},"featured_media":3011290,"comment_status":"open","ping_status":"closed","template":"","meta":[],"product_brand":[],"product_cat":[],"product_tag":[],"acf":[],"_links":{"self":[{"href":"https:\/\/streetmarkets.fr\/app\/wp-json\/wp\/v2\/product\/3011289"}],"collection":[{"href":"https:\/\/streetmarkets.fr\/app\/wp-json\/wp\/v2\/product"}],"about":[{"href":"https:\/\/streetmarkets.fr\/app\/wp-json\/wp\/v2\/types\/product"}],"replies":[{"embeddable":true,"href":"https:\/\/streetmarkets.fr\/app\/wp-json\/wp\/v2\/comments?post=3011289"}],"wp:featuredmedia":[{"embeddable":true,"href":"https:\/\/streetmarkets.fr\/app\/wp-json\/wp\/v2\/media\/3011290"}],"wp:attachment":[{"href":"https:\/\/streetmarkets.fr\/app\/wp-json\/wp\/v2\/media?parent=3011289"}],"wp:term":[{"taxonomy":"product_brand","embeddable":true,"href":"https:\/\/streetmarkets.fr\/app\/wp-json\/wp\/v2\/product_brand?post=3011289"},{"taxonomy":"product_cat","embeddable":true,"href":"https:\/\/streetmarkets.fr\/app\/wp-json\/wp\/v2\/product_cat?post=3011289"},{"taxonomy":"product_tag","embeddable":true,"href":"https:\/\/streetmarkets.fr\/app\/wp-json\/wp\/v2\/product_tag?post=3011289"}],"curies":[{"name":"wp","href":"https:\/\/api.w.org\/{rel}","templated":true}]}}