{"id":2994134,"date":"2025-11-09T07:42:54","date_gmt":"2025-11-09T06:42:54","guid":{"rendered":"https:\/\/streetmarkets.fr\/app\/produit\/jonc-mantra-let-love-be-my-compass-de-latelier-plume-selection-joee\/"},"modified":"2026-05-12T08:39:14","modified_gmt":"2026-05-12T06:39:14","slug":"jonc-mantra-let-love-be-my-compass-de-latelier-plume-selection-joee","status":"publish","type":"product","link":"https:\/\/streetmarkets.fr\/app\/produit\/jonc-mantra-let-love-be-my-compass-de-latelier-plume-selection-joee\/","title":{"rendered":"Jonc mantra &#8221; Let love be my compass &#8221; de L&#8217;Atelier Plume &#8211; S\u00e9l\u00e9ction Jo\u00e9e"},"content":{"rendered":"<p>Impr\u00e9gn\u00e9e des\u00a0symboles et couleurs du Tamil Nadu, dans le sud de l\u2019Inde.<\/p>\n<p>R\u00e9alis\u00e9 en laiton plaqu\u00e9 or 18 carats et argent 925, il s\u2019enroule d\u00e9licatement autour du poignet comme un talisman intime, charg\u00e9 de sens et d\u2019intention.<\/p>\n<p>Grav\u00e9 en relief de son mantra, il nous invite \u00e0 avancer avec douceur, \u00e0 faire de l\u2019amour une boussole dans nos choix, nos \u00e9lans, nos silences.\u00a0<\/p>\n<p>Ce bijou est le fruit d\u2019un\u00a0savoir-faire ancestral, transmis au sein d\u2019une\u00a0maison d\u2019artisans renomm\u00e9e\u00a0\u2013 les m\u00eames qui fa\u00e7onnent, chaque ann\u00e9e, les\u00a0bijoux de la famille du Maharaja du Rajasthan. Une signature d\u2019exception, entre tradition et \u00e9motion.<\/p>\n<p>Diam\u00e8tre int\u00e9rieur : 55 mm, l\u00e9g\u00e8rement ajustable<\/p>\n<p>Chaque bracelet est gliss\u00e9 dans son\u00a0pochon matelass\u00e9 en coton khadi, confectionn\u00e9 \u00e0 la main avec soin.<\/p>\n","protected":false},"excerpt":{"rendered":"<p>Impr\u00e9gn\u00e9e des\u00a0symboles et couleurs du Tamil Nadu, dans le sud de l\u2019Inde. R\u00e9alis\u00e9 en laiton plaqu\u00e9 or 18 carats et argent 925, il s\u2019enroule d\u00e9licatement autour du poignet comme un talisman intime, charg\u00e9 de sens et d\u2019intention. Grav\u00e9 en relief de son mantra, il nous invite \u00e0 avancer avec douceur, \u00e0 faire de l\u2019amour une [&hellip;]<\/p>\n","protected":false},"featured_media":2994135,"comment_status":"open","ping_status":"closed","template":"","meta":[],"product_brand":[],"product_cat":[],"product_tag":[],"acf":[],"_links":{"self":[{"href":"https:\/\/streetmarkets.fr\/app\/wp-json\/wp\/v2\/product\/2994134"}],"collection":[{"href":"https:\/\/streetmarkets.fr\/app\/wp-json\/wp\/v2\/product"}],"about":[{"href":"https:\/\/streetmarkets.fr\/app\/wp-json\/wp\/v2\/types\/product"}],"replies":[{"embeddable":true,"href":"https:\/\/streetmarkets.fr\/app\/wp-json\/wp\/v2\/comments?post=2994134"}],"wp:featuredmedia":[{"embeddable":true,"href":"https:\/\/streetmarkets.fr\/app\/wp-json\/wp\/v2\/media\/2994135"}],"wp:attachment":[{"href":"https:\/\/streetmarkets.fr\/app\/wp-json\/wp\/v2\/media?parent=2994134"}],"wp:term":[{"taxonomy":"product_brand","embeddable":true,"href":"https:\/\/streetmarkets.fr\/app\/wp-json\/wp\/v2\/product_brand?post=2994134"},{"taxonomy":"product_cat","embeddable":true,"href":"https:\/\/streetmarkets.fr\/app\/wp-json\/wp\/v2\/product_cat?post=2994134"},{"taxonomy":"product_tag","embeddable":true,"href":"https:\/\/streetmarkets.fr\/app\/wp-json\/wp\/v2\/product_tag?post=2994134"}],"curies":[{"name":"wp","href":"https:\/\/api.w.org\/{rel}","templated":true}]}}