{"id":2989317,"date":"2025-11-09T00:33:31","date_gmt":"2025-11-08T23:33:31","guid":{"rendered":"https:\/\/streetmarkets.fr\/app\/produit\/sweat-oversized-bordeaux\/"},"modified":"2025-12-14T00:30:37","modified_gmt":"2025-12-13T23:30:37","slug":"sweat-oversized-bordeaux","status":"publish","type":"product","link":"https:\/\/streetmarkets.fr\/app\/produit\/sweat-oversized-bordeaux\/","title":{"rendered":"Sweat Oversized Bordeaux"},"content":{"rendered":"<p>Sweat ample \u00e0 capuche avec fermeture \u00e9clair sur le devant et cordons contrast\u00e9s, deux poches avant<\/p>\n<p>50% Coton 50% Polyester<\/p>\n","protected":false},"excerpt":{"rendered":"<p>Sweat ample \u00e0 capuche avec fermeture \u00e9clair sur le devant et cordons contrast\u00e9s, deux poches avant 50% Coton 50% Polyester<\/p>\n","protected":false},"featured_media":2989318,"comment_status":"open","ping_status":"closed","template":"","meta":[],"product_brand":[],"product_cat":[],"product_tag":[],"acf":[],"_links":{"self":[{"href":"https:\/\/streetmarkets.fr\/app\/wp-json\/wp\/v2\/product\/2989317"}],"collection":[{"href":"https:\/\/streetmarkets.fr\/app\/wp-json\/wp\/v2\/product"}],"about":[{"href":"https:\/\/streetmarkets.fr\/app\/wp-json\/wp\/v2\/types\/product"}],"replies":[{"embeddable":true,"href":"https:\/\/streetmarkets.fr\/app\/wp-json\/wp\/v2\/comments?post=2989317"}],"wp:featuredmedia":[{"embeddable":true,"href":"https:\/\/streetmarkets.fr\/app\/wp-json\/wp\/v2\/media\/2989318"}],"wp:attachment":[{"href":"https:\/\/streetmarkets.fr\/app\/wp-json\/wp\/v2\/media?parent=2989317"}],"wp:term":[{"taxonomy":"product_brand","embeddable":true,"href":"https:\/\/streetmarkets.fr\/app\/wp-json\/wp\/v2\/product_brand?post=2989317"},{"taxonomy":"product_cat","embeddable":true,"href":"https:\/\/streetmarkets.fr\/app\/wp-json\/wp\/v2\/product_cat?post=2989317"},{"taxonomy":"product_tag","embeddable":true,"href":"https:\/\/streetmarkets.fr\/app\/wp-json\/wp\/v2\/product_tag?post=2989317"}],"curies":[{"name":"wp","href":"https:\/\/api.w.org\/{rel}","templated":true}]}}