{"id":2989276,"date":"2025-11-09T00:33:28","date_gmt":"2025-11-08T23:33:28","guid":{"rendered":"https:\/\/streetmarkets.fr\/app\/produit\/sweat-elza\/"},"modified":"2025-12-14T00:30:37","modified_gmt":"2025-12-13T23:30:37","slug":"sweat-elza","status":"publish","type":"product","link":"https:\/\/streetmarkets.fr\/app\/produit\/sweat-elza\/","title":{"rendered":"Sweat Elza Navy"},"content":{"rendered":"<div class=\"col-xs-8\">\n<div>Sweat navy en molleton doux \u00e0 col camionneur,\u00a0 coupe droite oversized et courte, cordons de serrage \u00e0 la taille, doublure int\u00e9rieure en tissu \u00e9ponge blanc ultra doux et confortable, poignets resserr\u00e9s<\/div>\n<\/div>\n<div>Taille unique<\/div>\n<div class=\"col-xs-8\">\n<div><\/div>\n<\/div>\n<div>95% Coton 5% Polyester<\/div>\n<div class=\"col-xs-4 align-right social\"><\/div>\n","protected":false},"excerpt":{"rendered":"<p>Sweat navy en molleton doux \u00e0 col camionneur,\u00a0 coupe droite oversized et courte, cordons de serrage \u00e0 la taille, doublure int\u00e9rieure en tissu \u00e9ponge blanc ultra doux et confortable, poignets resserr\u00e9s Taille unique 95% Coton 5% Polyester<\/p>\n","protected":false},"featured_media":2989277,"comment_status":"open","ping_status":"closed","template":"","meta":[],"product_brand":[],"product_cat":[],"product_tag":[],"acf":[],"_links":{"self":[{"href":"https:\/\/streetmarkets.fr\/app\/wp-json\/wp\/v2\/product\/2989276"}],"collection":[{"href":"https:\/\/streetmarkets.fr\/app\/wp-json\/wp\/v2\/product"}],"about":[{"href":"https:\/\/streetmarkets.fr\/app\/wp-json\/wp\/v2\/types\/product"}],"replies":[{"embeddable":true,"href":"https:\/\/streetmarkets.fr\/app\/wp-json\/wp\/v2\/comments?post=2989276"}],"wp:featuredmedia":[{"embeddable":true,"href":"https:\/\/streetmarkets.fr\/app\/wp-json\/wp\/v2\/media\/2989277"}],"wp:attachment":[{"href":"https:\/\/streetmarkets.fr\/app\/wp-json\/wp\/v2\/media?parent=2989276"}],"wp:term":[{"taxonomy":"product_brand","embeddable":true,"href":"https:\/\/streetmarkets.fr\/app\/wp-json\/wp\/v2\/product_brand?post=2989276"},{"taxonomy":"product_cat","embeddable":true,"href":"https:\/\/streetmarkets.fr\/app\/wp-json\/wp\/v2\/product_cat?post=2989276"},{"taxonomy":"product_tag","embeddable":true,"href":"https:\/\/streetmarkets.fr\/app\/wp-json\/wp\/v2\/product_tag?post=2989276"}],"curies":[{"name":"wp","href":"https:\/\/api.w.org\/{rel}","templated":true}]}}