{"id":2983859,"date":"2025-11-08T00:28:10","date_gmt":"2025-11-07T23:28:10","guid":{"rendered":"https:\/\/streetmarkets.fr\/app\/produit\/chaussettes-boogie-woogie\/"},"modified":"2026-05-09T01:16:55","modified_gmt":"2026-05-08T23:16:55","slug":"chaussettes-boogie-woogie","status":"publish","type":"product","link":"https:\/\/streetmarkets.fr\/app\/produit\/chaussettes-boogie-woogie\/","title":{"rendered":"Chaussettes Boogie-Woogie"},"content":{"rendered":"<p class=\"p1\"><a title=\"Collection Atelier St Eustache\" href=\"https:\/\/frenchtouche.com\/collections\/atelier-st-eustache\"><span><strong>Collection Atelier St Eustache<\/strong><\/span><\/a><span><\/span><\/p>\n<div>\n<p data-end=\"312\" data-start=\"90\">Chaussettes paillet\u00e9es brun chaud, rehauss\u00e9es de paillettes dor\u00e9es et d\u2019un rebord cuivr\u00e9 roul\u00e9 sur le mollet. Un accessoire \u00e9l\u00e9gant \u00e0 porter avec escarpins ou mocassins noirs, et une touche dor\u00e9e ou marron dans la tenue.<\/p>\n<p data-end=\"430\" data-start=\"314\">Pr\u00e9sent\u00e9es dans une jolie bo\u00eete cadeau, avec QR code menant \u00e0 une playlist exclusive pour les f\u00eates de fin d\u2019ann\u00e9e !<\/p>\n<ul>\n<li data-end=\"430\" data-start=\"314\">Taille unique : 36 &#8211; 41<\/li>\n<li data-end=\"430\" data-start=\"314\">\n<span style=\"font-family: -apple-system, BlinkMacSystemFont, 'San Francisco', 'Segoe UI', Roboto, 'Helvetica Neue', sans-serif;font-size: 0.875rem\">Composition<\/span><span style=\"font-family: -apple-system, BlinkMacSystemFont, 'San Francisco', 'Segoe UI', Roboto, 'Helvetica Neue', sans-serif;font-size: 0.875rem\">\u00a0<\/span><span style=\"font-family: -apple-system, BlinkMacSystemFont, 'San Francisco', 'Segoe UI', Roboto, 'Helvetica Neue', sans-serif;font-size: 0.875rem\">:  <span>70% Viscose, 14% Polyester, 8% Polyamide, 5% Coton, 3% Elastane<\/span><\/span>\n<\/li>\n<li data-end=\"430\" data-start=\"314\">Guide des tailles<span style=\"font-family: -apple-system, BlinkMacSystemFont, 'San Francisco', 'Segoe UI', Roboto, 'Helvetica Neue', sans-serif;font-size: 0.875rem\">\u00a0<\/span><span style=\"font-family: -apple-system, BlinkMacSystemFont, 'San Francisco', 'Segoe UI', Roboto, 'Helvetica Neue', sans-serif;font-size: 0.875rem\">: l<span>es chaussettes contiennent de l&#8217;\u00e9lasthanne et taillent normalement<\/span><\/span>\n<\/li>\n<li data-end=\"430\" data-start=\"314\">Conseils d&#8217;entretien : l<span>avage \u00e0 la main ou en machine \u00e0 30\u00b0, dans un filet (ou dans les poches des pantalons)<\/span>\n<\/li>\n<li data-end=\"430\" data-start=\"314\"><span>Ne pas mettre au s\u00e8che-linge<\/span><\/li>\n<\/ul>\n<\/div>\n<div style=\"text-align: left\">:: Imagin\u00e9es en France, fabriqu\u00e9es en Italie ::<\/div>\n","protected":false},"excerpt":{"rendered":"<p>Collection Atelier St Eustache Chaussettes paillet\u00e9es brun chaud, rehauss\u00e9es de paillettes dor\u00e9es et d\u2019un rebord cuivr\u00e9 roul\u00e9 sur le mollet. Un accessoire \u00e9l\u00e9gant \u00e0 porter avec escarpins ou mocassins noirs, et une touche dor\u00e9e ou marron dans la tenue. Pr\u00e9sent\u00e9es dans une jolie bo\u00eete cadeau, avec QR code menant \u00e0 une playlist exclusive pour les [&hellip;]<\/p>\n","protected":false},"featured_media":2983860,"comment_status":"open","ping_status":"closed","template":"","meta":[],"product_brand":[],"product_cat":[],"product_tag":[],"acf":[],"_links":{"self":[{"href":"https:\/\/streetmarkets.fr\/app\/wp-json\/wp\/v2\/product\/2983859"}],"collection":[{"href":"https:\/\/streetmarkets.fr\/app\/wp-json\/wp\/v2\/product"}],"about":[{"href":"https:\/\/streetmarkets.fr\/app\/wp-json\/wp\/v2\/types\/product"}],"replies":[{"embeddable":true,"href":"https:\/\/streetmarkets.fr\/app\/wp-json\/wp\/v2\/comments?post=2983859"}],"wp:featuredmedia":[{"embeddable":true,"href":"https:\/\/streetmarkets.fr\/app\/wp-json\/wp\/v2\/media\/2983860"}],"wp:attachment":[{"href":"https:\/\/streetmarkets.fr\/app\/wp-json\/wp\/v2\/media?parent=2983859"}],"wp:term":[{"taxonomy":"product_brand","embeddable":true,"href":"https:\/\/streetmarkets.fr\/app\/wp-json\/wp\/v2\/product_brand?post=2983859"},{"taxonomy":"product_cat","embeddable":true,"href":"https:\/\/streetmarkets.fr\/app\/wp-json\/wp\/v2\/product_cat?post=2983859"},{"taxonomy":"product_tag","embeddable":true,"href":"https:\/\/streetmarkets.fr\/app\/wp-json\/wp\/v2\/product_tag?post=2983859"}],"curies":[{"name":"wp","href":"https:\/\/api.w.org\/{rel}","templated":true}]}}