{"id":2967172,"date":"2025-11-05T00:54:03","date_gmt":"2025-11-04T23:54:03","guid":{"rendered":"https:\/\/streetmarkets.fr\/app\/produit\/chaussettes-mi-hautes-h25-accessoires-taupe-chine\/"},"modified":"2026-01-08T01:14:06","modified_gmt":"2026-01-08T00:14:06","slug":"chaussettes-mi-hautes-h25-accessoires-taupe-chine","status":"publish","type":"product","link":"https:\/\/streetmarkets.fr\/app\/produit\/chaussettes-mi-hautes-h25-accessoires-taupe-chine\/","title":{"rendered":"Chaussettes Mi-hautes (H25 \/ ACCESSOIRES \/ Taupe Chin\u00e9)"},"content":{"rendered":"<p>Ponctuez votre silhouette avec ces chaussettes mi-hautes confectionn\u00e9es en cachemire. C\u00f4tel\u00e9es et ajust\u00e9es aux chevilles, elles viendront parfaire vos tenues casual comme plus sophistiqu\u00e9es.<\/p>\n<p>&#8211; Chaussettes mi-hautes en cachemire certifi\u00e9 GCS\u00ae<br \/>\n<br \/>&#8211; C\u00f4tel\u00e9es<br \/>\n<br \/>&#8211; Ajust\u00e9es aux chevilles<br \/>\n<br \/>&#8211; Coupe regular<br \/>\n<br \/>&#8211; Le Good Cashmere Standard\u00ae (GCS) est une norme ind\u00e9pendante pour un cachemire plus durable et plus responsable. Il vise \u00e0 am\u00e9liorer le bien-\u00eatre des ch\u00e8vres cachemire, les conditions de travail des \u00e9leveurs ainsi qu&#8217;\u00e0 prot\u00e9ger l&#8217;environnement.<br \/>&#8211; <u>Cachemire 4 fils<\/u> <\/p>\n","protected":false},"excerpt":{"rendered":"<p>Ponctuez votre silhouette avec ces chaussettes mi-hautes confectionn\u00e9es en cachemire. C\u00f4tel\u00e9es et ajust\u00e9es aux chevilles, elles viendront parfaire vos tenues casual comme plus sophistiqu\u00e9es. &#8211; Chaussettes mi-hautes en cachemire certifi\u00e9 GCS\u00ae &#8211; C\u00f4tel\u00e9es &#8211; Ajust\u00e9es aux chevilles &#8211; Coupe regular &#8211; Le Good Cashmere Standard\u00ae (GCS) est une norme ind\u00e9pendante pour un cachemire plus durable [&hellip;]<\/p>\n","protected":false},"featured_media":2967173,"comment_status":"open","ping_status":"closed","template":"","meta":[],"product_brand":[6868],"product_cat":[],"product_tag":[],"acf":[],"_links":{"self":[{"href":"https:\/\/streetmarkets.fr\/app\/wp-json\/wp\/v2\/product\/2967172"}],"collection":[{"href":"https:\/\/streetmarkets.fr\/app\/wp-json\/wp\/v2\/product"}],"about":[{"href":"https:\/\/streetmarkets.fr\/app\/wp-json\/wp\/v2\/types\/product"}],"replies":[{"embeddable":true,"href":"https:\/\/streetmarkets.fr\/app\/wp-json\/wp\/v2\/comments?post=2967172"}],"wp:featuredmedia":[{"embeddable":true,"href":"https:\/\/streetmarkets.fr\/app\/wp-json\/wp\/v2\/media\/2967173"}],"wp:attachment":[{"href":"https:\/\/streetmarkets.fr\/app\/wp-json\/wp\/v2\/media?parent=2967172"}],"wp:term":[{"taxonomy":"product_brand","embeddable":true,"href":"https:\/\/streetmarkets.fr\/app\/wp-json\/wp\/v2\/product_brand?post=2967172"},{"taxonomy":"product_cat","embeddable":true,"href":"https:\/\/streetmarkets.fr\/app\/wp-json\/wp\/v2\/product_cat?post=2967172"},{"taxonomy":"product_tag","embeddable":true,"href":"https:\/\/streetmarkets.fr\/app\/wp-json\/wp\/v2\/product_tag?post=2967172"}],"curies":[{"name":"wp","href":"https:\/\/api.w.org\/{rel}","templated":true}]}}