{"id":2967115,"date":"2025-11-05T00:53:42","date_gmt":"2025-11-04T23:53:42","guid":{"rendered":"https:\/\/streetmarkets.fr\/app\/produit\/gants-regular-h25-accessoires-sable\/"},"modified":"2026-02-27T00:54:06","modified_gmt":"2026-02-26T23:54:06","slug":"gants-regular-h25-accessoires-sable","status":"publish","type":"product","link":"https:\/\/streetmarkets.fr\/app\/produit\/gants-regular-h25-accessoires-sable\/","title":{"rendered":"Gants Regular (H25 \/ ACCESSOIRES \/ Sable)"},"content":{"rendered":"<p>Confectionn\u00e9s en cachemire, ces gants c\u00f4tel\u00e9s r\u00e9chauffent vos silhouettes de saison en douceur. Ajust\u00e9s aux poignets, ils se d\u00e9clinent dans un colorama in\u00e9dit pour apporter une touche d&#8217;\u00e9clat \u00e0 votre allure.<\/p>\n<p>&#8211; Gants en cachemire 4 fils certifi\u00e9 GCS\u00ae <br \/>&#8211; C\u00f4tel\u00e9s <br \/>&#8211; Ajust\u00e9s aux poignets\u00a0<br \/>&#8211; Le Good Cashmere Standard\u00ae (GCS) est une norme ind\u00e9pendante pour un cachemire plus durable et plus responsable. Il vise \u00e0 am\u00e9liorer le bien-\u00eatre des ch\u00e8vres cachemire, les conditions de travail des \u00e9leveurs ainsi qu&#8217;\u00e0 prot\u00e9ger l&#8217;environnement.<\/p>\n","protected":false},"excerpt":{"rendered":"<p>Confectionn\u00e9s en cachemire, ces gants c\u00f4tel\u00e9s r\u00e9chauffent vos silhouettes de saison en douceur. Ajust\u00e9s aux poignets, ils se d\u00e9clinent dans un colorama in\u00e9dit pour apporter une touche d&#8217;\u00e9clat \u00e0 votre allure. &#8211; Gants en cachemire 4 fils certifi\u00e9 GCS\u00ae &#8211; C\u00f4tel\u00e9s &#8211; Ajust\u00e9s aux poignets\u00a0&#8211; Le Good Cashmere Standard\u00ae (GCS) est une norme ind\u00e9pendante pour [&hellip;]<\/p>\n","protected":false},"featured_media":2967116,"comment_status":"open","ping_status":"closed","template":"","meta":[],"product_brand":[6868],"product_cat":[],"product_tag":[],"acf":[],"_links":{"self":[{"href":"https:\/\/streetmarkets.fr\/app\/wp-json\/wp\/v2\/product\/2967115"}],"collection":[{"href":"https:\/\/streetmarkets.fr\/app\/wp-json\/wp\/v2\/product"}],"about":[{"href":"https:\/\/streetmarkets.fr\/app\/wp-json\/wp\/v2\/types\/product"}],"replies":[{"embeddable":true,"href":"https:\/\/streetmarkets.fr\/app\/wp-json\/wp\/v2\/comments?post=2967115"}],"wp:featuredmedia":[{"embeddable":true,"href":"https:\/\/streetmarkets.fr\/app\/wp-json\/wp\/v2\/media\/2967116"}],"wp:attachment":[{"href":"https:\/\/streetmarkets.fr\/app\/wp-json\/wp\/v2\/media?parent=2967115"}],"wp:term":[{"taxonomy":"product_brand","embeddable":true,"href":"https:\/\/streetmarkets.fr\/app\/wp-json\/wp\/v2\/product_brand?post=2967115"},{"taxonomy":"product_cat","embeddable":true,"href":"https:\/\/streetmarkets.fr\/app\/wp-json\/wp\/v2\/product_cat?post=2967115"},{"taxonomy":"product_tag","embeddable":true,"href":"https:\/\/streetmarkets.fr\/app\/wp-json\/wp\/v2\/product_tag?post=2967115"}],"curies":[{"name":"wp","href":"https:\/\/api.w.org\/{rel}","templated":true}]}}