{"id":2967081,"date":"2025-11-05T00:53:39","date_gmt":"2025-11-04T23:53:39","guid":{"rendered":"https:\/\/streetmarkets.fr\/app\/produit\/chaussettes-mi-hautes-h25-accessoires-raspberry-pink\/"},"modified":"2025-12-19T00:54:44","modified_gmt":"2025-12-18T23:54:44","slug":"chaussettes-mi-hautes-h25-accessoires-raspberry-pink","status":"publish","type":"product","link":"https:\/\/streetmarkets.fr\/app\/produit\/chaussettes-mi-hautes-h25-accessoires-raspberry-pink\/","title":{"rendered":"Chaussettes Mi-hautes (H25 \/ ACCESSOIRES \/ Raspberry Pink)"},"content":{"rendered":"<p>D\u00e9clin\u00e9 dans un colorama in\u00e9dit, ces chaussettes mi-hautes apportent une touche d&#8217;\u00e9clat \u00e0 votre allure. Confectionn\u00e9es en cachemire, un c\u0153ur brod\u00e9 &#8220;Future&#8221; se d\u00e9voile, vous invitant \u00e0 rejoindre le Club ! C\u00f4tel\u00e9es et ajust\u00e9es aux chevilles, elles se portent sans mod\u00e9ration et autorisent tous les styles.<\/p>\n<p>&#8211; Chaussettes mi-hautes en cachemire 4 fils certifi\u00e9 GCS\u00ae<br \/>\n<br \/>&#8211; C\u0153ur brod\u00e9 &#8220;Future&#8221;<br \/>\n<br \/>&#8211; C\u00f4tel\u00e9es<br \/>\n<br \/>&#8211; Ajust\u00e9es aux chevilles<br \/>\n<br \/>&#8211; Coupe regular<br \/>\n<br \/>&#8211; Le Good Cashmere Standard\u00ae (GCS) est une norme ind\u00e9pendante pour un cachemire plus durable et plus responsable. Il vise \u00e0 am\u00e9liorer le bien-\u00eatre des ch\u00e8vres cachemire, les conditions de travail des \u00e9leveurs ainsi qu&#8217;\u00e0 prot\u00e9ger l&#8217;environnement.<\/p>\n","protected":false},"excerpt":{"rendered":"<p>D\u00e9clin\u00e9 dans un colorama in\u00e9dit, ces chaussettes mi-hautes apportent une touche d&#8217;\u00e9clat \u00e0 votre allure. Confectionn\u00e9es en cachemire, un c\u0153ur brod\u00e9 &#8220;Future&#8221; se d\u00e9voile, vous invitant \u00e0 rejoindre le Club ! C\u00f4tel\u00e9es et ajust\u00e9es aux chevilles, elles se portent sans mod\u00e9ration et autorisent tous les styles. &#8211; Chaussettes mi-hautes en cachemire 4 fils certifi\u00e9 GCS\u00ae [&hellip;]<\/p>\n","protected":false},"featured_media":2967082,"comment_status":"open","ping_status":"closed","template":"","meta":[],"product_brand":[6868],"product_cat":[],"product_tag":[],"acf":[],"_links":{"self":[{"href":"https:\/\/streetmarkets.fr\/app\/wp-json\/wp\/v2\/product\/2967081"}],"collection":[{"href":"https:\/\/streetmarkets.fr\/app\/wp-json\/wp\/v2\/product"}],"about":[{"href":"https:\/\/streetmarkets.fr\/app\/wp-json\/wp\/v2\/types\/product"}],"replies":[{"embeddable":true,"href":"https:\/\/streetmarkets.fr\/app\/wp-json\/wp\/v2\/comments?post=2967081"}],"wp:featuredmedia":[{"embeddable":true,"href":"https:\/\/streetmarkets.fr\/app\/wp-json\/wp\/v2\/media\/2967082"}],"wp:attachment":[{"href":"https:\/\/streetmarkets.fr\/app\/wp-json\/wp\/v2\/media?parent=2967081"}],"wp:term":[{"taxonomy":"product_brand","embeddable":true,"href":"https:\/\/streetmarkets.fr\/app\/wp-json\/wp\/v2\/product_brand?post=2967081"},{"taxonomy":"product_cat","embeddable":true,"href":"https:\/\/streetmarkets.fr\/app\/wp-json\/wp\/v2\/product_cat?post=2967081"},{"taxonomy":"product_tag","embeddable":true,"href":"https:\/\/streetmarkets.fr\/app\/wp-json\/wp\/v2\/product_tag?post=2967081"}],"curies":[{"name":"wp","href":"https:\/\/api.w.org\/{rel}","templated":true}]}}