{"id":2961914,"date":"2025-11-03T05:53:58","date_gmt":"2025-11-03T04:53:58","guid":{"rendered":"https:\/\/streetmarkets.fr\/app\/produit\/kai-corduroy-cargo-pants\/"},"modified":"2026-03-16T05:49:58","modified_gmt":"2026-03-16T04:49:58","slug":"kai-corduroy-cargo-pants","status":"publish","type":"product","link":"https:\/\/streetmarkets.fr\/app\/produit\/kai-corduroy-cargo-pants\/","title":{"rendered":"Kai Corduroy Cargo Pants"},"content":{"rendered":"<p data-start=\"277\" data-end=\"740\">Les <strong data-start=\"281\" data-end=\"309\">Kai Corduroy Cargo Pants<\/strong> de Les Deux revisitent le pantalon cargo avec une approche plus urbaine et textur\u00e9e gr\u00e2ce \u00e0 leur <strong data-start=\"407\" data-end=\"452\">velours c\u00f4tel\u00e9 \u00e0 larges c\u00f4tes<\/strong>. Con\u00e7us en <strong data-start=\"464\" data-end=\"478\">98 % coton<\/strong> avec une l\u00e9g\u00e8re touche d\u2019<strong data-start=\"504\" data-end=\"518\">\u00e9lasthanne<\/strong>, ils offrent un tomb\u00e9 confortable, une douceur naturelle et une belle tenue. Leur <strong data-start=\"601\" data-end=\"626\">coupe loose et droite<\/strong>, volontairement ample, apporte une allure moderne et affirm\u00e9e tout en laissant une grande libert\u00e9 de mouvement.<\/p>\n<p data-start=\"742\" data-end=\"1105\">Fid\u00e8les \u00e0 l\u2019esprit cargo, ils int\u00e8grent de <strong data-start=\"785\" data-end=\"812\">grandes poches plaqu\u00e9es<\/strong> sur les c\u00f4t\u00e9s, compl\u00e9t\u00e9es par <strong data-start=\"843\" data-end=\"878\">des poches lat\u00e9rales et arri\u00e8re<\/strong>, pratiques et fonctionnelles au quotidien. Fermeture <strong data-start=\"932\" data-end=\"952\">zipp\u00e9e et bouton<\/strong>, finitions propres et silhouette contemporaine : un mod\u00e8le pens\u00e9 pour accompagner aussi bien un sweat casual qu\u2019une surchemise ou une maille textur\u00e9e.<\/p>\n<p data-start=\"1107\" data-end=\"1274\">Pi\u00e8ce forte de saison, les Kai Corduroy Cargo Pants s\u2019imposent comme un incontournable du vestiaire masculin chez Harold, m\u00ealant style utilitaire et confort premium.<\/p>\n<p data-start=\"1276\" data-end=\"1295\"><strong data-start=\"1276\" data-end=\"1293\">Points cl\u00e9s :<\/strong><\/p>\n<ul data-start=\"1296\" data-end=\"1511\">\n<li data-start=\"1350\" data-end=\"1392\">\n<p data-start=\"1352\" data-end=\"1392\">Coupe loose &amp; droite, silhouette ample<\/p>\n<\/li>\n<li data-start=\"1393\" data-end=\"1448\">\n<p data-start=\"1395\" data-end=\"1448\">Poches cargo plaqu\u00e9es + poches lat\u00e9rales et arri\u00e8re<\/p>\n<\/li>\n<li data-start=\"1449\" data-end=\"1481\">\n<p data-start=\"1451\" data-end=\"1481\">Fermeture zipp\u00e9e avec bouton<\/p>\n<\/li>\n<li data-start=\"1482\" data-end=\"1511\">\n<p data-start=\"1484\" data-end=\"1511\">Look utilitaire modernis\u00e9<\/p>\n<\/li>\n<\/ul>\n","protected":false},"excerpt":{"rendered":"<p>Les Kai Corduroy Cargo Pants de Les Deux revisitent le pantalon cargo avec une approche plus urbaine et textur\u00e9e gr\u00e2ce \u00e0 leur velours c\u00f4tel\u00e9 \u00e0 larges c\u00f4tes. Con\u00e7us en 98 % coton avec une l\u00e9g\u00e8re touche d\u2019\u00e9lasthanne, ils offrent un tomb\u00e9 confortable, une douceur naturelle et une belle tenue. Leur coupe loose et droite, volontairement [&hellip;]<\/p>\n","protected":false},"featured_media":2961915,"comment_status":"open","ping_status":"closed","template":"","meta":[],"product_brand":[],"product_cat":[],"product_tag":[],"acf":[],"_links":{"self":[{"href":"https:\/\/streetmarkets.fr\/app\/wp-json\/wp\/v2\/product\/2961914"}],"collection":[{"href":"https:\/\/streetmarkets.fr\/app\/wp-json\/wp\/v2\/product"}],"about":[{"href":"https:\/\/streetmarkets.fr\/app\/wp-json\/wp\/v2\/types\/product"}],"replies":[{"embeddable":true,"href":"https:\/\/streetmarkets.fr\/app\/wp-json\/wp\/v2\/comments?post=2961914"}],"wp:featuredmedia":[{"embeddable":true,"href":"https:\/\/streetmarkets.fr\/app\/wp-json\/wp\/v2\/media\/2961915"}],"wp:attachment":[{"href":"https:\/\/streetmarkets.fr\/app\/wp-json\/wp\/v2\/media?parent=2961914"}],"wp:term":[{"taxonomy":"product_brand","embeddable":true,"href":"https:\/\/streetmarkets.fr\/app\/wp-json\/wp\/v2\/product_brand?post=2961914"},{"taxonomy":"product_cat","embeddable":true,"href":"https:\/\/streetmarkets.fr\/app\/wp-json\/wp\/v2\/product_cat?post=2961914"},{"taxonomy":"product_tag","embeddable":true,"href":"https:\/\/streetmarkets.fr\/app\/wp-json\/wp\/v2\/product_tag?post=2961914"}],"curies":[{"name":"wp","href":"https:\/\/api.w.org\/{rel}","templated":true}]}}