{"id":2961840,"date":"2025-11-03T05:53:48","date_gmt":"2025-11-03T04:53:48","guid":{"rendered":"https:\/\/streetmarkets.fr\/app\/produit\/kaleb-flower-jacquard-overshirt\/"},"modified":"2026-03-16T05:49:58","modified_gmt":"2026-03-16T04:49:58","slug":"kaleb-flower-jacquard-overshirt","status":"publish","type":"product","link":"https:\/\/streetmarkets.fr\/app\/produit\/kaleb-flower-jacquard-overshirt\/","title":{"rendered":"Kaleb Flower Jacquard Overshirt"},"content":{"rendered":"<p data-start=\"190\" data-end=\"588\">La <strong data-start=\"193\" data-end=\"228\">Kaleb Flower Jacquard Overshirt<\/strong> de Les Deux est une pi\u00e8ce \u00e9l\u00e9gante et polyvalente qui apporte une sophistication discr\u00e8te au vestiaire masculin. Confectionn\u00e9e dans un <strong data-start=\"364\" data-end=\"382\">jacquard riche,<\/strong>\u00a0elle pr\u00e9sente un <strong data-start=\"441\" data-end=\"464\">motif floral subtil<\/strong> int\u00e9gr\u00e9 directement dans la trame du tissu, offrant relief, profondeur et une esth\u00e9tique raffin\u00e9e sans \u00eatre ostentatoire.<\/p>\n<p data-start=\"590\" data-end=\"1061\">Sa <strong data-start=\"593\" data-end=\"610\">coupe regular<\/strong> assure un tomb\u00e9 \u00e9quilibr\u00e9, facile \u00e0 porter sur un t-shirt, une maille fine ou m\u00eame une chemise selon la saison. Elle se distingue par un <strong data-start=\"748\" data-end=\"765\">col classique<\/strong>, un <strong data-start=\"770\" data-end=\"799\">boutonnage frontal soign\u00e9<\/strong>, une <strong data-start=\"805\" data-end=\"823\">poche poitrine<\/strong> fonctionnelle et un <strong data-start=\"844\" data-end=\"870\">empi\u00e8cement dos propre<\/strong> qui lui conf\u00e8rent une silhouette nette et moderne. Les <strong data-start=\"926\" data-end=\"949\">poignets ajustables<\/strong> et l\u2019<strong data-start=\"955\" data-end=\"971\">ourlet droit<\/strong> compl\u00e8tent une overshirt pens\u00e9e pour s\u2019int\u00e9grer naturellement \u00e0 vos looks du quotidien.<\/p>\n<p data-start=\"1063\" data-end=\"1352\">Polyvalente par essence, la Kaleb Overshirt s\u2019associe aussi bien \u00e0 un jean brut qu\u2019\u00e0 un pantalon habill\u00e9, offrant une option id\u00e9ale pour un style casual chic ou pour apporter une touche de caract\u00e8re \u00e0 une tenue plus sobre. Une pi\u00e8ce forte mais facile \u00e0 vivre, fid\u00e8le \u00e0 l\u2019ADN de Les Deux.<\/p>\n<p data-start=\"1354\" data-end=\"1373\"><strong data-start=\"1354\" data-end=\"1371\">Points cl\u00e9s :<\/strong><\/p>\n<ul data-start=\"1374\" data-end=\"1637\">\n<li data-start=\"1374\" data-end=\"1429\">\n<p data-start=\"1376\" data-end=\"1429\">Jacquard floral subtil (77 % polyester, 23 % coton)<\/p>\n<\/li>\n<li data-start=\"1430\" data-end=\"1464\">\n<p data-start=\"1432\" data-end=\"1464\">Coupe regular, tomb\u00e9 \u00e9quilibr\u00e9<\/p>\n<\/li>\n<li data-start=\"1465\" data-end=\"1504\">\n<p data-start=\"1467\" data-end=\"1504\">Col classique et boutonnage frontal<\/p>\n<\/li>\n<li data-start=\"1505\" data-end=\"1549\">\n<p data-start=\"1507\" data-end=\"1549\">Poche poitrine et empi\u00e8cement dos propre<\/p>\n<\/li>\n<li data-start=\"1550\" data-end=\"1589\">\n<p data-start=\"1552\" data-end=\"1589\">Poignets ajustables et ourlet droit<\/p>\n<\/li>\n<\/ul>\n","protected":false},"excerpt":{"rendered":"<p>La Kaleb Flower Jacquard Overshirt de Les Deux est une pi\u00e8ce \u00e9l\u00e9gante et polyvalente qui apporte une sophistication discr\u00e8te au vestiaire masculin. Confectionn\u00e9e dans un jacquard riche,\u00a0elle pr\u00e9sente un motif floral subtil int\u00e9gr\u00e9 directement dans la trame du tissu, offrant relief, profondeur et une esth\u00e9tique raffin\u00e9e sans \u00eatre ostentatoire. Sa coupe regular assure un tomb\u00e9 [&hellip;]<\/p>\n","protected":false},"featured_media":2961841,"comment_status":"open","ping_status":"closed","template":"","meta":[],"product_brand":[],"product_cat":[],"product_tag":[],"acf":[],"_links":{"self":[{"href":"https:\/\/streetmarkets.fr\/app\/wp-json\/wp\/v2\/product\/2961840"}],"collection":[{"href":"https:\/\/streetmarkets.fr\/app\/wp-json\/wp\/v2\/product"}],"about":[{"href":"https:\/\/streetmarkets.fr\/app\/wp-json\/wp\/v2\/types\/product"}],"replies":[{"embeddable":true,"href":"https:\/\/streetmarkets.fr\/app\/wp-json\/wp\/v2\/comments?post=2961840"}],"wp:featuredmedia":[{"embeddable":true,"href":"https:\/\/streetmarkets.fr\/app\/wp-json\/wp\/v2\/media\/2961841"}],"wp:attachment":[{"href":"https:\/\/streetmarkets.fr\/app\/wp-json\/wp\/v2\/media?parent=2961840"}],"wp:term":[{"taxonomy":"product_brand","embeddable":true,"href":"https:\/\/streetmarkets.fr\/app\/wp-json\/wp\/v2\/product_brand?post=2961840"},{"taxonomy":"product_cat","embeddable":true,"href":"https:\/\/streetmarkets.fr\/app\/wp-json\/wp\/v2\/product_cat?post=2961840"},{"taxonomy":"product_tag","embeddable":true,"href":"https:\/\/streetmarkets.fr\/app\/wp-json\/wp\/v2\/product_tag?post=2961840"}],"curies":[{"name":"wp","href":"https:\/\/api.w.org\/{rel}","templated":true}]}}