{"id":2949954,"date":"2025-11-02T00:15:03","date_gmt":"2025-11-01T23:15:03","guid":{"rendered":"https:\/\/streetmarkets.fr\/app\/produit\/sacoche-annecy-noir-basalte\/"},"modified":"2025-11-24T00:15:16","modified_gmt":"2025-11-23T23:15:16","slug":"sacoche-annecy-noir-basalte","status":"publish","type":"product","link":"https:\/\/streetmarkets.fr\/app\/produit\/sacoche-annecy-noir-basalte\/","title":{"rendered":"Sacoche Annecy &#8211; Noir Basalte"},"content":{"rendered":"<p>Minimaliste, l\u00e9g\u00e8re et pens\u00e9e pour bouger, la Sacoche Annecy r\u00e9unit tout ce qu\u2019on aime dans une sacoche du quotidien. Son format compact lib\u00e8re les mains et garde l\u2019essentiel \u00e0 port\u00e9e de zip : passeport, t\u00e9l\u00e9phone, cartes, cl\u00e9s\u2026 Chaque chose a sa place.<\/p>\n<p>\u00c0 l\u2019int\u00e9rieur, l\u2019organisation est fluide gr\u00e2ce \u00e0 un <strong>grand compartiment<\/strong>, une <strong>poche anti-RFID<\/strong> pour s\u00e9curiser vos cartes sans contact, une <strong>poche zipp\u00e9e<\/strong> pour les objets pr\u00e9cieux, une <strong>poche filet respirante<\/strong> et un <strong>attache-cl\u00e9s<\/strong> int\u00e9gr\u00e9. Au dos, une poche discr\u00e8te garde ce que vous voulez prot\u00e9ger pr\u00e8s de vous.<\/p>\n<p>C\u00f4t\u00e9 mati\u00e8re, elle coche toutes les cases: <strong>75 % de plastique recycl\u00e9<\/strong>, ext\u00e9rieur en polyester recycl\u00e9 avec rev\u00eatement rPU, doublure en rPET et bandouli\u00e8re en nylon recycl\u00e9. Vegan, unisexe, et d\u2019un noir basalte sobre qui va avec tout.<\/p>\n","protected":false},"excerpt":{"rendered":"<p>Minimaliste, l\u00e9g\u00e8re et pens\u00e9e pour bouger, la Sacoche Annecy r\u00e9unit tout ce qu\u2019on aime dans une sacoche du quotidien. Son format compact lib\u00e8re les mains et garde l\u2019essentiel \u00e0 port\u00e9e de zip : passeport, t\u00e9l\u00e9phone, cartes, cl\u00e9s\u2026 Chaque chose a sa place. \u00c0 l\u2019int\u00e9rieur, l\u2019organisation est fluide gr\u00e2ce \u00e0 un grand compartiment, une poche anti-RFID [&hellip;]<\/p>\n","protected":false},"featured_media":2949955,"comment_status":"open","ping_status":"closed","template":"","meta":[],"product_brand":[],"product_cat":[1756,1764],"product_tag":[1810],"acf":[],"_links":{"self":[{"href":"https:\/\/streetmarkets.fr\/app\/wp-json\/wp\/v2\/product\/2949954"}],"collection":[{"href":"https:\/\/streetmarkets.fr\/app\/wp-json\/wp\/v2\/product"}],"about":[{"href":"https:\/\/streetmarkets.fr\/app\/wp-json\/wp\/v2\/types\/product"}],"replies":[{"embeddable":true,"href":"https:\/\/streetmarkets.fr\/app\/wp-json\/wp\/v2\/comments?post=2949954"}],"wp:featuredmedia":[{"embeddable":true,"href":"https:\/\/streetmarkets.fr\/app\/wp-json\/wp\/v2\/media\/2949955"}],"wp:attachment":[{"href":"https:\/\/streetmarkets.fr\/app\/wp-json\/wp\/v2\/media?parent=2949954"}],"wp:term":[{"taxonomy":"product_brand","embeddable":true,"href":"https:\/\/streetmarkets.fr\/app\/wp-json\/wp\/v2\/product_brand?post=2949954"},{"taxonomy":"product_cat","embeddable":true,"href":"https:\/\/streetmarkets.fr\/app\/wp-json\/wp\/v2\/product_cat?post=2949954"},{"taxonomy":"product_tag","embeddable":true,"href":"https:\/\/streetmarkets.fr\/app\/wp-json\/wp\/v2\/product_tag?post=2949954"}],"curies":[{"name":"wp","href":"https:\/\/api.w.org\/{rel}","templated":true}]}}