{"id":2942784,"date":"2025-11-01T01:08:16","date_gmt":"2025-11-01T00:08:16","guid":{"rendered":"https:\/\/streetmarkets.fr\/app\/produit\/nouveau-xirena-chemise-francis-grey-mist-precommande\/"},"modified":"2026-05-06T02:03:26","modified_gmt":"2026-05-06T00:03:26","slug":"nouveau-xirena-chemise-francis-grey-mist-precommande","status":"publish","type":"product","link":"https:\/\/streetmarkets.fr\/app\/produit\/nouveau-xirena-chemise-francis-grey-mist-precommande\/","title":{"rendered":"Nouveau ! XIRENA Chemise Francis Grey Mist"},"content":{"rendered":"<p data-rte-preserve-empty=\"true\">Chemise \u00e0 carreaux en coton tout doux, coupe ample, manches longues et poignets resserr\u00e9s, emmanchure large, une poche plaqu\u00e9e devant. <\/p>\n<p data-rte-preserve-empty=\"true\">D\u00e9tail : 100% coton<\/p>\n","protected":false},"excerpt":{"rendered":"<p>Chemise \u00e0 carreaux en coton tout doux, coupe ample, manches longues et poignets resserr\u00e9s, emmanchure large, une poche plaqu\u00e9e devant. D\u00e9tail : 100% coton<\/p>\n","protected":false},"featured_media":2942785,"comment_status":"open","ping_status":"closed","template":"","meta":[],"product_brand":[],"product_cat":[1756,1762],"product_tag":[2244],"acf":[],"_links":{"self":[{"href":"https:\/\/streetmarkets.fr\/app\/wp-json\/wp\/v2\/product\/2942784"}],"collection":[{"href":"https:\/\/streetmarkets.fr\/app\/wp-json\/wp\/v2\/product"}],"about":[{"href":"https:\/\/streetmarkets.fr\/app\/wp-json\/wp\/v2\/types\/product"}],"replies":[{"embeddable":true,"href":"https:\/\/streetmarkets.fr\/app\/wp-json\/wp\/v2\/comments?post=2942784"}],"wp:featuredmedia":[{"embeddable":true,"href":"https:\/\/streetmarkets.fr\/app\/wp-json\/wp\/v2\/media\/2942785"}],"wp:attachment":[{"href":"https:\/\/streetmarkets.fr\/app\/wp-json\/wp\/v2\/media?parent=2942784"}],"wp:term":[{"taxonomy":"product_brand","embeddable":true,"href":"https:\/\/streetmarkets.fr\/app\/wp-json\/wp\/v2\/product_brand?post=2942784"},{"taxonomy":"product_cat","embeddable":true,"href":"https:\/\/streetmarkets.fr\/app\/wp-json\/wp\/v2\/product_cat?post=2942784"},{"taxonomy":"product_tag","embeddable":true,"href":"https:\/\/streetmarkets.fr\/app\/wp-json\/wp\/v2\/product_tag?post=2942784"}],"curies":[{"name":"wp","href":"https:\/\/api.w.org\/{rel}","templated":true}]}}