{"id":2942577,"date":"2025-11-01T00:55:37","date_gmt":"2025-10-31T23:55:37","guid":{"rendered":"https:\/\/streetmarkets.fr\/app\/produit\/pull-col-v-a-bandes-h25-femme-navy\/"},"modified":"2026-02-27T00:54:05","modified_gmt":"2026-02-26T23:54:05","slug":"pull-col-v-a-bandes-h25-femme-navy","status":"publish","type":"product","link":"https:\/\/streetmarkets.fr\/app\/produit\/pull-col-v-a-bandes-h25-femme-navy\/","title":{"rendered":"Pull Col V \u00e0 Bandes (H25 \/ FEMME \/ Navy)"},"content":{"rendered":"<p>Une maille douce et l\u00e9g\u00e8re pour ce pull court confectionn\u00e9 en cachemire 4 fils. Muni d&#8217;un col V et de bords c\u00f4tel\u00e9s, il r\u00e9v\u00e8le des bandes multicolores le long des manches longues, le d\u00e9tail signature du vestiaire FROM FUTURE. Facile \u00e0 mixer, compl\u00e9tez votre look avec un jean droit ou un jogging molletonn\u00e9.<\/p>\n<p>&#8211; Pull court en cachemire l\u00e9ger 4 fils Femme <br \/>&#8211; Col V <br \/>&#8211; Bandes multicolores <br \/>&#8211; Manches longues <br \/>&#8211; Bords c\u00f4tel\u00e9s <br \/>&#8211; Coupe regular<\/p>\n","protected":false},"excerpt":{"rendered":"<p>Une maille douce et l\u00e9g\u00e8re pour ce pull court confectionn\u00e9 en cachemire 4 fils. Muni d&#8217;un col V et de bords c\u00f4tel\u00e9s, il r\u00e9v\u00e8le des bandes multicolores le long des manches longues, le d\u00e9tail signature du vestiaire FROM FUTURE. Facile \u00e0 mixer, compl\u00e9tez votre look avec un jean droit ou un jogging molletonn\u00e9. &#8211; Pull [&hellip;]<\/p>\n","protected":false},"featured_media":2942578,"comment_status":"open","ping_status":"closed","template":"","meta":[],"product_brand":[6868],"product_cat":[1756,1762],"product_tag":[2244],"acf":[],"_links":{"self":[{"href":"https:\/\/streetmarkets.fr\/app\/wp-json\/wp\/v2\/product\/2942577"}],"collection":[{"href":"https:\/\/streetmarkets.fr\/app\/wp-json\/wp\/v2\/product"}],"about":[{"href":"https:\/\/streetmarkets.fr\/app\/wp-json\/wp\/v2\/types\/product"}],"replies":[{"embeddable":true,"href":"https:\/\/streetmarkets.fr\/app\/wp-json\/wp\/v2\/comments?post=2942577"}],"wp:featuredmedia":[{"embeddable":true,"href":"https:\/\/streetmarkets.fr\/app\/wp-json\/wp\/v2\/media\/2942578"}],"wp:attachment":[{"href":"https:\/\/streetmarkets.fr\/app\/wp-json\/wp\/v2\/media?parent=2942577"}],"wp:term":[{"taxonomy":"product_brand","embeddable":true,"href":"https:\/\/streetmarkets.fr\/app\/wp-json\/wp\/v2\/product_brand?post=2942577"},{"taxonomy":"product_cat","embeddable":true,"href":"https:\/\/streetmarkets.fr\/app\/wp-json\/wp\/v2\/product_cat?post=2942577"},{"taxonomy":"product_tag","embeddable":true,"href":"https:\/\/streetmarkets.fr\/app\/wp-json\/wp\/v2\/product_tag?post=2942577"}],"curies":[{"name":"wp","href":"https:\/\/api.w.org\/{rel}","templated":true}]}}