{"id":2942090,"date":"2025-11-01T00:27:41","date_gmt":"2025-10-31T23:27:41","guid":{"rendered":"https:\/\/streetmarkets.fr\/app\/produit\/grand-sac-weekend-canva-kaki\/"},"modified":"2026-04-27T01:17:35","modified_gmt":"2026-04-26T23:17:35","slug":"grand-sac-weekend-canva-kaki","status":"publish","type":"product","link":"https:\/\/streetmarkets.fr\/app\/produit\/grand-sac-weekend-canva-kaki\/","title":{"rendered":"Grand Sac Weekend Canvas Kaki"},"content":{"rendered":"<p><a title=\"Collection Moismont\" href=\"\/collections\/moismont\"><strong>Collection Moismont<\/strong><\/a><\/p>\n<p><span>Ce grand sac en coton est id\u00e9al pour partir le temps d&#8217;un week-end. Sa anse r\u00e9glable vous permet de l&#8217;enfiler sur l&#8217;\u00e9paule, m\u00eame par dessus un manteau. On apporte avec soi ses essentiels : v\u00eatements, livres, <\/span><span>foulards. Tout pour passer un merveilleux s\u00e9jour.<\/span><\/p>\n<ul>\n<li>Dimensions : 46 x 36 x 25 cm\n<\/li>\n<li>Pochette int\u00e9rieur plaqu\u00e9e<\/li>\n<li>Anse r\u00e9glable<\/li>\n<li>Zip dor\u00e9\n<\/li>\n<li>\n<span>Composition :\u00a0<\/span>100 % coton\n<\/li>\n<\/ul>\n<p><span>Dessin\u00e9 in France<br \/>Fabriqu\u00e9 artisanalement en Inde<\/span><\/p>\n<p><span>Le sac peut comporter quelques irr\u00e9gularit\u00e9s qui font tout le charme de sa conception artisanale.<\/span><\/p>\n<p><span>Pour pr\u00e9server votre sac, nous vous conseillons d&#8217;\u00e9viter de le laver.<\/span><br \/><span>&#8211; Blanchiment interdit<\/span><br \/><span>&#8211; Repassage interdit<\/span><br \/><span>&#8211; S\u00e9chage tambour interdit<\/span><br \/><span>&#8211; Nettoyage \u00e0 sec recommand\u00e9<\/span><\/p>\n<p><span> <strong><em>:: Disponible uniquement en retrait en boutique ! ::<\/em><\/strong><\/span><\/p>\n","protected":false},"excerpt":{"rendered":"<p>Collection Moismont Ce grand sac en coton est id\u00e9al pour partir le temps d&#8217;un week-end. Sa anse r\u00e9glable vous permet de l&#8217;enfiler sur l&#8217;\u00e9paule, m\u00eame par dessus un manteau. On apporte avec soi ses essentiels : v\u00eatements, livres, foulards. Tout pour passer un merveilleux s\u00e9jour. Dimensions : 46 x 36 x 25 cm Pochette int\u00e9rieur [&hellip;]<\/p>\n","protected":false},"featured_media":2942091,"comment_status":"open","ping_status":"closed","template":"","meta":[],"product_brand":[],"product_cat":[1756,1764,1760],"product_tag":[2244,1811],"acf":[],"_links":{"self":[{"href":"https:\/\/streetmarkets.fr\/app\/wp-json\/wp\/v2\/product\/2942090"}],"collection":[{"href":"https:\/\/streetmarkets.fr\/app\/wp-json\/wp\/v2\/product"}],"about":[{"href":"https:\/\/streetmarkets.fr\/app\/wp-json\/wp\/v2\/types\/product"}],"replies":[{"embeddable":true,"href":"https:\/\/streetmarkets.fr\/app\/wp-json\/wp\/v2\/comments?post=2942090"}],"wp:featuredmedia":[{"embeddable":true,"href":"https:\/\/streetmarkets.fr\/app\/wp-json\/wp\/v2\/media\/2942091"}],"wp:attachment":[{"href":"https:\/\/streetmarkets.fr\/app\/wp-json\/wp\/v2\/media?parent=2942090"}],"wp:term":[{"taxonomy":"product_brand","embeddable":true,"href":"https:\/\/streetmarkets.fr\/app\/wp-json\/wp\/v2\/product_brand?post=2942090"},{"taxonomy":"product_cat","embeddable":true,"href":"https:\/\/streetmarkets.fr\/app\/wp-json\/wp\/v2\/product_cat?post=2942090"},{"taxonomy":"product_tag","embeddable":true,"href":"https:\/\/streetmarkets.fr\/app\/wp-json\/wp\/v2\/product_tag?post=2942090"}],"curies":[{"name":"wp","href":"https:\/\/api.w.org\/{rel}","templated":true}]}}