{"id":2942075,"date":"2025-11-01T00:27:40","date_gmt":"2025-10-31T23:27:40","guid":{"rendered":"https:\/\/streetmarkets.fr\/app\/produit\/petit-sac-weekend-canva-kaki\/"},"modified":"2026-04-13T01:17:30","modified_gmt":"2026-04-12T23:17:30","slug":"petit-sac-weekend-canva-kaki","status":"publish","type":"product","link":"https:\/\/streetmarkets.fr\/app\/produit\/petit-sac-weekend-canva-kaki\/","title":{"rendered":"Petit Sac Weekend Canvas Kaki"},"content":{"rendered":"<p><a title=\"Collection Moismont\" href=\"\/collections\/moismont\"><strong>Collection Moismont<\/strong><\/a><\/p>\n<div class=\"tabs__head product-tabs__head\">Ce petit sac weekend est con\u00e7u pour les escapades l\u00e9g\u00e8res et les journ\u00e9es bien remplies. Avec ses dimensions de 35 x 25 x 16 cm, il offre suffisamment d\u2019espace pour emporter vos essentiels.<\/div>\n<div class=\"tabs__head product-tabs__head\">\n<ul data-start=\"635\" data-end=\"1009\">\n<li data-start=\"635\" data-end=\"721\">Format 35 x 25 x 16 cm, id\u00e9al pour une courte escapade ou une journ\u00e9e en mouvement<\/li>\n<li data-start=\"722\" data-end=\"767\">Tiss\u00e9 en 100 % coton, souple et r\u00e9sistant\n<\/li>\n<li data-start=\"828\" data-end=\"882\">Poche int\u00e9rieure, pour mieux organiser vos affaires\n<\/li>\n<li data-start=\"954\" data-end=\"1009\">Se porte \u00e0 la main, silhouette souple et d\u00e9contract\u00e9e<\/li>\n<\/ul>\n<\/div>\n<p><span>Dessin\u00e9 in France<br \/>Fabriqu\u00e9 artisanalement en Inde<\/span><\/p>\n<p><span>Le sac peut comporter quelques irr\u00e9gularit\u00e9s qui font tout le charme de sa conception artisanale.<\/span><\/p>\n<p><span>Pour pr\u00e9server votre sac, nous vous conseillons d&#8217;\u00e9viter de le laver.<\/span><br \/><span>&#8211; Blanchiment interdit<\/span><br \/><span>&#8211; Repassage interdit<\/span><br \/><span>&#8211; S\u00e9chage tambour interdit<\/span><br \/><span>&#8211; Nettoyage \u00e0 sec recommand\u00e9<\/span><\/p>\n<p><span> <strong><em>:: Disponible uniquement en retrait en boutique ! ::<\/em><\/strong><\/span><\/p>\n","protected":false},"excerpt":{"rendered":"<p>Collection Moismont Ce petit sac weekend est con\u00e7u pour les escapades l\u00e9g\u00e8res et les journ\u00e9es bien remplies. Avec ses dimensions de 35 x 25 x 16 cm, il offre suffisamment d\u2019espace pour emporter vos essentiels. Format 35 x 25 x 16 cm, id\u00e9al pour une courte escapade ou une journ\u00e9e en mouvement Tiss\u00e9 en 100 [&hellip;]<\/p>\n","protected":false},"featured_media":2942076,"comment_status":"open","ping_status":"closed","template":"","meta":[],"product_brand":[],"product_cat":[1756,1764,1760],"product_tag":[2244,1811],"acf":[],"_links":{"self":[{"href":"https:\/\/streetmarkets.fr\/app\/wp-json\/wp\/v2\/product\/2942075"}],"collection":[{"href":"https:\/\/streetmarkets.fr\/app\/wp-json\/wp\/v2\/product"}],"about":[{"href":"https:\/\/streetmarkets.fr\/app\/wp-json\/wp\/v2\/types\/product"}],"replies":[{"embeddable":true,"href":"https:\/\/streetmarkets.fr\/app\/wp-json\/wp\/v2\/comments?post=2942075"}],"wp:featuredmedia":[{"embeddable":true,"href":"https:\/\/streetmarkets.fr\/app\/wp-json\/wp\/v2\/media\/2942076"}],"wp:attachment":[{"href":"https:\/\/streetmarkets.fr\/app\/wp-json\/wp\/v2\/media?parent=2942075"}],"wp:term":[{"taxonomy":"product_brand","embeddable":true,"href":"https:\/\/streetmarkets.fr\/app\/wp-json\/wp\/v2\/product_brand?post=2942075"},{"taxonomy":"product_cat","embeddable":true,"href":"https:\/\/streetmarkets.fr\/app\/wp-json\/wp\/v2\/product_cat?post=2942075"},{"taxonomy":"product_tag","embeddable":true,"href":"https:\/\/streetmarkets.fr\/app\/wp-json\/wp\/v2\/product_tag?post=2942075"}],"curies":[{"name":"wp","href":"https:\/\/api.w.org\/{rel}","templated":true}]}}