{"id":2942023,"date":"2025-11-01T00:27:37","date_gmt":"2025-10-31T23:27:37","guid":{"rendered":"https:\/\/streetmarkets.fr\/app\/produit\/sac-banane-n44-canva-kaki\/"},"modified":"2026-05-09T01:16:54","modified_gmt":"2026-05-08T23:16:54","slug":"sac-banane-n44-canva-kaki","status":"publish","type":"product","link":"https:\/\/streetmarkets.fr\/app\/produit\/sac-banane-n44-canva-kaki\/","title":{"rendered":"Sac Banane n\u00b044 Canvas Kaki"},"content":{"rendered":"<p><!--\n@page { margin: 2cm }\n\t\tP { margin-bottom: 0.21cm }\n--><\/p>\n<p><a href=\"\/collections\/moismont\" title=\"Collection Moismont\"><strong>Collection Moismont<\/strong><\/a><\/p>\n<p><span>Le sac banane n\u00b044 est le parfait accessoire pour vos promenades d&#8217;\u00e9t\u00e9. Sa sangle ajustable vous offre la libert\u00e9 de le porter autour de la taille ou en travers du corps, selon votre style.<\/span><\/p>\n<p>Dimensions : environ 34 x 14 x 9 cm<\/p>\n<p>Ouverture \u00e0 zip<\/p>\n<p><span>Composition :\u00a0<\/span>100 % coton<\/p>\n<p><span>Dessin\u00e9 in France<br \/>Fabriqu\u00e9 artisanalement en Inde<\/span><\/p>\n<p><span>Le sac banane n\u00b044 peut comporter quelques irr\u00e9gularit\u00e9s qui font tout le charme de sa conception artisanale.<\/span><\/p>\n<p><span>Pour pr\u00e9server votre sac banane, nous vous conseillons de le laver \u00e0 la main d\u00e9licatement.<\/span><br \/><span>&#8211; Blanchiment interdit<\/span><br \/><span>&#8211; Repassage interdit<\/span><br \/><span>&#8211; S\u00e9chage tambour interdit<\/span><br \/><span>&#8211; Nettoyage \u00e0 sec recommand\u00e9<\/span><\/p>\n","protected":false},"excerpt":{"rendered":"<p>Collection Moismont Le sac banane n\u00b044 est le parfait accessoire pour vos promenades d&#8217;\u00e9t\u00e9. Sa sangle ajustable vous offre la libert\u00e9 de le porter autour de la taille ou en travers du corps, selon votre style. Dimensions : environ 34 x 14 x 9 cm Ouverture \u00e0 zip Composition :\u00a0100 % coton Dessin\u00e9 in FranceFabriqu\u00e9 [&hellip;]<\/p>\n","protected":false},"featured_media":2942024,"comment_status":"open","ping_status":"closed","template":"","meta":[],"product_brand":[],"product_cat":[1756,1764,1760],"product_tag":[2244,1811],"acf":[],"_links":{"self":[{"href":"https:\/\/streetmarkets.fr\/app\/wp-json\/wp\/v2\/product\/2942023"}],"collection":[{"href":"https:\/\/streetmarkets.fr\/app\/wp-json\/wp\/v2\/product"}],"about":[{"href":"https:\/\/streetmarkets.fr\/app\/wp-json\/wp\/v2\/types\/product"}],"replies":[{"embeddable":true,"href":"https:\/\/streetmarkets.fr\/app\/wp-json\/wp\/v2\/comments?post=2942023"}],"wp:featuredmedia":[{"embeddable":true,"href":"https:\/\/streetmarkets.fr\/app\/wp-json\/wp\/v2\/media\/2942024"}],"wp:attachment":[{"href":"https:\/\/streetmarkets.fr\/app\/wp-json\/wp\/v2\/media?parent=2942023"}],"wp:term":[{"taxonomy":"product_brand","embeddable":true,"href":"https:\/\/streetmarkets.fr\/app\/wp-json\/wp\/v2\/product_brand?post=2942023"},{"taxonomy":"product_cat","embeddable":true,"href":"https:\/\/streetmarkets.fr\/app\/wp-json\/wp\/v2\/product_cat?post=2942023"},{"taxonomy":"product_tag","embeddable":true,"href":"https:\/\/streetmarkets.fr\/app\/wp-json\/wp\/v2\/product_tag?post=2942023"}],"curies":[{"name":"wp","href":"https:\/\/api.w.org\/{rel}","templated":true}]}}