{"id":2941763,"date":"2025-11-01T00:27:07","date_gmt":"2025-10-31T23:27:07","guid":{"rendered":"https:\/\/streetmarkets.fr\/app\/produit\/ruban-bandy-tarot-multico\/"},"modified":"2026-04-11T01:18:29","modified_gmt":"2026-04-10T23:18:29","slug":"ruban-bandy-tarot-multico","status":"publish","type":"product","link":"https:\/\/streetmarkets.fr\/app\/produit\/ruban-bandy-tarot-multico\/","title":{"rendered":"Ruban Bandy Tarot &#8211; Multico"},"content":{"rendered":"<p><span><a href=\"\/collections\/AN-NEE\" title=\"Collection AN-NEE\"><strong>Collection AN-NEE<\/strong><\/a><\/span><\/p>\n<p><span>Long ruban Bandy en soie, \u00e0 porter dans les cheveux, autour du cou ou sur un sac !<\/span><\/p>\n<ul>\n<li>100% Twill de Soie<\/li>\n<li>Environ 90 cm de longueur x 5 cm de largeur\n<\/li>\n<li>Finitions : ourlet plat<\/li>\n<li>Compatible avec certains ornements<\/li>\n<li>Livr\u00e9 dans sa bo\u00eete<\/li>\n<li>\n <span>Conseil d&#8217;entretien : lavage \u00e0 sec chez un professionnel ou \u00e0 l\u2019eau froide avec un savon \u00e0 Ph neutre<\/span>\n<\/li>\n<\/ul>\n<p>Dessin\u00e9 par Alexia <span>Nokovitch<\/span>, la cr\u00e9atrice de la marque<\/p>\n<p>:: Fabriqu\u00e9 et imprim\u00e9 en France ::<\/p>\n","protected":false},"excerpt":{"rendered":"<p>Collection AN-NEE Long ruban Bandy en soie, \u00e0 porter dans les cheveux, autour du cou ou sur un sac ! 100% Twill de Soie Environ 90 cm de longueur x 5 cm de largeur Finitions : ourlet plat Compatible avec certains ornements Livr\u00e9 dans sa bo\u00eete Conseil d&#8217;entretien : lavage \u00e0 sec chez un professionnel [&hellip;]<\/p>\n","protected":false},"featured_media":2941764,"comment_status":"open","ping_status":"closed","template":"","meta":[],"product_brand":[],"product_cat":[1756,1764],"product_tag":[2244,1811],"acf":[],"_links":{"self":[{"href":"https:\/\/streetmarkets.fr\/app\/wp-json\/wp\/v2\/product\/2941763"}],"collection":[{"href":"https:\/\/streetmarkets.fr\/app\/wp-json\/wp\/v2\/product"}],"about":[{"href":"https:\/\/streetmarkets.fr\/app\/wp-json\/wp\/v2\/types\/product"}],"replies":[{"embeddable":true,"href":"https:\/\/streetmarkets.fr\/app\/wp-json\/wp\/v2\/comments?post=2941763"}],"wp:featuredmedia":[{"embeddable":true,"href":"https:\/\/streetmarkets.fr\/app\/wp-json\/wp\/v2\/media\/2941764"}],"wp:attachment":[{"href":"https:\/\/streetmarkets.fr\/app\/wp-json\/wp\/v2\/media?parent=2941763"}],"wp:term":[{"taxonomy":"product_brand","embeddable":true,"href":"https:\/\/streetmarkets.fr\/app\/wp-json\/wp\/v2\/product_brand?post=2941763"},{"taxonomy":"product_cat","embeddable":true,"href":"https:\/\/streetmarkets.fr\/app\/wp-json\/wp\/v2\/product_cat?post=2941763"},{"taxonomy":"product_tag","embeddable":true,"href":"https:\/\/streetmarkets.fr\/app\/wp-json\/wp\/v2\/product_tag?post=2941763"}],"curies":[{"name":"wp","href":"https:\/\/api.w.org\/{rel}","templated":true}]}}