{"id":2941384,"date":"2025-10-31T07:43:43","date_gmt":"2025-10-31T06:43:43","guid":{"rendered":"https:\/\/streetmarkets.fr\/app\/produit\/mono-boucle-a-lunite-virginie-berman-4\/"},"modified":"2026-05-08T08:39:04","modified_gmt":"2026-05-08T06:39:04","slug":"mono-boucle-a-lunite-virginie-berman-4","status":"publish","type":"product","link":"https:\/\/streetmarkets.fr\/app\/produit\/mono-boucle-a-lunite-virginie-berman-4\/","title":{"rendered":"Mono boucle \u00e0 l&#8217;unit\u00e9 &#8211; Virginie Berman"},"content":{"rendered":"<p>Mono boucle en laiton dor\u00e9 \u00e0 l&#8217;or fin 18 carats<\/p>\n<ul>\n<li>Longueur : 3 cm<\/li>\n<li>Serti de zircon blanc\u00a0\n<\/li>\n<li>Vendue \u00e0 l&#8217;unit\u00e9<\/li>\n<\/ul>\n","protected":false},"excerpt":{"rendered":"<p>Mono boucle en laiton dor\u00e9 \u00e0 l&#8217;or fin 18 carats Longueur : 3 cm Serti de zircon blanc\u00a0 Vendue \u00e0 l&#8217;unit\u00e9<\/p>\n","protected":false},"featured_media":2941385,"comment_status":"open","ping_status":"closed","template":"","meta":[],"product_brand":[],"product_cat":[1807,1756],"product_tag":[2244],"acf":[],"_links":{"self":[{"href":"https:\/\/streetmarkets.fr\/app\/wp-json\/wp\/v2\/product\/2941384"}],"collection":[{"href":"https:\/\/streetmarkets.fr\/app\/wp-json\/wp\/v2\/product"}],"about":[{"href":"https:\/\/streetmarkets.fr\/app\/wp-json\/wp\/v2\/types\/product"}],"replies":[{"embeddable":true,"href":"https:\/\/streetmarkets.fr\/app\/wp-json\/wp\/v2\/comments?post=2941384"}],"wp:featuredmedia":[{"embeddable":true,"href":"https:\/\/streetmarkets.fr\/app\/wp-json\/wp\/v2\/media\/2941385"}],"wp:attachment":[{"href":"https:\/\/streetmarkets.fr\/app\/wp-json\/wp\/v2\/media?parent=2941384"}],"wp:term":[{"taxonomy":"product_brand","embeddable":true,"href":"https:\/\/streetmarkets.fr\/app\/wp-json\/wp\/v2\/product_brand?post=2941384"},{"taxonomy":"product_cat","embeddable":true,"href":"https:\/\/streetmarkets.fr\/app\/wp-json\/wp\/v2\/product_cat?post=2941384"},{"taxonomy":"product_tag","embeddable":true,"href":"https:\/\/streetmarkets.fr\/app\/wp-json\/wp\/v2\/product_tag?post=2941384"}],"curies":[{"name":"wp","href":"https:\/\/api.w.org\/{rel}","templated":true}]}}