{"id":2934897,"date":"2025-10-31T00:00:52","date_gmt":"2025-10-30T23:00:52","guid":{"rendered":"https:\/\/streetmarkets.fr\/app\/produit\/broche-brodee-citrouille\/"},"modified":"2026-05-08T00:59:11","modified_gmt":"2026-05-07T22:59:11","slug":"broche-brodee-citrouille","status":"publish","type":"product","link":"https:\/\/streetmarkets.fr\/app\/produit\/broche-brodee-citrouille\/","title":{"rendered":"Broche Brod\u00e9e Citrouille"},"content":{"rendered":"<p>Broche Brod\u00e9e Citrouille : La pointe gourmande qui signe la saison !\u00a0<br \/>Une citrouille blanche brod\u00e9e et perl\u00e9e \u00e0 la main, orn\u00e9e de perles nacr\u00e9es en relief, avec sa tige bordeaux et son feuillage vert finement perl\u00e9. Fabriqu\u00e9e par des artisans, c&#8217;est\u00a0 la dose de fantaisie et de douceur \u00e0 nos vestes, sacs ou pulls d\u2019automne.<\/p>\n<p>On l\u2019adopte pour :<br data-start=\"419\" data-end=\"422\">\u2013 Son esprit ludique et saisonnier qui met tout de suite dans l\u2019ambiance automnale.<br data-start=\"505\" data-end=\"508\">\u2013 La finesse des perles nacr\u00e9es qui donnent du relief et du caract\u00e8re au bijou.<br data-start=\"587\" data-end=\"590\">\u2013 Son artisanat minutieux qui rend chaque broche unique.<\/p>\n<p>Le d\u00e9tail qui fait sourire :\u00a0Le petit feuillage vert qui d\u00e9passe juste comme il faut, pour une citrouille pleine de vie et de charme.<\/p>\n","protected":false},"excerpt":{"rendered":"<p>Broche Brod\u00e9e Citrouille : La pointe gourmande qui signe la saison !\u00a0Une citrouille blanche brod\u00e9e et perl\u00e9e \u00e0 la main, orn\u00e9e de perles nacr\u00e9es en relief, avec sa tige bordeaux et son feuillage vert finement perl\u00e9. Fabriqu\u00e9e par des artisans, c&#8217;est\u00a0 la dose de fantaisie et de douceur \u00e0 nos vestes, sacs ou pulls d\u2019automne. [&hellip;]<\/p>\n","protected":false},"featured_media":2934898,"comment_status":"open","ping_status":"closed","template":"","meta":[],"product_brand":[],"product_cat":[1756,1764],"product_tag":[1813],"acf":[],"_links":{"self":[{"href":"https:\/\/streetmarkets.fr\/app\/wp-json\/wp\/v2\/product\/2934897"}],"collection":[{"href":"https:\/\/streetmarkets.fr\/app\/wp-json\/wp\/v2\/product"}],"about":[{"href":"https:\/\/streetmarkets.fr\/app\/wp-json\/wp\/v2\/types\/product"}],"replies":[{"embeddable":true,"href":"https:\/\/streetmarkets.fr\/app\/wp-json\/wp\/v2\/comments?post=2934897"}],"wp:featuredmedia":[{"embeddable":true,"href":"https:\/\/streetmarkets.fr\/app\/wp-json\/wp\/v2\/media\/2934898"}],"wp:attachment":[{"href":"https:\/\/streetmarkets.fr\/app\/wp-json\/wp\/v2\/media?parent=2934897"}],"wp:term":[{"taxonomy":"product_brand","embeddable":true,"href":"https:\/\/streetmarkets.fr\/app\/wp-json\/wp\/v2\/product_brand?post=2934897"},{"taxonomy":"product_cat","embeddable":true,"href":"https:\/\/streetmarkets.fr\/app\/wp-json\/wp\/v2\/product_cat?post=2934897"},{"taxonomy":"product_tag","embeddable":true,"href":"https:\/\/streetmarkets.fr\/app\/wp-json\/wp\/v2\/product_tag?post=2934897"}],"curies":[{"name":"wp","href":"https:\/\/api.w.org\/{rel}","templated":true}]}}