{"id":2934849,"date":"2025-10-31T00:00:46","date_gmt":"2025-10-30T23:00:46","guid":{"rendered":"https:\/\/streetmarkets.fr\/app\/produit\/collier-shocker-adama\/"},"modified":"2026-05-12T00:59:00","modified_gmt":"2026-05-11T22:59:00","slug":"collier-shocker-adama","status":"publish","type":"product","link":"https:\/\/streetmarkets.fr\/app\/produit\/collier-shocker-adama\/","title":{"rendered":"Collier Shocker Adama"},"content":{"rendered":"<p>Collier Shocker Adama : Le ras de cou qui claque !\u00a0<br \/>Attention, statement piece en vue. Ce Collier Shocker Adama, est un bijou qui impose son style sans hausser le ton : un ras de cou dor\u00e9 \u00e0 l\u2019or fin 24 carats. Il est compos\u00e9 de douze cha\u00eenes dor\u00e9es qui \u00e9pousent le cou \u00e0 la perfection. Ses barrettes textur\u00e9es refl\u00e8tent la lumi\u00e8re , fa\u00e7on armure chic et assum\u00e9e. Fabriqu\u00e9 \u00e0 la main dans l\u2019atelier parisien de la cr\u00e9atrice, il transforme instantan\u00e9ment n\u2019importe quel look.<\/p>\n<p>On l\u2019adopte pour :<br data-start=\"555\" data-end=\"558\">\u2013 Son effet \u201ccoup de ma\u00eetre\u201d : un bijou structur\u00e9 qui donne de l\u2019allure en une seconde.<br data-start=\"645\" data-end=\"648\">\u2013 Ses douze cha\u00eenes dor\u00e9es qui jouent avec la lumi\u00e8re et le mouvement.<br data-start=\"718\" data-end=\"721\">\u2013 Son martelage artisanal qui rend chaque pi\u00e8ce unique, comme un bijou d\u2019artiste.<\/p>\n<p>Le petit truc en plus :\u00a0Ses petites plaques martel\u00e9es qui scintillent comme des rayons de soleil, le genre de d\u00e9tail qu\u2019on remarque m\u00eame de loin.<\/p>\n","protected":false},"excerpt":{"rendered":"<p>Collier Shocker Adama : Le ras de cou qui claque !\u00a0Attention, statement piece en vue. Ce Collier Shocker Adama, est un bijou qui impose son style sans hausser le ton : un ras de cou dor\u00e9 \u00e0 l\u2019or fin 24 carats. Il est compos\u00e9 de douze cha\u00eenes dor\u00e9es qui \u00e9pousent le cou \u00e0 la perfection. [&hellip;]<\/p>\n","protected":false},"featured_media":2934850,"comment_status":"open","ping_status":"closed","template":"","meta":[],"product_brand":[],"product_cat":[1807,1756],"product_tag":[1813],"acf":[],"_links":{"self":[{"href":"https:\/\/streetmarkets.fr\/app\/wp-json\/wp\/v2\/product\/2934849"}],"collection":[{"href":"https:\/\/streetmarkets.fr\/app\/wp-json\/wp\/v2\/product"}],"about":[{"href":"https:\/\/streetmarkets.fr\/app\/wp-json\/wp\/v2\/types\/product"}],"replies":[{"embeddable":true,"href":"https:\/\/streetmarkets.fr\/app\/wp-json\/wp\/v2\/comments?post=2934849"}],"wp:featuredmedia":[{"embeddable":true,"href":"https:\/\/streetmarkets.fr\/app\/wp-json\/wp\/v2\/media\/2934850"}],"wp:attachment":[{"href":"https:\/\/streetmarkets.fr\/app\/wp-json\/wp\/v2\/media?parent=2934849"}],"wp:term":[{"taxonomy":"product_brand","embeddable":true,"href":"https:\/\/streetmarkets.fr\/app\/wp-json\/wp\/v2\/product_brand?post=2934849"},{"taxonomy":"product_cat","embeddable":true,"href":"https:\/\/streetmarkets.fr\/app\/wp-json\/wp\/v2\/product_cat?post=2934849"},{"taxonomy":"product_tag","embeddable":true,"href":"https:\/\/streetmarkets.fr\/app\/wp-json\/wp\/v2\/product_tag?post=2934849"}],"curies":[{"name":"wp","href":"https:\/\/api.w.org\/{rel}","templated":true}]}}