{"id":2934840,"date":"2025-10-31T00:00:17","date_gmt":"2025-10-30T23:00:17","guid":{"rendered":"https:\/\/streetmarkets.fr\/app\/produit\/boucles-doreilles-lise-carre\/"},"modified":"2026-05-10T00:58:53","modified_gmt":"2026-05-09T22:58:53","slug":"boucles-doreilles-lise-carre","status":"publish","type":"product","link":"https:\/\/streetmarkets.fr\/app\/produit\/boucles-doreilles-lise-carre\/","title":{"rendered":"Boucles d&#8217;oreilles Lise Carr\u00e9"},"content":{"rendered":"<p>Boucles d\u2019oreilles Lise Carr\u00e9 : le\u00a0petit carr\u00e9, \u00e0 mi-chemin entre bijou d\u2019art et bijou du quotidien.<br \/>Graphiques, brillantes et un brin rebelles, les Boucles d\u2019oreilles Lise Carr\u00e9 ont ce c\u00f4t\u00e9 chic sans effort qu\u2019on adore. Dor\u00e9es \u00e0 l\u2019or fin 24 carats, elles jouent avec les angles et la lumi\u00e8re : un carr\u00e9 textur\u00e9, rehauss\u00e9 d\u2019une cha\u00eene soud\u00e9e en fa\u00e7ade pour un effet moderne et affirm\u00e9. Enti\u00e8rement dessin\u00e9es et fabriqu\u00e9es \u00e0 la main dans l\u2019atelier parisien de la cr\u00e9atrice, elles sont faites pour celles qui aiment les bijoux qui se remarquent.<\/p>\n<p>On les adopte car :<br data-start=\"558\" data-end=\"561\">\u2013 elles revisitent la boucle classique avec une forme g\u00e9om\u00e9trique pleine d\u2019audace.<br data-start=\"652\" data-end=\"655\">\u2013 leur \u00e9clat dor\u00e9 se marie \u00e0 tout, du jean au blazer.<br data-start=\"717\" data-end=\"720\">\u2013 leur cha\u00eene soud\u00e9e donne du relief et une vraie personnalit\u00e9 au bijou.<\/p>\n","protected":false},"excerpt":{"rendered":"<p>Boucles d\u2019oreilles Lise Carr\u00e9 : le\u00a0petit carr\u00e9, \u00e0 mi-chemin entre bijou d\u2019art et bijou du quotidien.Graphiques, brillantes et un brin rebelles, les Boucles d\u2019oreilles Lise Carr\u00e9 ont ce c\u00f4t\u00e9 chic sans effort qu\u2019on adore. Dor\u00e9es \u00e0 l\u2019or fin 24 carats, elles jouent avec les angles et la lumi\u00e8re : un carr\u00e9 textur\u00e9, rehauss\u00e9 d\u2019une cha\u00eene [&hellip;]<\/p>\n","protected":false},"featured_media":2934841,"comment_status":"open","ping_status":"closed","template":"","meta":[],"product_brand":[],"product_cat":[1807,1756],"product_tag":[1813],"acf":[],"_links":{"self":[{"href":"https:\/\/streetmarkets.fr\/app\/wp-json\/wp\/v2\/product\/2934840"}],"collection":[{"href":"https:\/\/streetmarkets.fr\/app\/wp-json\/wp\/v2\/product"}],"about":[{"href":"https:\/\/streetmarkets.fr\/app\/wp-json\/wp\/v2\/types\/product"}],"replies":[{"embeddable":true,"href":"https:\/\/streetmarkets.fr\/app\/wp-json\/wp\/v2\/comments?post=2934840"}],"wp:featuredmedia":[{"embeddable":true,"href":"https:\/\/streetmarkets.fr\/app\/wp-json\/wp\/v2\/media\/2934841"}],"wp:attachment":[{"href":"https:\/\/streetmarkets.fr\/app\/wp-json\/wp\/v2\/media?parent=2934840"}],"wp:term":[{"taxonomy":"product_brand","embeddable":true,"href":"https:\/\/streetmarkets.fr\/app\/wp-json\/wp\/v2\/product_brand?post=2934840"},{"taxonomy":"product_cat","embeddable":true,"href":"https:\/\/streetmarkets.fr\/app\/wp-json\/wp\/v2\/product_cat?post=2934840"},{"taxonomy":"product_tag","embeddable":true,"href":"https:\/\/streetmarkets.fr\/app\/wp-json\/wp\/v2\/product_tag?post=2934840"}],"curies":[{"name":"wp","href":"https:\/\/api.w.org\/{rel}","templated":true}]}}