{"id":2934836,"date":"2025-10-31T00:00:16","date_gmt":"2025-10-30T23:00:16","guid":{"rendered":"https:\/\/streetmarkets.fr\/app\/produit\/collier-lise-multi-chaines\/"},"modified":"2026-05-12T00:59:00","modified_gmt":"2026-05-11T22:59:00","slug":"collier-lise-multi-chaines","status":"publish","type":"product","link":"https:\/\/streetmarkets.fr\/app\/produit\/collier-lise-multi-chaines\/","title":{"rendered":"Collier Lise Multi-Cha\u00eenes"},"content":{"rendered":"<p>Collier Lise Multi-Cha\u00eenes : Le ras de cou qui a du flow !\u00a0<br \/>C\u2019est lui qui donne le ton d\u00e8s qu\u2019on le met. Ce collier c\u2019est un enchev\u00eatrement dor\u00e9 &amp; chic, ultra vivant : plusieurs cha\u00eenes qui se croisent, s\u2019entrem\u00ealent et se rejoignent au centre, comme un petit tourbillon d\u2019\u00e9nergie. Plaqu\u00e9 or, brillant et fa\u00e7onn\u00e9 \u00e0 la main dans l\u2019atelier parisien de la cr\u00e9atrice, il \u00e9pouse le cou avec allure et confiance.<\/p>\n<p>ON le choisit car :<br data-start=\"450\" data-end=\"453\">\u2013 il structure une tenue en un clin d\u2019\u0153il, m\u00eame un simple t-shirt devient styl\u00e9.<br data-start=\"543\" data-end=\"546\">\u2013 son jeu de cha\u00eenes entrem\u00eal\u00e9es apporte du relief et du mouvement.<br data-start=\"622\" data-end=\"625\">\u2013 il se r\u00e8gle facilement et reste confortable toute la journ\u00e9e.<\/p>\n<p>Le d\u00e9tail qu\u2019on adore : Ce twist central qui attire le regard et donne ce petit effet \u201cbijou signature\u201d.<\/p>\n","protected":false},"excerpt":{"rendered":"<p>Collier Lise Multi-Cha\u00eenes : Le ras de cou qui a du flow !\u00a0C\u2019est lui qui donne le ton d\u00e8s qu\u2019on le met. Ce collier c\u2019est un enchev\u00eatrement dor\u00e9 &amp; chic, ultra vivant : plusieurs cha\u00eenes qui se croisent, s\u2019entrem\u00ealent et se rejoignent au centre, comme un petit tourbillon d\u2019\u00e9nergie. Plaqu\u00e9 or, brillant et fa\u00e7onn\u00e9 \u00e0 [&hellip;]<\/p>\n","protected":false},"featured_media":2934837,"comment_status":"open","ping_status":"closed","template":"","meta":[],"product_brand":[],"product_cat":[1807,1756],"product_tag":[1813],"acf":[],"_links":{"self":[{"href":"https:\/\/streetmarkets.fr\/app\/wp-json\/wp\/v2\/product\/2934836"}],"collection":[{"href":"https:\/\/streetmarkets.fr\/app\/wp-json\/wp\/v2\/product"}],"about":[{"href":"https:\/\/streetmarkets.fr\/app\/wp-json\/wp\/v2\/types\/product"}],"replies":[{"embeddable":true,"href":"https:\/\/streetmarkets.fr\/app\/wp-json\/wp\/v2\/comments?post=2934836"}],"wp:featuredmedia":[{"embeddable":true,"href":"https:\/\/streetmarkets.fr\/app\/wp-json\/wp\/v2\/media\/2934837"}],"wp:attachment":[{"href":"https:\/\/streetmarkets.fr\/app\/wp-json\/wp\/v2\/media?parent=2934836"}],"wp:term":[{"taxonomy":"product_brand","embeddable":true,"href":"https:\/\/streetmarkets.fr\/app\/wp-json\/wp\/v2\/product_brand?post=2934836"},{"taxonomy":"product_cat","embeddable":true,"href":"https:\/\/streetmarkets.fr\/app\/wp-json\/wp\/v2\/product_cat?post=2934836"},{"taxonomy":"product_tag","embeddable":true,"href":"https:\/\/streetmarkets.fr\/app\/wp-json\/wp\/v2\/product_tag?post=2934836"}],"curies":[{"name":"wp","href":"https:\/\/api.w.org\/{rel}","templated":true}]}}