{"id":2934823,"date":"2025-10-31T00:00:15","date_gmt":"2025-10-30T23:00:15","guid":{"rendered":"https:\/\/streetmarkets.fr\/app\/produit\/bracelet-lise-chaines\/"},"modified":"2026-05-15T00:59:10","modified_gmt":"2026-05-14T22:59:10","slug":"bracelet-lise-chaines","status":"publish","type":"product","link":"https:\/\/streetmarkets.fr\/app\/produit\/bracelet-lise-chaines\/","title":{"rendered":"Bracelet Lise Cha\u00eenes"},"content":{"rendered":"<p>Bracelet Lise Cha\u00eenes : L\u2019\u00e9nergie dor\u00e9e au poignet !\u00a0<br \/>C\u2019est le bijou qui bouge avec nous, qui capte l\u2019\u00e9nergie du moment et qui donne du style sans effort. Le Bracelet Lise Cha\u00eenes est orn\u00e9 de multiples cha\u00eenes dor\u00e9es qui se croisent et s\u2019entrelacent comme un mini feu d\u2019artifice au poignet. Fait \u00e0 la main \u00e0 Paris, il allie souplesse, lumi\u00e8re et caract\u00e8re.<\/p>\n<p>Bref, il a tout bon car :<\/p>\n<p>\u2013 il apporte du mouvement et de la texture, m\u00eame \u00e0 la tenue la plus simple.<br data-start=\"523\" data-end=\"526\">\u2013 sa brillance ma\u00eetris\u00e9e accroche juste ce qu\u2019il faut, sans jamais en faire trop.<br data-start=\"616\" data-end=\"619\">\u2013 avec sa cha\u00eene de r\u00e9glage, il s\u2019adapte \u00e0 toutes nos envies et \u00e0 toutes les journ\u00e9es.<\/p>\n<p>On adore : Les mini-cha\u00eenes qui s\u2019animent \u00e0 chaque geste, on dirait presque qu\u2019il danse avec nous.<\/p>\n","protected":false},"excerpt":{"rendered":"<p>Bracelet Lise Cha\u00eenes : L\u2019\u00e9nergie dor\u00e9e au poignet !\u00a0C\u2019est le bijou qui bouge avec nous, qui capte l\u2019\u00e9nergie du moment et qui donne du style sans effort. Le Bracelet Lise Cha\u00eenes est orn\u00e9 de multiples cha\u00eenes dor\u00e9es qui se croisent et s\u2019entrelacent comme un mini feu d\u2019artifice au poignet. Fait \u00e0 la main \u00e0 Paris, [&hellip;]<\/p>\n","protected":false},"featured_media":2934824,"comment_status":"open","ping_status":"closed","template":"","meta":[],"product_brand":[],"product_cat":[1807,1756],"product_tag":[1813],"acf":[],"_links":{"self":[{"href":"https:\/\/streetmarkets.fr\/app\/wp-json\/wp\/v2\/product\/2934823"}],"collection":[{"href":"https:\/\/streetmarkets.fr\/app\/wp-json\/wp\/v2\/product"}],"about":[{"href":"https:\/\/streetmarkets.fr\/app\/wp-json\/wp\/v2\/types\/product"}],"replies":[{"embeddable":true,"href":"https:\/\/streetmarkets.fr\/app\/wp-json\/wp\/v2\/comments?post=2934823"}],"wp:featuredmedia":[{"embeddable":true,"href":"https:\/\/streetmarkets.fr\/app\/wp-json\/wp\/v2\/media\/2934824"}],"wp:attachment":[{"href":"https:\/\/streetmarkets.fr\/app\/wp-json\/wp\/v2\/media?parent=2934823"}],"wp:term":[{"taxonomy":"product_brand","embeddable":true,"href":"https:\/\/streetmarkets.fr\/app\/wp-json\/wp\/v2\/product_brand?post=2934823"},{"taxonomy":"product_cat","embeddable":true,"href":"https:\/\/streetmarkets.fr\/app\/wp-json\/wp\/v2\/product_cat?post=2934823"},{"taxonomy":"product_tag","embeddable":true,"href":"https:\/\/streetmarkets.fr\/app\/wp-json\/wp\/v2\/product_tag?post=2934823"}],"curies":[{"name":"wp","href":"https:\/\/api.w.org\/{rel}","templated":true}]}}