{"id":2934808,"date":"2025-10-31T00:00:13","date_gmt":"2025-10-30T23:00:13","guid":{"rendered":"https:\/\/streetmarkets.fr\/app\/produit\/bracelet-lambra-pierres\/"},"modified":"2026-05-12T00:59:00","modified_gmt":"2026-05-11T22:59:00","slug":"bracelet-lambra-pierres","status":"publish","type":"product","link":"https:\/\/streetmarkets.fr\/app\/produit\/bracelet-lambra-pierres\/","title":{"rendered":"Bracelet Lambra Pierres"},"content":{"rendered":"<p>Bracelet Lambra Pierres : L\u2019ovale boh\u00e8me qui brille avec esprit !\u00a0<br \/>C\u2019est le genre de bijou qui raconte une histoire avec son ovale dor\u00e9 un peu rebelle, pas tout \u00e0 fait lisse, mais plein de charme. Ses cinq pierres Fluorites, Saphir et Aigue-Marine, s\u2019accrochent comme un petit talisman port\u00e9 par la bonne vibe. Enti\u00e8rement fait \u00e0 la main dans l\u2019atelier parisien de la cr\u00e9atrice, il m\u00eale d\u00e9licatesse, lumi\u00e8re et caract\u00e8re.<\/p>\n<p>Pourquoi on l&#8217;adopte :<br data-start=\"508\" data-end=\"511\">\u2013 Parce qu\u2019il unit la po\u00e9sie des pierres \u00e0 l\u2019\u00e9clat du dor\u00e9, pour un effet bijou-porte-bonheur instantan\u00e9.<br data-start=\"616\" data-end=\"619\">\u2013 Pour son ovale imparfait, qui casse les codes du bijou trop sage.<br data-start=\"686\" data-end=\"689\">\u2013 Parce qu\u2019il s\u2019ajuste facilement avec sa cha\u00eene de rallonge, et qu\u2019on peut le garder jour et nuit, sans craindre l\u2019eau.<\/p>\n<p>Le d\u00e9tail qu\u2019on adore :\u00a0Les cinq pierres comme suspendues \u00e0 un fil d\u2019or, pr\u00eates \u00e0 raconter nos humeurs du jour ou nos r\u00eaves de la nuit.<\/p>\n","protected":false},"excerpt":{"rendered":"<p>Bracelet Lambra Pierres : L\u2019ovale boh\u00e8me qui brille avec esprit !\u00a0C\u2019est le genre de bijou qui raconte une histoire avec son ovale dor\u00e9 un peu rebelle, pas tout \u00e0 fait lisse, mais plein de charme. Ses cinq pierres Fluorites, Saphir et Aigue-Marine, s\u2019accrochent comme un petit talisman port\u00e9 par la bonne vibe. Enti\u00e8rement fait \u00e0 [&hellip;]<\/p>\n","protected":false},"featured_media":2934809,"comment_status":"open","ping_status":"closed","template":"","meta":[],"product_brand":[],"product_cat":[1807,1756],"product_tag":[1813],"acf":[],"_links":{"self":[{"href":"https:\/\/streetmarkets.fr\/app\/wp-json\/wp\/v2\/product\/2934808"}],"collection":[{"href":"https:\/\/streetmarkets.fr\/app\/wp-json\/wp\/v2\/product"}],"about":[{"href":"https:\/\/streetmarkets.fr\/app\/wp-json\/wp\/v2\/types\/product"}],"replies":[{"embeddable":true,"href":"https:\/\/streetmarkets.fr\/app\/wp-json\/wp\/v2\/comments?post=2934808"}],"wp:featuredmedia":[{"embeddable":true,"href":"https:\/\/streetmarkets.fr\/app\/wp-json\/wp\/v2\/media\/2934809"}],"wp:attachment":[{"href":"https:\/\/streetmarkets.fr\/app\/wp-json\/wp\/v2\/media?parent=2934808"}],"wp:term":[{"taxonomy":"product_brand","embeddable":true,"href":"https:\/\/streetmarkets.fr\/app\/wp-json\/wp\/v2\/product_brand?post=2934808"},{"taxonomy":"product_cat","embeddable":true,"href":"https:\/\/streetmarkets.fr\/app\/wp-json\/wp\/v2\/product_cat?post=2934808"},{"taxonomy":"product_tag","embeddable":true,"href":"https:\/\/streetmarkets.fr\/app\/wp-json\/wp\/v2\/product_tag?post=2934808"}],"curies":[{"name":"wp","href":"https:\/\/api.w.org\/{rel}","templated":true}]}}