{"id":2934771,"date":"2025-10-31T00:00:06","date_gmt":"2025-10-30T23:00:06","guid":{"rendered":"https:\/\/streetmarkets.fr\/app\/produit\/bracelet-cleopatre-tomette\/"},"modified":"2026-05-05T00:58:58","modified_gmt":"2026-05-04T22:58:58","slug":"bracelet-cleopatre-tomette","status":"publish","type":"product","link":"https:\/\/streetmarkets.fr\/app\/produit\/bracelet-cleopatre-tomette\/","title":{"rendered":"Bracelet Cl\u00e9op\u00e2tre Tomette"},"content":{"rendered":"<p>Bracelet Cl\u00e9op\u00e2tre Tomette : H\u00e9ritage solaire et charme antique !\u00a0<br \/>Ce bracelet en laiton dor\u00e9 \u00e0 l\u2019or fin se compose de deux cercles grav\u00e9s reli\u00e9s par des cha\u00eenes fines. Chacun orn\u00e9 en son centre d\u2019une r\u00e9sine tomette, inspir\u00e9e des tons du d\u00e9sert \u00e9gyptien. R\u00e9glable gr\u00e2ce \u00e0 sa cha\u00eenette de rallonge, il se porte comme une parure protectrice.<\/p>\n<p>Ce qu\u2019on adore :<br data-start=\"444\" data-end=\"447\">\u2022 La r\u00e9interpr\u00e9tation moderne de l\u2019imagerie \u00e9gyptienne.<br data-start=\"502\" data-end=\"505\">\u2022 L\u2019\u00e9clat chaud du laiton dor\u00e9 associ\u00e9 au rouge profond du tomette.<br data-start=\"572\" data-end=\"575\">\u2022 La l\u00e9g\u00e8ret\u00e9 du bijou, \u00e0 la fois fort et raffin\u00e9.<\/p>\n<p>Le petit plus qui s\u00e9duit :\u00a0Un bracelet charg\u00e9 de symboles, pens\u00e9 comme un talisman solaire \u00e0 porter au quotidien.<\/p>\n","protected":false},"excerpt":{"rendered":"<p>Bracelet Cl\u00e9op\u00e2tre Tomette : H\u00e9ritage solaire et charme antique !\u00a0Ce bracelet en laiton dor\u00e9 \u00e0 l\u2019or fin se compose de deux cercles grav\u00e9s reli\u00e9s par des cha\u00eenes fines. Chacun orn\u00e9 en son centre d\u2019une r\u00e9sine tomette, inspir\u00e9e des tons du d\u00e9sert \u00e9gyptien. R\u00e9glable gr\u00e2ce \u00e0 sa cha\u00eenette de rallonge, il se porte comme une parure [&hellip;]<\/p>\n","protected":false},"featured_media":2934772,"comment_status":"open","ping_status":"closed","template":"","meta":[],"product_brand":[],"product_cat":[1807,1756],"product_tag":[1813],"acf":[],"_links":{"self":[{"href":"https:\/\/streetmarkets.fr\/app\/wp-json\/wp\/v2\/product\/2934771"}],"collection":[{"href":"https:\/\/streetmarkets.fr\/app\/wp-json\/wp\/v2\/product"}],"about":[{"href":"https:\/\/streetmarkets.fr\/app\/wp-json\/wp\/v2\/types\/product"}],"replies":[{"embeddable":true,"href":"https:\/\/streetmarkets.fr\/app\/wp-json\/wp\/v2\/comments?post=2934771"}],"wp:featuredmedia":[{"embeddable":true,"href":"https:\/\/streetmarkets.fr\/app\/wp-json\/wp\/v2\/media\/2934772"}],"wp:attachment":[{"href":"https:\/\/streetmarkets.fr\/app\/wp-json\/wp\/v2\/media?parent=2934771"}],"wp:term":[{"taxonomy":"product_brand","embeddable":true,"href":"https:\/\/streetmarkets.fr\/app\/wp-json\/wp\/v2\/product_brand?post=2934771"},{"taxonomy":"product_cat","embeddable":true,"href":"https:\/\/streetmarkets.fr\/app\/wp-json\/wp\/v2\/product_cat?post=2934771"},{"taxonomy":"product_tag","embeddable":true,"href":"https:\/\/streetmarkets.fr\/app\/wp-json\/wp\/v2\/product_tag?post=2934771"}],"curies":[{"name":"wp","href":"https:\/\/api.w.org\/{rel}","templated":true}]}}