{"id":2934667,"date":"2025-10-30T23:59:10","date_gmt":"2025-10-30T22:59:10","guid":{"rendered":"https:\/\/streetmarkets.fr\/app\/produit\/charms-jazmin\/"},"modified":"2026-05-08T00:58:52","modified_gmt":"2026-05-07T22:58:52","slug":"charms-jazmin","status":"publish","type":"product","link":"https:\/\/streetmarkets.fr\/app\/produit\/charms-jazmin\/","title":{"rendered":"Charms Jazmin"},"content":{"rendered":"<p>Charm Jazmin : Une fleur dor\u00e9e \u00e0 suspendre !\u00a0<br \/>Notre fleur pr\u00e9f\u00e9r\u00e9e se d\u00e9cline d\u00e9sormais en charm ! Le mod\u00e8le Jazmin, avec ses cinq p\u00e9tales d\u00e9licatement dessin\u00e9s, se glisse sur nos mini cr\u00e9oles pour une touche florale chic et lumineuse. Un bijou solaire \u00e0 enfiler au quotidien, seul ou en mix and match.<\/p>\n<p>Pourquoi on aime :<br data-start=\"434\" data-end=\"437\">\u2013 Sa forme florale qui capte la lumi\u00e8re.<br data-start=\"476\" data-end=\"479\">\u2013 Son format parfait \u00e0 mixer avec d\u2019autres charms.<br data-start=\"528\" data-end=\"531\">\u2013 Un plaquage or 3 microns qui tient la route.<br data-start=\"576\" data-end=\"579\">\u2013 Fabriqu\u00e9 en France, avec soin et intention.<\/p>\n","protected":false},"excerpt":{"rendered":"<p>Charm Jazmin : Une fleur dor\u00e9e \u00e0 suspendre !\u00a0Notre fleur pr\u00e9f\u00e9r\u00e9e se d\u00e9cline d\u00e9sormais en charm ! Le mod\u00e8le Jazmin, avec ses cinq p\u00e9tales d\u00e9licatement dessin\u00e9s, se glisse sur nos mini cr\u00e9oles pour une touche florale chic et lumineuse. Un bijou solaire \u00e0 enfiler au quotidien, seul ou en mix and match. Pourquoi on aime [&hellip;]<\/p>\n","protected":false},"featured_media":2934668,"comment_status":"open","ping_status":"closed","template":"","meta":[],"product_brand":[],"product_cat":[1756,1764],"product_tag":[1813],"acf":[],"_links":{"self":[{"href":"https:\/\/streetmarkets.fr\/app\/wp-json\/wp\/v2\/product\/2934667"}],"collection":[{"href":"https:\/\/streetmarkets.fr\/app\/wp-json\/wp\/v2\/product"}],"about":[{"href":"https:\/\/streetmarkets.fr\/app\/wp-json\/wp\/v2\/types\/product"}],"replies":[{"embeddable":true,"href":"https:\/\/streetmarkets.fr\/app\/wp-json\/wp\/v2\/comments?post=2934667"}],"wp:featuredmedia":[{"embeddable":true,"href":"https:\/\/streetmarkets.fr\/app\/wp-json\/wp\/v2\/media\/2934668"}],"wp:attachment":[{"href":"https:\/\/streetmarkets.fr\/app\/wp-json\/wp\/v2\/media?parent=2934667"}],"wp:term":[{"taxonomy":"product_brand","embeddable":true,"href":"https:\/\/streetmarkets.fr\/app\/wp-json\/wp\/v2\/product_brand?post=2934667"},{"taxonomy":"product_cat","embeddable":true,"href":"https:\/\/streetmarkets.fr\/app\/wp-json\/wp\/v2\/product_cat?post=2934667"},{"taxonomy":"product_tag","embeddable":true,"href":"https:\/\/streetmarkets.fr\/app\/wp-json\/wp\/v2\/product_tag?post=2934667"}],"curies":[{"name":"wp","href":"https:\/\/api.w.org\/{rel}","templated":true}]}}