{"id":2929356,"date":"2025-10-30T01:05:56","date_gmt":"2025-10-30T00:05:56","guid":{"rendered":"https:\/\/streetmarkets.fr\/app\/produit\/hbr_4\/"},"modified":"2026-01-22T01:05:41","modified_gmt":"2026-01-22T00:05:41","slug":"hbr_4","status":"publish","type":"product","link":"https:\/\/streetmarkets.fr\/app\/produit\/hbr_4\/","title":{"rendered":"HBR_4"},"content":{"rendered":"<p>Pi\u00e8ce unique, un seul exemplaire disponible.<\/p>\n<ul>\n<li>Argent 925<\/li>\n<li>Dimensions : 4,7x6cm<\/li>\n<li>Grav\u00e9e : &#8220;PLATO 925 &#8211; HECHO EN MEXICO &#8211; JFG&#8221;<\/li>\n<\/ul>\n<p><span>Depuis 1979, le gouvernement mexicain a impos\u00e9 un syst\u00e8me d\u2019enregistrement pour les artisans travaillant l\u2019argent. JFG correspond aux initiales de l&#8217;atelier ou de l&#8217;artisant ayant r\u00e9alis\u00e9 ce bijou. PLATO 925 assure la qualit\u00e9 de l&#8217;argent.<\/span><\/p>\n<p>\u00a0<\/p>\n","protected":false},"excerpt":{"rendered":"<p>Pi\u00e8ce unique, un seul exemplaire disponible. Argent 925 Dimensions : 4,7x6cm Grav\u00e9e : &#8220;PLATO 925 &#8211; HECHO EN MEXICO &#8211; JFG&#8221; Depuis 1979, le gouvernement mexicain a impos\u00e9 un syst\u00e8me d\u2019enregistrement pour les artisans travaillant l\u2019argent. JFG correspond aux initiales de l&#8217;atelier ou de l&#8217;artisant ayant r\u00e9alis\u00e9 ce bijou. PLATO 925 assure la qualit\u00e9 de [&hellip;]<\/p>\n","protected":false},"featured_media":2929357,"comment_status":"open","ping_status":"closed","template":"","meta":[],"product_brand":[],"product_cat":[1756,1764],"product_tag":[2122],"acf":[],"_links":{"self":[{"href":"https:\/\/streetmarkets.fr\/app\/wp-json\/wp\/v2\/product\/2929356"}],"collection":[{"href":"https:\/\/streetmarkets.fr\/app\/wp-json\/wp\/v2\/product"}],"about":[{"href":"https:\/\/streetmarkets.fr\/app\/wp-json\/wp\/v2\/types\/product"}],"replies":[{"embeddable":true,"href":"https:\/\/streetmarkets.fr\/app\/wp-json\/wp\/v2\/comments?post=2929356"}],"wp:featuredmedia":[{"embeddable":true,"href":"https:\/\/streetmarkets.fr\/app\/wp-json\/wp\/v2\/media\/2929357"}],"wp:attachment":[{"href":"https:\/\/streetmarkets.fr\/app\/wp-json\/wp\/v2\/media?parent=2929356"}],"wp:term":[{"taxonomy":"product_brand","embeddable":true,"href":"https:\/\/streetmarkets.fr\/app\/wp-json\/wp\/v2\/product_brand?post=2929356"},{"taxonomy":"product_cat","embeddable":true,"href":"https:\/\/streetmarkets.fr\/app\/wp-json\/wp\/v2\/product_cat?post=2929356"},{"taxonomy":"product_tag","embeddable":true,"href":"https:\/\/streetmarkets.fr\/app\/wp-json\/wp\/v2\/product_tag?post=2929356"}],"curies":[{"name":"wp","href":"https:\/\/api.w.org\/{rel}","templated":true}]}}