{"id":2929331,"date":"2025-10-30T01:05:53","date_gmt":"2025-10-30T00:05:53","guid":{"rendered":"https:\/\/streetmarkets.fr\/app\/produit\/hc_6\/"},"modified":"2026-01-22T01:05:40","modified_gmt":"2026-01-22T00:05:40","slug":"hc_6","status":"publish","type":"product","link":"https:\/\/streetmarkets.fr\/app\/produit\/hc_6\/","title":{"rendered":"HC_6"},"content":{"rendered":"<p>Pi\u00e8ce unique, un seul exemplaire disponible.<\/p>\n<ul>\n<li>Argent 925\n<\/li>\n<li>Longueur : 11cm<\/li>\n<li>Grav\u00e9e : &#8220;MEXICO &#8211; TA03<\/li>\n<\/ul>\n<p><span>Depuis 1979, le gouvernement mexicain a impos\u00e9 un syst\u00e8me d\u2019enregistrement pour les artisans travaillant l\u2019argent. T correspond \u00e0 Taxco, la ville. Cela indique donc que le bijou a \u00e9t\u00e9 fabriqu\u00e9 au Mexique, pays r\u00e9put\u00e9 pour son artisanat en argent (notamment \u00e0 Taxco, haut lieu historique de la bijouterie argent\u00e9e). 925 assure la qualit\u00e9 de l&#8217;argent et le <\/span><span>chiffre 03 indique qu&#8217;il s&#8217;agit du 3\u1d49 artisan\/atelier enregistr\u00e9 avec des initiales similaires.<\/span><\/p>\n","protected":false},"excerpt":{"rendered":"<p>Pi\u00e8ce unique, un seul exemplaire disponible. Argent 925 Longueur : 11cm Grav\u00e9e : &#8220;MEXICO &#8211; TA03 Depuis 1979, le gouvernement mexicain a impos\u00e9 un syst\u00e8me d\u2019enregistrement pour les artisans travaillant l\u2019argent. T correspond \u00e0 Taxco, la ville. Cela indique donc que le bijou a \u00e9t\u00e9 fabriqu\u00e9 au Mexique, pays r\u00e9put\u00e9 pour son artisanat en argent [&hellip;]<\/p>\n","protected":false},"featured_media":2929332,"comment_status":"open","ping_status":"closed","template":"","meta":[],"product_brand":[],"product_cat":[1756,1764],"product_tag":[2244,2122],"acf":[],"_links":{"self":[{"href":"https:\/\/streetmarkets.fr\/app\/wp-json\/wp\/v2\/product\/2929331"}],"collection":[{"href":"https:\/\/streetmarkets.fr\/app\/wp-json\/wp\/v2\/product"}],"about":[{"href":"https:\/\/streetmarkets.fr\/app\/wp-json\/wp\/v2\/types\/product"}],"replies":[{"embeddable":true,"href":"https:\/\/streetmarkets.fr\/app\/wp-json\/wp\/v2\/comments?post=2929331"}],"wp:featuredmedia":[{"embeddable":true,"href":"https:\/\/streetmarkets.fr\/app\/wp-json\/wp\/v2\/media\/2929332"}],"wp:attachment":[{"href":"https:\/\/streetmarkets.fr\/app\/wp-json\/wp\/v2\/media?parent=2929331"}],"wp:term":[{"taxonomy":"product_brand","embeddable":true,"href":"https:\/\/streetmarkets.fr\/app\/wp-json\/wp\/v2\/product_brand?post=2929331"},{"taxonomy":"product_cat","embeddable":true,"href":"https:\/\/streetmarkets.fr\/app\/wp-json\/wp\/v2\/product_cat?post=2929331"},{"taxonomy":"product_tag","embeddable":true,"href":"https:\/\/streetmarkets.fr\/app\/wp-json\/wp\/v2\/product_tag?post=2929331"}],"curies":[{"name":"wp","href":"https:\/\/api.w.org\/{rel}","templated":true}]}}