{"id":2929260,"date":"2025-10-30T01:05:43","date_gmt":"2025-10-30T00:05:43","guid":{"rendered":"https:\/\/streetmarkets.fr\/app\/produit\/hb_13\/"},"modified":"2026-01-22T01:05:40","modified_gmt":"2026-01-22T00:05:40","slug":"hb_13","status":"publish","type":"product","link":"https:\/\/streetmarkets.fr\/app\/produit\/hb_13\/","title":{"rendered":"HB_13"},"content":{"rendered":"<p>Pi\u00e8ce unique, un seul exemplaire disponible.<\/p>\n<ul>\n<li>Argent 925<\/li>\n<li>Taille 51 (diam\u00e8tre int\u00e9rieur 16,2mm)<\/li>\n<\/ul>\n<p><!-- notionvc: 9b5d3a0f-55c2-4382-806d-a0f5c2edcf7b --><\/p>\n","protected":false},"excerpt":{"rendered":"<p>Pi\u00e8ce unique, un seul exemplaire disponible. Argent 925 Taille 51 (diam\u00e8tre int\u00e9rieur 16,2mm)<\/p>\n","protected":false},"featured_media":2929261,"comment_status":"open","ping_status":"closed","template":"","meta":[],"product_brand":[],"product_cat":[1756,1764],"product_tag":[2122],"acf":[],"_links":{"self":[{"href":"https:\/\/streetmarkets.fr\/app\/wp-json\/wp\/v2\/product\/2929260"}],"collection":[{"href":"https:\/\/streetmarkets.fr\/app\/wp-json\/wp\/v2\/product"}],"about":[{"href":"https:\/\/streetmarkets.fr\/app\/wp-json\/wp\/v2\/types\/product"}],"replies":[{"embeddable":true,"href":"https:\/\/streetmarkets.fr\/app\/wp-json\/wp\/v2\/comments?post=2929260"}],"wp:featuredmedia":[{"embeddable":true,"href":"https:\/\/streetmarkets.fr\/app\/wp-json\/wp\/v2\/media\/2929261"}],"wp:attachment":[{"href":"https:\/\/streetmarkets.fr\/app\/wp-json\/wp\/v2\/media?parent=2929260"}],"wp:term":[{"taxonomy":"product_brand","embeddable":true,"href":"https:\/\/streetmarkets.fr\/app\/wp-json\/wp\/v2\/product_brand?post=2929260"},{"taxonomy":"product_cat","embeddable":true,"href":"https:\/\/streetmarkets.fr\/app\/wp-json\/wp\/v2\/product_cat?post=2929260"},{"taxonomy":"product_tag","embeddable":true,"href":"https:\/\/streetmarkets.fr\/app\/wp-json\/wp\/v2\/product_tag?post=2929260"}],"curies":[{"name":"wp","href":"https:\/\/api.w.org\/{rel}","templated":true}]}}