{"id":2929253,"date":"2025-10-30T01:05:42","date_gmt":"2025-10-30T00:05:42","guid":{"rendered":"https:\/\/streetmarkets.fr\/app\/produit\/hb_12\/"},"modified":"2026-01-22T01:05:40","modified_gmt":"2026-01-22T00:05:40","slug":"hb_12","status":"publish","type":"product","link":"https:\/\/streetmarkets.fr\/app\/produit\/hb_12\/","title":{"rendered":"HB_12"},"content":{"rendered":"<p>Pi\u00e8ce unique, un seul exemplaire disponible.<\/p>\n<ul>\n<li>Argent 925<\/li>\n<li>Taille 60 (diam\u00e8tre int\u00e9rieur 19,1mm)<\/li>\n<li>Grav\u00e9e &#8220;MEXICO, TC 925&#8221;<\/li>\n<\/ul>\n<p><span>Depuis 1979, le gouvernement mexicain a impos\u00e9 un syst\u00e8me d\u2019enregistrement pour les artisans travaillant l\u2019argent. T correspond \u00e0 Taxco, la ville. Cela indique donc que le bijou a \u00e9t\u00e9 fabriqu\u00e9 au Mexique, pays r\u00e9put\u00e9 pour son artisanat en argent (notamment \u00e0 Taxco, haut lieu historique de la bijouterie argent\u00e9e). 925 assure la qualit\u00e9 de l&#8217;argent.<\/span><\/p>\n<p><!-- notionvc: d2b393b5-8452-4031-a330-1739ac06ece2 --><\/p>\n","protected":false},"excerpt":{"rendered":"<p>Pi\u00e8ce unique, un seul exemplaire disponible. Argent 925 Taille 60 (diam\u00e8tre int\u00e9rieur 19,1mm) Grav\u00e9e &#8220;MEXICO, TC 925&#8221; Depuis 1979, le gouvernement mexicain a impos\u00e9 un syst\u00e8me d\u2019enregistrement pour les artisans travaillant l\u2019argent. T correspond \u00e0 Taxco, la ville. Cela indique donc que le bijou a \u00e9t\u00e9 fabriqu\u00e9 au Mexique, pays r\u00e9put\u00e9 pour son artisanat en [&hellip;]<\/p>\n","protected":false},"featured_media":2929254,"comment_status":"open","ping_status":"closed","template":"","meta":[],"product_brand":[],"product_cat":[1756,1764],"product_tag":[2122],"acf":[],"_links":{"self":[{"href":"https:\/\/streetmarkets.fr\/app\/wp-json\/wp\/v2\/product\/2929253"}],"collection":[{"href":"https:\/\/streetmarkets.fr\/app\/wp-json\/wp\/v2\/product"}],"about":[{"href":"https:\/\/streetmarkets.fr\/app\/wp-json\/wp\/v2\/types\/product"}],"replies":[{"embeddable":true,"href":"https:\/\/streetmarkets.fr\/app\/wp-json\/wp\/v2\/comments?post=2929253"}],"wp:featuredmedia":[{"embeddable":true,"href":"https:\/\/streetmarkets.fr\/app\/wp-json\/wp\/v2\/media\/2929254"}],"wp:attachment":[{"href":"https:\/\/streetmarkets.fr\/app\/wp-json\/wp\/v2\/media?parent=2929253"}],"wp:term":[{"taxonomy":"product_brand","embeddable":true,"href":"https:\/\/streetmarkets.fr\/app\/wp-json\/wp\/v2\/product_brand?post=2929253"},{"taxonomy":"product_cat","embeddable":true,"href":"https:\/\/streetmarkets.fr\/app\/wp-json\/wp\/v2\/product_cat?post=2929253"},{"taxonomy":"product_tag","embeddable":true,"href":"https:\/\/streetmarkets.fr\/app\/wp-json\/wp\/v2\/product_tag?post=2929253"}],"curies":[{"name":"wp","href":"https:\/\/api.w.org\/{rel}","templated":true}]}}