{"id":2929223,"date":"2025-10-30T01:05:39","date_gmt":"2025-10-30T00:05:39","guid":{"rendered":"https:\/\/streetmarkets.fr\/app\/produit\/hb_9\/"},"modified":"2026-01-22T01:05:39","modified_gmt":"2026-01-22T00:05:39","slug":"hb_9","status":"publish","type":"product","link":"https:\/\/streetmarkets.fr\/app\/produit\/hb_9\/","title":{"rendered":"HB_9"},"content":{"rendered":"<p>Pi\u00e8ce unique, un seul exemplaire disponible.<\/p>\n<ul>\n<li>Argent 925<\/li>\n<li>Taille 62 (diam\u00e8tre int\u00e9rieur 19,7mm)<\/li>\n<\/ul>\n<p><!-- notionvc: d2b393b5-8452-4031-a330-1739ac06ece2 --><\/p>\n","protected":false},"excerpt":{"rendered":"<p>Pi\u00e8ce unique, un seul exemplaire disponible. Argent 925 Taille 62 (diam\u00e8tre int\u00e9rieur 19,7mm)<\/p>\n","protected":false},"featured_media":2929224,"comment_status":"open","ping_status":"closed","template":"","meta":[],"product_brand":[],"product_cat":[1756,1764],"product_tag":[2122],"acf":[],"_links":{"self":[{"href":"https:\/\/streetmarkets.fr\/app\/wp-json\/wp\/v2\/product\/2929223"}],"collection":[{"href":"https:\/\/streetmarkets.fr\/app\/wp-json\/wp\/v2\/product"}],"about":[{"href":"https:\/\/streetmarkets.fr\/app\/wp-json\/wp\/v2\/types\/product"}],"replies":[{"embeddable":true,"href":"https:\/\/streetmarkets.fr\/app\/wp-json\/wp\/v2\/comments?post=2929223"}],"wp:featuredmedia":[{"embeddable":true,"href":"https:\/\/streetmarkets.fr\/app\/wp-json\/wp\/v2\/media\/2929224"}],"wp:attachment":[{"href":"https:\/\/streetmarkets.fr\/app\/wp-json\/wp\/v2\/media?parent=2929223"}],"wp:term":[{"taxonomy":"product_brand","embeddable":true,"href":"https:\/\/streetmarkets.fr\/app\/wp-json\/wp\/v2\/product_brand?post=2929223"},{"taxonomy":"product_cat","embeddable":true,"href":"https:\/\/streetmarkets.fr\/app\/wp-json\/wp\/v2\/product_cat?post=2929223"},{"taxonomy":"product_tag","embeddable":true,"href":"https:\/\/streetmarkets.fr\/app\/wp-json\/wp\/v2\/product_tag?post=2929223"}],"curies":[{"name":"wp","href":"https:\/\/api.w.org\/{rel}","templated":true}]}}