{"id":2924493,"date":"2025-10-29T01:08:48","date_gmt":"2025-10-29T00:08:48","guid":{"rendered":"https:\/\/streetmarkets.fr\/app\/produit\/nouveau-mother-jean-the-spinner-sneak-tomorrow-never-knows-precommande\/"},"modified":"2026-05-06T01:59:38","modified_gmt":"2026-05-05T23:59:38","slug":"nouveau-mother-jean-the-spinner-sneak-tomorrow-never-knows-precommande","status":"publish","type":"product","link":"https:\/\/streetmarkets.fr\/app\/produit\/nouveau-mother-jean-the-spinner-sneak-tomorrow-never-knows-precommande\/","title":{"rendered":"Nouveau ! MOTHER Jean The Spinner Sneak Tomorrow Never Knows -50%"},"content":{"rendered":"<p data-rte-preserve-empty=\"true\">Grand succ\u00e8s de MOTHER, le jean Spinner Sneak, ici dans le wash Tomorrow Never Knows, taille semi haute, jambe flare, droite et longue, a porter sur taill\u00e9 pour un mood taille basse 90s. Coton premium hyper confort et souple, no stretch \ud83d\ude42<\/p>\n<p data-rte-preserve-empty=\"true\">D\u00e9tail : 100% coton <\/p>\n<p data-rte-preserve-empty=\"true\">Fabriqu\u00e9 \u00e0 Los Angeles<\/p>\n","protected":false},"excerpt":{"rendered":"<p>Grand succ\u00e8s de MOTHER, le jean Spinner Sneak, ici dans le wash Tomorrow Never Knows, taille semi haute, jambe flare, droite et longue, a porter sur taill\u00e9 pour un mood taille basse 90s. Coton premium hyper confort et souple, no stretch \ud83d\ude42 D\u00e9tail : 100% coton Fabriqu\u00e9 \u00e0 Los Angeles<\/p>\n","protected":false},"featured_media":2924494,"comment_status":"open","ping_status":"closed","template":"","meta":[],"product_brand":[],"product_cat":[1756,1762],"product_tag":[2244],"acf":[],"_links":{"self":[{"href":"https:\/\/streetmarkets.fr\/app\/wp-json\/wp\/v2\/product\/2924493"}],"collection":[{"href":"https:\/\/streetmarkets.fr\/app\/wp-json\/wp\/v2\/product"}],"about":[{"href":"https:\/\/streetmarkets.fr\/app\/wp-json\/wp\/v2\/types\/product"}],"replies":[{"embeddable":true,"href":"https:\/\/streetmarkets.fr\/app\/wp-json\/wp\/v2\/comments?post=2924493"}],"wp:featuredmedia":[{"embeddable":true,"href":"https:\/\/streetmarkets.fr\/app\/wp-json\/wp\/v2\/media\/2924494"}],"wp:attachment":[{"href":"https:\/\/streetmarkets.fr\/app\/wp-json\/wp\/v2\/media?parent=2924493"}],"wp:term":[{"taxonomy":"product_brand","embeddable":true,"href":"https:\/\/streetmarkets.fr\/app\/wp-json\/wp\/v2\/product_brand?post=2924493"},{"taxonomy":"product_cat","embeddable":true,"href":"https:\/\/streetmarkets.fr\/app\/wp-json\/wp\/v2\/product_cat?post=2924493"},{"taxonomy":"product_tag","embeddable":true,"href":"https:\/\/streetmarkets.fr\/app\/wp-json\/wp\/v2\/product_tag?post=2924493"}],"curies":[{"name":"wp","href":"https:\/\/api.w.org\/{rel}","templated":true}]}}