{"id":2924356,"date":"2025-10-29T01:00:15","date_gmt":"2025-10-29T00:00:15","guid":{"rendered":"https:\/\/streetmarkets.fr\/app\/produit\/parka-ms-isthmus-homme-vintage-chaude-recyclee-patagonia\/"},"modified":"2026-05-06T01:59:15","modified_gmt":"2026-05-05T23:59:15","slug":"parka-ms-isthmus-homme-vintage-chaude-recyclee-patagonia","status":"publish","type":"product","link":"https:\/\/streetmarkets.fr\/app\/produit\/parka-ms-isthmus-homme-vintage-chaude-recyclee-patagonia\/","title":{"rendered":"Parka M&#8217;S Isthmus Homme Vintage Chaude &amp; Recycl\u00e9e &#8211; Patagonia"},"content":{"rendered":"<h2>Parka M&#8217;S Isthmus Homme Vintage Chaude &amp; Recycl\u00e9e &#8211; Patagonia<\/h2>\n<p><img decoding=\"async\" style=\"font-size: 0.875rem\" src=\"https:\/\/cdn.shopify.com\/s\/files\/1\/0593\/7093\/0335\/files\/Patagonia-logo_480x480.jpg?v=1678193525\" alt=\"\"><img decoding=\"async\" style=\"font-size: 0.875rem\" alt=\"\" src=\"https:\/\/cdn.shopify.com\/s\/files\/1\/0593\/7093\/0335\/files\/Picto_Mode_Textile_480x480.jpg?v=1677763747\"><img decoding=\"async\" style=\"font-size: 0.875rem\" alt=\"\" src=\"https:\/\/cdn.shopify.com\/s\/files\/1\/0593\/7093\/0335\/files\/Picto_Fair_Trade_480x480.jpg?v=1677763747\"><img decoding=\"async\" style=\"font-size: 0.875rem\" src=\"https:\/\/cdn.shopify.com\/s\/files\/1\/0593\/7093\/0335\/files\/Picto_Matieres_recyclees_480x480.jpg?v=1677763747\" alt=\"\"><\/p>\n<p data-end=\"748\" data-start=\"384\">Inspir\u00e9e d\u2019un mod\u00e8le des ann\u00e9es 80, la parka Isthmus homme incarne l\u2019h\u00e9ritage outdoor de Patagonia avec une touche urbaine intemporelle. Fabriqu\u00e9e dans une mati\u00e8re 100 % recycl\u00e9e issue de filets de p\u00eache, doubl\u00e9e d\u2019une chaude polaire imitation mouton et dot\u00e9e d\u2019une isolation Thermogreen\u2122 dans les manches, elle allie confort, robustesse et engagement environnemental. Une pi\u00e8ce de caract\u00e8re con\u00e7ue pour durer, pens\u00e9e pour l\u2019hiver et les grands espaces.<\/p>\n<p data-end=\"1352\" data-start=\"750\"><strong data-start=\"672\" data-end=\"696\">\u2728 Pourquoi l\u2019adopter<\/strong><br data-start=\"696\" data-end=\"699\">\ud83e\udde5 Look r\u00e9tro outdoor : coupe classique, col montant, finitions robustes et inspir\u00e9es des ann\u00e9es 80<br data-start=\"798\" data-end=\"801\">\ud83c\udf27 R\u00e9siste aux intemp\u00e9ries : tissu NetPlus\u00ae recycl\u00e9 d\u00e9perlant, coupe-vent et durable<br data-start=\"885\" data-end=\"888\">\ud83d\udd25 Doublure ultra-confort : polaire imitation mouton recycl\u00e9e certifi\u00e9e OceanCycle<br data-start=\"970\" data-end=\"973\">\ud83e\udde4 Isolation performante : Thermogreen\u2122 100 % recycl\u00e9e dans les manches<br data-start=\"1044\" data-end=\"1047\">\ud83c\udfaf D\u00e9tails pratiques : capuche r\u00e9glable, poignets ajustables, nombreuses poches zipp\u00e9es<br data-start=\"1134\" data-end=\"1137\">\u267b\ufe0f \u00c9co-con\u00e7ue jusqu\u2019au bout : mati\u00e8res certifi\u00e9es bluesign\u00ae, fabrication Fair Trade\u2122<\/p>\n<p data-end=\"1533\" data-start=\"1354\">\ud83e\udd7e <strong data-end=\"1372\" data-start=\"1357\">Id\u00e9al pour\u2026<\/strong><br data-end=\"1375\" data-start=\"1372\">Les hivers froids et humides, les trajets urbains \u00e0 v\u00e9lo ou \u00e0 pied, les sorties nature en hors-saison, les amateurs de style utilitaire durable et bien coup\u00e9.<\/p>\n<p data-end=\"1657\" data-start=\"1535\"><strong data-end=\"1421\" data-start=\"1405\">\ud83e\uddfc Entretien<\/strong><br data-end=\"1424\" data-start=\"1421\">Lavage en machine \u00e0 l\u2019eau ti\u00e8de. Ne pas utiliser d\u2019eau de Javel. S\u00e9chage \u00e0 basse temp\u00e9rature. Repassage doux autoris\u00e9.<\/p>\n<p><strong>Nylon recycl\u00e9 et isolation Thermogreen\u2122<\/strong><br \/>Mati\u00e8re principale durable en nylon textur\u00e9 NetPlus\u00ae 100% recycl\u00e9 post-consommation fabriqu\u00e9 \u00e0 partir de filets de p\u00eache recycl\u00e9s afin de r\u00e9duire la pollution plastique dans les oc\u00e9ans ; avec appr\u00eat d\u00e9perlant durable (DWR) sans ajout d\u00e9lib\u00e9r\u00e9 de PFAS ; isolation Thermogreen\u2122 100% polyester recycl\u00e9 de 60 g\/m\u00b2 dans les manches et doublure en polaire au niveau du buste et de la capuche<\/p>\n<p><strong>Capuche r\u00e9glable<\/strong><br \/>Capuche \u00e0 trois pans r\u00e9glable, doubl\u00e9e en polaire<\/p>\n<p><strong>Zip frontal double sens<\/strong><br \/>Zip frontal double sens avec rabat anti-temp\u00eate ext\u00e9rieur \u00e0 boutons-pression invisibles pour plus de chaleur<\/p>\n<p><strong>Poches ext\u00e9rieures<\/strong><br \/>Deux poches poitrine zipp\u00e9es et passepoil\u00e9es ; deux poches chauffe-mains zipp\u00e9es \u00e0 ouverture lat\u00e9rale, avec rabat et bouton-pression<\/p>\n<p><strong>Poche int\u00e9rieure<\/strong><br \/>Poche poitrine zipp\u00e9e \u00e0 l\u2019int\u00e9rieur<\/p>\n<p><strong>Poignets r\u00e9glables<\/strong><br \/>Poignets r\u00e9glables avec bouton-pression<\/p>\n<h3>PATAGONIA<\/h3>\n<p><span><em>\u00ab Acheter pour vivre, au lieu de vivre pour acheter \u00bb, cette phrase\u00a0<\/em>d&#8217;Yvon Chouinard, fondateur peu conventionnel de la marque Patagonia illustre bien le positionnement de la marque.<\/span><\/p>\n<p><span>Depuis 1973, Patagonia propose des v\u00eatements techniques \u00e9co-con\u00e7us de sports de montagne, de surf,\u00a0pour d\u00e9couvrir les grands espaces naturels sauvages.\u00a0Pour concevoir ses v\u00eatements, Patagonia utilise uniquement du coton biologique et des chlorofibres (mati\u00e8res recycl\u00e9es). On pourrait r\u00e9sumer ainsi la philosophie de\u00a0PATAGONIA\u00a0:<em> &#8220;Fabriquer les meilleurs produits en causant le moindre impact environnemental, utiliser le monde des affaires pour inspirer et mettre en place des solutions \u00e0 la crise environnementale.&#8221;<\/em><\/span><\/p>\n<h3>INFORMATIONS<\/h3>\n<p>Mati\u00e8re ext\u00e9rieure : nylon textur\u00e9 NetPlus\u00ae 100 % recycl\u00e9 post-consommation, issu de filets de p\u00eache recycl\u00e9s ; 142 g\/m\u00b2, finition DWR sans ajout d\u00e9lib\u00e9r\u00e9 de PFAS<br data-end=\"1742\" data-start=\"1739\">Doublure capuche &amp; buste : polaire imitation mouton Repreve\u00ae 100 % polyester recycl\u00e9, certifi\u00e9e OceanCycle, 6 mm d\u2019\u00e9paisseur, 349 g\/m\u00b2<br data-end=\"1879\" data-start=\"1876\">Doublure manches : taffetas 100 % polyester recycl\u00e9, 75 g\/m\u00b2, avec DWR sans PFAS<br data-end=\"1962\" data-start=\"1959\">Isolation manches : Thermogreen\u2122 100 % polyester recycl\u00e9, 60 g\/m\u00b2<br data-end=\"2030\" data-start=\"2027\">Poignets : r\u00e9glables par bouton-pression<br data-end=\"2073\" data-start=\"2070\">Poches ext\u00e9rieures : deux poches poitrine zipp\u00e9es passepoil\u00e9es, deux poches chauffe-mains zipp\u00e9es \u00e0 rabat<br data-end=\"2181\" data-start=\"2178\">Poche int\u00e9rieure : une poche poitrine zipp\u00e9e<br data-end=\"2228\" data-start=\"2225\">Fermeture : zip frontal double sens avec rabat \u00e0 boutons-pression invisibles<br data-end=\"2307\" data-start=\"2304\">Capuche : fixe, r\u00e9glable 3 pans<br data-end=\"2341\" data-start=\"2338\">Poids : 1168 g<br data-end=\"2358\" data-start=\"2355\">Mod\u00e8le confectionn\u00e9 dans un atelier Fair Trade Certified\u2122<br data-end=\"2418\" data-start=\"2415\">Mati\u00e8res certifi\u00e9es bluesign\u00ae<br data-end=\"2450\" data-start=\"2447\">Pays d\u2019origine : Vietnam<\/p>\n","protected":false},"excerpt":{"rendered":"<p>Parka M&#8217;S Isthmus Homme Vintage Chaude &amp; Recycl\u00e9e &#8211; Patagonia Inspir\u00e9e d\u2019un mod\u00e8le des ann\u00e9es 80, la parka Isthmus homme incarne l\u2019h\u00e9ritage outdoor de Patagonia avec une touche urbaine intemporelle. Fabriqu\u00e9e dans une mati\u00e8re 100 % recycl\u00e9e issue de filets de p\u00eache, doubl\u00e9e d\u2019une chaude polaire imitation mouton et dot\u00e9e d\u2019une isolation Thermogreen\u2122 dans les [&hellip;]<\/p>\n","protected":false},"featured_media":2924357,"comment_status":"open","ping_status":"closed","template":"","meta":[],"product_brand":[7133],"product_cat":[1756,1758],"product_tag":[1810,2122],"acf":[],"_links":{"self":[{"href":"https:\/\/streetmarkets.fr\/app\/wp-json\/wp\/v2\/product\/2924356"}],"collection":[{"href":"https:\/\/streetmarkets.fr\/app\/wp-json\/wp\/v2\/product"}],"about":[{"href":"https:\/\/streetmarkets.fr\/app\/wp-json\/wp\/v2\/types\/product"}],"replies":[{"embeddable":true,"href":"https:\/\/streetmarkets.fr\/app\/wp-json\/wp\/v2\/comments?post=2924356"}],"wp:featuredmedia":[{"embeddable":true,"href":"https:\/\/streetmarkets.fr\/app\/wp-json\/wp\/v2\/media\/2924357"}],"wp:attachment":[{"href":"https:\/\/streetmarkets.fr\/app\/wp-json\/wp\/v2\/media?parent=2924356"}],"wp:term":[{"taxonomy":"product_brand","embeddable":true,"href":"https:\/\/streetmarkets.fr\/app\/wp-json\/wp\/v2\/product_brand?post=2924356"},{"taxonomy":"product_cat","embeddable":true,"href":"https:\/\/streetmarkets.fr\/app\/wp-json\/wp\/v2\/product_cat?post=2924356"},{"taxonomy":"product_tag","embeddable":true,"href":"https:\/\/streetmarkets.fr\/app\/wp-json\/wp\/v2\/product_tag?post=2924356"}],"curies":[{"name":"wp","href":"https:\/\/api.w.org\/{rel}","templated":true}]}}