{"id":2924248,"date":"2025-10-29T00:27:26","date_gmt":"2025-10-28T23:27:26","guid":{"rendered":"https:\/\/streetmarkets.fr\/app\/produit\/sac-charlot-xs-hiver-2025\/"},"modified":"2026-05-02T01:18:31","modified_gmt":"2026-05-01T23:18:31","slug":"sac-charlot-xs-hiver-2025","status":"publish","type":"product","link":"https:\/\/streetmarkets.fr\/app\/produit\/sac-charlot-xs-hiver-2025\/","title":{"rendered":"Sac Charlot XS &#8211; Hiver 2025"},"content":{"rendered":"<p class=\"p1\"><a href=\"\/collections\/rive-droite-paris\" title=\"Collection Rive Droite Paris\"><strong>Collection Rive Droite Paris<\/strong><\/a><\/p>\n<div style=\"text-align: left\">\n<p><span>Le sac \u00e0 main Charlot XS est id\u00e9al en cette saison. Il\u00a0<\/span><span>s\u2019habille d\u2019un coton recycl\u00e9 cir\u00e9 d\u00e9perlant pour passer entre les gouttes et permettre \u00e0 la pluie de glisser sur le tissu sans le p\u00e9n\u00e9trer.<\/span><\/p>\n<p>Il se porte aussi bien \u00e0 l&#8217;\u00e9paule, au bras ou \u00e0 la main pour une allure \u00e9l\u00e9gante, ou en crossbody pour une allure plus casual. Son compartiment principal peut contenir un livre de poche, un porte-monnaie, des cl\u00e9s et un t\u00e9l\u00e9phone. Il contient une petite poche int\u00e9rieure zipp\u00e9e pour ranger vos effets pr\u00e9cieux et une poche ext\u00e9rieure zipp\u00e9e pour une organiser optimale au quotidien. Sa bandouli\u00e8re est r\u00e9glable pour vous permettre de choisir le port\u00e9 que vous souhaitez et s&#8217;adapter \u00e0 toutes les morphologies. Il se ferme par un zip YKK\u00ae dor\u00e9.<\/p>\n<p>Sa doublure int\u00e9rieure est issue de chutes de tissu de l&#8217;industrie textile.<\/p>\n<\/div>\n<ul>\n<li>\n<strong>Composition<\/strong><span>\u00a0<\/span>:<span><span> Coton recycl\u00e9 et cir\u00e9, d\u00e9perlant\u00a0&#8211; 70%\u00a0coton recycl\u00e9, 30% polyester recycl\u00e9<\/span><\/span>\n<\/li>\n<li>\n<strong>Emballage :\u00a0<\/strong>Ce produit est emball\u00e9 avec soin dans un pochon en coton r\u00e9utilisable avec un lien coulissant.<\/li>\n<li>\n<strong>Doublure<\/strong><span>\u00a0<\/span>: 100% polycoton upcycl\u00e9 issu de fins de stocks de tissus de l&#8217;industrie textile.  <span>La couleur de la doublure se rapproche de la couleur ext\u00e9rieure.<\/span>\n<\/li>\n<li>\n<strong>Dimensions<\/strong><span>\u00a0<\/span><span>:<\/span><span>\u00a0<\/span><span>L30 x H16 x P8 cm.<span>\u00a0<\/span><span>Tour de taille maximum 112 cm. Tour de taille minimum 62 cm<\/span><\/span><span><span><\/span><\/span>\n<\/li>\n<li>\n<strong>Conseils d&#8217;entretien<\/strong><span>\u00a0<\/span>:<span> Ne pas utiliser de machine \u00e0 laver mais nettoyer sa pi\u00e8ce avec un chiffon humide. Ne pas javelliser. Ne pas s\u00e9cher au s\u00e8che-linge mais \u00e0 l\u2019air libre. Ne pas nettoyer \u00e0 sec. Ne pas repasser.<\/span>\n<\/li>\n<\/ul>\n","protected":false},"excerpt":{"rendered":"<p>Collection Rive Droite Paris Le sac \u00e0 main Charlot XS est id\u00e9al en cette saison. Il\u00a0s\u2019habille d\u2019un coton recycl\u00e9 cir\u00e9 d\u00e9perlant pour passer entre les gouttes et permettre \u00e0 la pluie de glisser sur le tissu sans le p\u00e9n\u00e9trer. Il se porte aussi bien \u00e0 l&#8217;\u00e9paule, au bras ou \u00e0 la main pour une allure [&hellip;]<\/p>\n","protected":false},"featured_media":2924249,"comment_status":"open","ping_status":"closed","template":"","meta":[],"product_brand":[],"product_cat":[1756,1764],"product_tag":[2244,1811],"acf":[],"_links":{"self":[{"href":"https:\/\/streetmarkets.fr\/app\/wp-json\/wp\/v2\/product\/2924248"}],"collection":[{"href":"https:\/\/streetmarkets.fr\/app\/wp-json\/wp\/v2\/product"}],"about":[{"href":"https:\/\/streetmarkets.fr\/app\/wp-json\/wp\/v2\/types\/product"}],"replies":[{"embeddable":true,"href":"https:\/\/streetmarkets.fr\/app\/wp-json\/wp\/v2\/comments?post=2924248"}],"wp:featuredmedia":[{"embeddable":true,"href":"https:\/\/streetmarkets.fr\/app\/wp-json\/wp\/v2\/media\/2924249"}],"wp:attachment":[{"href":"https:\/\/streetmarkets.fr\/app\/wp-json\/wp\/v2\/media?parent=2924248"}],"wp:term":[{"taxonomy":"product_brand","embeddable":true,"href":"https:\/\/streetmarkets.fr\/app\/wp-json\/wp\/v2\/product_brand?post=2924248"},{"taxonomy":"product_cat","embeddable":true,"href":"https:\/\/streetmarkets.fr\/app\/wp-json\/wp\/v2\/product_cat?post=2924248"},{"taxonomy":"product_tag","embeddable":true,"href":"https:\/\/streetmarkets.fr\/app\/wp-json\/wp\/v2\/product_tag?post=2924248"}],"curies":[{"name":"wp","href":"https:\/\/api.w.org\/{rel}","templated":true}]}}