{"id":2924218,"date":"2025-10-29T00:27:24","date_gmt":"2025-10-28T23:27:24","guid":{"rendered":"https:\/\/streetmarkets.fr\/app\/produit\/sac-celestins-hiver-2025\/"},"modified":"2026-05-06T01:17:19","modified_gmt":"2026-05-05T23:17:19","slug":"sac-celestins-hiver-2025","status":"publish","type":"product","link":"https:\/\/streetmarkets.fr\/app\/produit\/sac-celestins-hiver-2025\/","title":{"rendered":"Sac C\u00e9lestins &#8211; Hiver 2025"},"content":{"rendered":"<p class=\"p1\"><a title=\"Collection Rive Droite Paris\" href=\"\/collections\/rive-droite-paris\"><strong>Collection Rive Droite Paris<\/strong><\/a><\/p>\n<p><span>C\u00e9lestins le sac 24h se r\u00e9invente d\u00e9perlant pour l&#8217;hiver dans un coton cir\u00e9 parfait pour d\u00e9fier les nombreux jours pluvieux qui nous attendent !<\/span><\/p>\n<p>Au quotidien, vous y glissez facilement une tenue de sport, vos affaires de boulot (ordinateur, cahier etc), et toutes vos affaires personnelles comme un porte monnaie, une trousse make-up.<\/p>\n<p>Pour un court week-end, embarquez 2 jeans, un pull, un sweat, un tee-shirt, une blouse, une paire de chaussures et votre trousse de toilette.<\/p>\n<p>Son petit plus : sa poche int\u00e9rieure zipp\u00e9e pour garder cl\u00e9s et t\u00e9l\u00e9phone \u00e0 port\u00e9e de main.<\/p>\n<p>Sa doublure int\u00e9rieure de la m\u00eame couleur est confectionn\u00e9e \u00e0 partir de surstock de l&#8217;industrie textile. Elle se ferme par un zip YKK\u00ae argent\u00e9.<\/p>\n<ul>\n<li style=\"list-style-type: none\">\n<ul>\n<li>\n<strong>Composition<\/strong><span>\u00a0<\/span>:<span> Coton recycl\u00e9 et cir\u00e9, d\u00e9perlant\u00a0&#8211; 70%\u00a0coton recycl\u00e9, 30% polyester recycl\u00e9<\/span>\n<\/li>\n<li>\n<span><strong>Emballage :\u00a0<\/strong><\/span>Ce produit est emball\u00e9 avec soin dans un pochon en coton r\u00e9utilisable avec un lien coulissant.<\/li>\n<li>\n<strong>Doublure<\/strong><span>\u00a0<\/span>:<span>\u00a0<\/span><span>100% polycoton upcycl\u00e9 issu de fins de stocks de tissus de l&#8217;industrie textile. La couleur de la doublure se rapproche de la couleur ext\u00e9rieure.<\/span>\n<\/li>\n<li>\n<strong>Dimensions<\/strong><span>\u00a0<\/span>: L42 x H33 x P20 cm<\/li>\n<li>\n<strong>Capacit\u00e9<\/strong> : 28 L\n<\/li>\n<li>\n<strong>Conseils d&#8217;entretien<\/strong><span>\u00a0<\/span><span>: Ne pas utiliser de machine \u00e0 laver mais nettoyer sa pi\u00e8ce avec un chiffon humide. Ne pas javelliser. Ne pas s\u00e9cher au s\u00e8che-linge mais \u00e0 l\u2019air libre. Ne pas nettoyer \u00e0 sec. Ne pas repasser.<\/span>\n<\/li>\n<\/ul>\n<\/li>\n<\/ul>\n","protected":false},"excerpt":{"rendered":"<p>Collection Rive Droite Paris C\u00e9lestins le sac 24h se r\u00e9invente d\u00e9perlant pour l&#8217;hiver dans un coton cir\u00e9 parfait pour d\u00e9fier les nombreux jours pluvieux qui nous attendent ! Au quotidien, vous y glissez facilement une tenue de sport, vos affaires de boulot (ordinateur, cahier etc), et toutes vos affaires personnelles comme un porte monnaie, une [&hellip;]<\/p>\n","protected":false},"featured_media":2924219,"comment_status":"open","ping_status":"closed","template":"","meta":[],"product_brand":[],"product_cat":[1756,1764],"product_tag":[2244,1811],"acf":[],"_links":{"self":[{"href":"https:\/\/streetmarkets.fr\/app\/wp-json\/wp\/v2\/product\/2924218"}],"collection":[{"href":"https:\/\/streetmarkets.fr\/app\/wp-json\/wp\/v2\/product"}],"about":[{"href":"https:\/\/streetmarkets.fr\/app\/wp-json\/wp\/v2\/types\/product"}],"replies":[{"embeddable":true,"href":"https:\/\/streetmarkets.fr\/app\/wp-json\/wp\/v2\/comments?post=2924218"}],"wp:featuredmedia":[{"embeddable":true,"href":"https:\/\/streetmarkets.fr\/app\/wp-json\/wp\/v2\/media\/2924219"}],"wp:attachment":[{"href":"https:\/\/streetmarkets.fr\/app\/wp-json\/wp\/v2\/media?parent=2924218"}],"wp:term":[{"taxonomy":"product_brand","embeddable":true,"href":"https:\/\/streetmarkets.fr\/app\/wp-json\/wp\/v2\/product_brand?post=2924218"},{"taxonomy":"product_cat","embeddable":true,"href":"https:\/\/streetmarkets.fr\/app\/wp-json\/wp\/v2\/product_cat?post=2924218"},{"taxonomy":"product_tag","embeddable":true,"href":"https:\/\/streetmarkets.fr\/app\/wp-json\/wp\/v2\/product_tag?post=2924218"}],"curies":[{"name":"wp","href":"https:\/\/api.w.org\/{rel}","templated":true}]}}