{"id":2924034,"date":"2025-10-28T07:43:27","date_gmt":"2025-10-28T06:43:27","guid":{"rendered":"https:\/\/streetmarkets.fr\/app\/produit\/broche-coeur-dore-macon-lesquoy\/"},"modified":"2026-05-08T08:39:04","modified_gmt":"2026-05-08T06:39:04","slug":"broche-coeur-dore-macon-lesquoy","status":"publish","type":"product","link":"https:\/\/streetmarkets.fr\/app\/produit\/broche-coeur-dore-macon-lesquoy\/","title":{"rendered":"Broche coeur dor\u00e9 &#8211; Macon &amp; Lesquoy"},"content":{"rendered":"<p><span>Broche coeur dor\u00e9 brod\u00e9 \u00e0 la main\u00a0<\/span><\/p>\n<p><span>Taille : environ 2,3x 2,7cm<\/span><\/p>\n<p><span>Dessin\u00e9es et brod\u00e9es \u00e0 la main avec soin en atelier au Pakistan,\u00a0<\/span><br \/><span>Porteuses de messages et d\u2019attention, elles savent s\u00e9duire en toutes occasions. D\u00e9cal\u00e9es, elles seront la touche d&#8217;originalit\u00e9 de votre tenue.\u00a0\u00a0<\/span><\/p>\n","protected":false},"excerpt":{"rendered":"<p>Broche coeur dor\u00e9 brod\u00e9 \u00e0 la main\u00a0 Taille : environ 2,3x 2,7cm Dessin\u00e9es et brod\u00e9es \u00e0 la main avec soin en atelier au Pakistan,\u00a0Porteuses de messages et d\u2019attention, elles savent s\u00e9duire en toutes occasions. D\u00e9cal\u00e9es, elles seront la touche d&#8217;originalit\u00e9 de votre tenue.\u00a0\u00a0<\/p>\n","protected":false},"featured_media":2924035,"comment_status":"open","ping_status":"closed","template":"","meta":[],"product_brand":[],"product_cat":[1807,1756],"product_tag":[2244],"acf":[],"_links":{"self":[{"href":"https:\/\/streetmarkets.fr\/app\/wp-json\/wp\/v2\/product\/2924034"}],"collection":[{"href":"https:\/\/streetmarkets.fr\/app\/wp-json\/wp\/v2\/product"}],"about":[{"href":"https:\/\/streetmarkets.fr\/app\/wp-json\/wp\/v2\/types\/product"}],"replies":[{"embeddable":true,"href":"https:\/\/streetmarkets.fr\/app\/wp-json\/wp\/v2\/comments?post=2924034"}],"wp:featuredmedia":[{"embeddable":true,"href":"https:\/\/streetmarkets.fr\/app\/wp-json\/wp\/v2\/media\/2924035"}],"wp:attachment":[{"href":"https:\/\/streetmarkets.fr\/app\/wp-json\/wp\/v2\/media?parent=2924034"}],"wp:term":[{"taxonomy":"product_brand","embeddable":true,"href":"https:\/\/streetmarkets.fr\/app\/wp-json\/wp\/v2\/product_brand?post=2924034"},{"taxonomy":"product_cat","embeddable":true,"href":"https:\/\/streetmarkets.fr\/app\/wp-json\/wp\/v2\/product_cat?post=2924034"},{"taxonomy":"product_tag","embeddable":true,"href":"https:\/\/streetmarkets.fr\/app\/wp-json\/wp\/v2\/product_tag?post=2924034"}],"curies":[{"name":"wp","href":"https:\/\/api.w.org\/{rel}","templated":true}]}}